{"id":27395,"date":"2021-09-28T14:58:32","date_gmt":"2021-09-28T12:58:32","guid":{"rendered":"https:\/\/www.declic-communication.fr\/ampagnes-emailings-et-newsletters\/"},"modified":"2022-01-11T15:19:36","modified_gmt":"2022-01-11T14:19:36","slug":"ampagnes-emailings-et-newsletters","status":"publish","type":"page","link":"https:\/\/www.declic-communication.fr\/de\/ampagnes-emailings-et-newsletters\/","title":{"rendered":"E-Mailing- und Newsletter-Kampagnen"},"content":{"rendered":"\t\t<div data-elementor-type=\"wp-page\" data-elementor-id=\"27395\" class=\"elementor elementor-27395\" data-elementor-post-type=\"page\">\n\t\t\t\t\t\t<section class=\"elementor-section elementor-top-section elementor-element elementor-element-ae5400d elementor-section-height-min-height elementor-hidden-mobile elementor-section-boxed elementor-section-height-default elementor-section-items-middle\" data-id=\"ae5400d\" data-element_type=\"section\" data-settings=\"{&quot;background_background&quot;:&quot;classic&quot;}\">\n\t\t\t\t\t\t<div class=\"elementor-container elementor-column-gap-default\">\n\t\t\t\t\t<div class=\"elementor-column elementor-col-50 elementor-top-column elementor-element elementor-element-76b96021\" data-id=\"76b96021\" data-element_type=\"column\">\n\t\t\t<div class=\"elementor-widget-wrap\">\n\t\t\t\t\t\t\t<\/div>\n\t\t<\/div>\n\t\t\t\t<div class=\"elementor-column elementor-col-50 elementor-top-column elementor-element elementor-element-15693ace\" data-id=\"15693ace\" data-element_type=\"column\">\n\t\t\t<div class=\"elementor-widget-wrap elementor-element-populated\">\n\t\t\t\t\t\t<div class=\"elementor-element elementor-element-28fa8d2d elementor-widget elementor-widget-heading\" data-id=\"28fa8d2d\" data-element_type=\"widget\" data-widget_type=\"heading.default\">\n\t\t\t\t<div class=\"elementor-widget-container\">\n\t\t\t\t\t<h1 class=\"elementor-heading-title elementor-size-default\">E-Mailing- und Newsletter-Kampagnen<\/h1>\t\t\t\t<\/div>\n\t\t\t\t<\/div>\n\t\t\t\t<div class=\"elementor-element elementor-element-51462292 elementor-widget elementor-widget-heading\" data-id=\"51462292\" data-element_type=\"widget\" data-widget_type=\"heading.default\">\n\t\t\t\t<div class=\"elementor-widget-container\">\n\t\t\t\t\t<h3 class=\"elementor-heading-title elementor-size-default\">Ein sicherer Wert, um Ihre Interessenten, Kunden oder Mitarbeiter zu erreichen!<\/h3>\t\t\t\t<\/div>\n\t\t\t\t<\/div>\n\t\t\t\t\t<\/div>\n\t\t<\/div>\n\t\t\t\t\t<\/div>\n\t\t<\/section>\n\t\t\t\t<section class=\"elementor-section elementor-top-section elementor-element elementor-element-3b8c5b6 elementor-section-height-min-height elementor-hidden-desktop elementor-hidden-tablet elementor-section-boxed elementor-section-height-default elementor-section-items-middle\" data-id=\"3b8c5b6\" data-element_type=\"section\" data-settings=\"{&quot;background_background&quot;:&quot;classic&quot;}\">\n\t\t\t\t\t\t\t<div class=\"elementor-background-overlay\"><\/div>\n\t\t\t\t\t\t\t<div class=\"elementor-container elementor-column-gap-default\">\n\t\t\t\t\t<div class=\"elementor-column elementor-col-100 elementor-top-column elementor-element elementor-element-37c09e4\" data-id=\"37c09e4\" data-element_type=\"column\">\n\t\t\t<div class=\"elementor-widget-wrap elementor-element-populated\">\n\t\t\t\t\t\t<div class=\"elementor-element elementor-element-ca82c3f elementor-widget elementor-widget-heading\" data-id=\"ca82c3f\" data-element_type=\"widget\" data-widget_type=\"heading.default\">\n\t\t\t\t<div class=\"elementor-widget-container\">\n\t\t\t\t\t<h1 class=\"elementor-heading-title elementor-size-default\">Campagnes E-mailing et Newsletters<\/h1>\t\t\t\t<\/div>\n\t\t\t\t<\/div>\n\t\t\t\t<div class=\"elementor-element elementor-element-b524963 elementor-widget elementor-widget-heading\" data-id=\"b524963\" data-element_type=\"widget\" data-widget_type=\"heading.default\">\n\t\t\t\t<div class=\"elementor-widget-container\">\n\t\t\t\t\t<h3 class=\"elementor-heading-title elementor-size-default\">Une valeur s\u00fbre pour toucher vos prospects, clients ou collaborateurs !<\/h3>\t\t\t\t<\/div>\n\t\t\t\t<\/div>\n\t\t\t\t\t<\/div>\n\t\t<\/div>\n\t\t\t\t\t<\/div>\n\t\t<\/section>\n\t\t\t\t<section class=\"elementor-section elementor-top-section elementor-element elementor-element-3018ddb4 elementor-reverse-mobile elementor-section-boxed elementor-section-height-default elementor-section-height-default\" data-id=\"3018ddb4\" data-element_type=\"section\">\n\t\t\t\t\t\t<div class=\"elementor-container elementor-column-gap-default\">\n\t\t\t\t\t<div class=\"elementor-column elementor-col-50 elementor-top-column elementor-element elementor-element-5bba3e21\" data-id=\"5bba3e21\" data-element_type=\"column\">\n\t\t\t<div class=\"elementor-widget-wrap elementor-element-populated\">\n\t\t\t\t\t\t<div class=\"elementor-element elementor-element-147e4f9b elementor-widget elementor-widget-heading\" data-id=\"147e4f9b\" data-element_type=\"widget\" data-widget_type=\"heading.default\">\n\t\t\t\t<div class=\"elementor-widget-container\">\n\t\t\t\t\t<h2 class=\"elementor-heading-title elementor-size-default\">Ein optimiertes Design<\/h2>\t\t\t\t<\/div>\n\t\t\t\t<\/div>\n\t\t\t\t<div class=\"elementor-element elementor-element-497571bb elementor-widget elementor-widget-heading\" data-id=\"497571bb\" data-element_type=\"widget\" data-widget_type=\"heading.default\">\n\t\t\t\t<div class=\"elementor-widget-container\">\n\t\t\t\t\t<h2 class=\"elementor-heading-title elementor-size-default\">da\u00df Ihren Anspr\u00fcchen entspricht<\/h2>\t\t\t\t<\/div>\n\t\t\t\t<\/div>\n\t\t\t\t<div class=\"elementor-element elementor-element-764cb4cf elementor-widget elementor-widget-spacer\" data-id=\"764cb4cf\" data-element_type=\"widget\" data-widget_type=\"spacer.default\">\n\t\t\t\t<div class=\"elementor-widget-container\">\n\t\t\t\t\t\t\t<div class=\"elementor-spacer\">\n\t\t\t<div class=\"elementor-spacer-inner\"><\/div>\n\t\t<\/div>\n\t\t\t\t\t\t<\/div>\n\t\t\t\t<\/div>\n\t\t\t\t<div class=\"elementor-element elementor-element-437d8ff6 justify elementor-widget elementor-widget-text-editor\" data-id=\"437d8ff6\" data-element_type=\"widget\" data-widget_type=\"text-editor.default\">\n\t\t\t\t<div class=\"elementor-widget-container\">\n\t\t\t\t\t\t\t\t\t<p>E-Mailing kann zur <strong>Neukundengewinnung<\/strong> eingesetzt werden, um Interessenten anzuziehen, oder zur <strong>Kundenbindung<\/strong> durch die Verwendung von Newslettern und E-Mailings an Ihren Kundenstamm.<\/p><p>E-Mailing-Kampagnen bleiben bei Ihren Kunden ein <strong>sicherer Wert<\/strong>. Trotz der Gesetzgebung erf\u00fcllt eine von Ihren Kunden oder Interessenten angeforderte E-Mail mit gro\u00dfer Wahrscheinlichkeit ihren Zweck.<\/p><p>Ob Gesch\u00e4ftsoperation oder Informations-Newsletter, <strong>ein professionell durchgef\u00fchrtes E-Mailing ist effektiv<\/strong>. Neben der Wirksamkeit erm\u00f6glicht die genaue Messung der \u00d6ffnungsraten seine Kampagnen pr\u00e4zise anzupassen.\u00a0<\/p><p>Wenn Sie D\u00e9clic Communication mit der Durchf\u00fchrung Ihrer E-Mailing-Kampagnen beauftragen, haben Sie die Garantie f\u00fcr eine <strong>optimierte Konzeption<\/strong>, die optimierte <strong>\u00d6ffnungs- und Umwandlungsraten<\/strong> erm\u00f6glicht.<\/p>\t\t\t\t\t\t\t\t<\/div>\n\t\t\t\t<\/div>\n\t\t\t\t<div class=\"elementor-element elementor-element-1d6f14a4 elementor-widget elementor-widget-button\" data-id=\"1d6f14a4\" data-element_type=\"widget\" data-widget_type=\"button.default\">\n\t\t\t\t<div class=\"elementor-widget-container\">\n\t\t\t\t\t\t\t\t\t<div class=\"elementor-button-wrapper\">\n\t\t\t\t\t<a class=\"elementor-button elementor-button-link elementor-size-sm\" href=\"https:\/\/www.declic-communication.fr\/contact\/\">\n\t\t\t\t\t\t<span class=\"elementor-button-content-wrapper\">\n\t\t\t\t\t\t\t\t\t<span class=\"elementor-button-text\">Kontaktieren Sie uns<\/span>\n\t\t\t\t\t<\/span>\n\t\t\t\t\t<\/a>\n\t\t\t\t<\/div>\n\t\t\t\t\t\t\t\t<\/div>\n\t\t\t\t<\/div>\n\t\t\t\t\t<\/div>\n\t\t<\/div>\n\t\t\t\t<div class=\"elementor-column elementor-col-50 elementor-top-column elementor-element elementor-element-91b9f46\" data-id=\"91b9f46\" data-element_type=\"column\">\n\t\t\t<div class=\"elementor-widget-wrap elementor-element-populated\">\n\t\t\t\t\t\t<div class=\"elementor-element elementor-element-43bad8e9 elementor-widget elementor-widget-image\" data-id=\"43bad8e9\" data-element_type=\"widget\" data-widget_type=\"image.default\">\n\t\t\t\t<div class=\"elementor-widget-container\">\n\t\t\t\t\t\t\t\t\t\t\t\t\t\t\t<img fetchpriority=\"high\" decoding=\"async\" width=\"800\" height=\"800\" src=\"https:\/\/www.declic-communication.fr\/wp-content\/uploads\/2021\/12\/emailing-newsletter.jpg\" class=\"attachment-large size-large wp-image-25773\" alt=\"cr\u00e9ation emailing et newsletter\" srcset=\"https:\/\/www.declic-communication.fr\/wp-content\/uploads\/2021\/12\/emailing-newsletter.jpg 800w, https:\/\/www.declic-communication.fr\/wp-content\/uploads\/2021\/12\/emailing-newsletter-300x300.jpg 300w, https:\/\/www.declic-communication.fr\/wp-content\/uploads\/2021\/12\/emailing-newsletter-150x150.jpg 150w, https:\/\/www.declic-communication.fr\/wp-content\/uploads\/2021\/12\/emailing-newsletter-768x768.jpg 768w\" sizes=\"(max-width: 800px) 100vw, 800px\" \/>\t\t\t\t\t\t\t\t\t\t\t\t\t\t\t<\/div>\n\t\t\t\t<\/div>\n\t\t\t\t\t<\/div>\n\t\t<\/div>\n\t\t\t\t\t<\/div>\n\t\t<\/section>\n\t\t\t\t<section class=\"elementor-section elementor-top-section elementor-element elementor-element-1de602c7 elementor-section-boxed elementor-section-height-default elementor-section-height-default\" data-id=\"1de602c7\" data-element_type=\"section\" data-settings=\"{&quot;background_background&quot;:&quot;classic&quot;}\">\n\t\t\t\t\t\t<div class=\"elementor-container elementor-column-gap-default\">\n\t\t\t\t\t<div class=\"elementor-column elementor-col-50 elementor-top-column elementor-element elementor-element-10211b3e\" data-id=\"10211b3e\" data-element_type=\"column\" data-settings=\"{&quot;background_background&quot;:&quot;classic&quot;}\">\n\t\t\t<div class=\"elementor-widget-wrap elementor-element-populated\">\n\t\t\t\t\t\t<div class=\"elementor-element elementor-element-354e2b89 elementor-view-stacked elementor-shape-circle elementor-position-top elementor-mobile-position-top elementor-widget elementor-widget-icon-box\" data-id=\"354e2b89\" data-element_type=\"widget\" data-widget_type=\"icon-box.default\">\n\t\t\t\t<div class=\"elementor-widget-container\">\n\t\t\t\t\t\t\t<div class=\"elementor-icon-box-wrapper\">\n\n\t\t\t\t\t\t<div class=\"elementor-icon-box-icon\">\n\t\t\t\t<span  class=\"elementor-icon\">\n\t\t\t\t<i aria-hidden=\"true\" class=\"icon icon-email\"><\/i>\t\t\t\t<\/span>\n\t\t\t<\/div>\n\t\t\t\n\t\t\t\t\t\t<div class=\"elementor-icon-box-content\">\n\n\t\t\t\t\t\t\t\t\t<h3 class=\"elementor-icon-box-title\">\n\t\t\t\t\t\t<span  >\n\t\t\t\t\t\t\t Punktuelle E-Mail-Kampagnen\t\t\t\t\t\t<\/span>\n\t\t\t\t\t<\/h3>\n\t\t\t\t\n\t\t\t\t\t\t\t\t\t<p class=\"elementor-icon-box-description\">\n\t\t\t\t\t\tSie m\u00f6chten \u00fcber Ihre Veranstaltung, Ihr neues Produkt oder Ihre neue Dienstleistung informieren, Ihren Interessenten, Mitarbeitern oder Kunden eine Nachricht zukommen lassen? ...\t\t\t\t\t<\/p>\n\t\t\t\t\n\t\t\t<\/div>\n\t\t\t\n\t\t<\/div>\n\t\t\t\t\t\t<\/div>\n\t\t\t\t<\/div>\n\t\t\t\t\t<\/div>\n\t\t<\/div>\n\t\t\t\t<div class=\"elementor-column elementor-col-50 elementor-top-column elementor-element elementor-element-db9ae46\" data-id=\"db9ae46\" data-element_type=\"column\">\n\t\t\t<div class=\"elementor-widget-wrap elementor-element-populated\">\n\t\t\t\t\t\t<div class=\"elementor-element elementor-element-61709024 elementor-widget elementor-widget-heading\" data-id=\"61709024\" data-element_type=\"widget\" data-widget_type=\"heading.default\">\n\t\t\t\t<div class=\"elementor-widget-container\">\n\t\t\t\t\t<h3 class=\"elementor-heading-title elementor-size-default\">Einzigartige und ma\u00dfgeschneiderte E-Mailings<\/h3>\t\t\t\t<\/div>\n\t\t\t\t<\/div>\n\t\t\t\t<div class=\"elementor-element elementor-element-35ac20ed justify elementor-widget elementor-widget-text-editor\" data-id=\"35ac20ed\" data-element_type=\"widget\" data-widget_type=\"text-editor.default\">\n\t\t\t\t<div class=\"elementor-widget-container\">\n\t\t\t\t\t\t\t\t\t<p><strong>Punktuelle E-Mailing-Kampagnen<\/strong> erm\u00f6glichen es, eine <strong>geeignete Nachricht gezielt und personalisiert zu versenden<\/strong>.<\/p><p><a href=\"https:\/\/www.declic-communication.com\/l_equipe\/\">Das Team von D\u00e9clic Communication<\/a> vereint seine Kompetenzen, um ein <strong>E-Mailing zu erstellen, das Ihren Anspr\u00fcchen entspricht<\/strong>. Unsere erfahrenen Designer entwerfen f\u00fcr Sie <strong>einzigartige und ma\u00dfgeschneiderte E-Mailings<\/strong>, die so optimiert sind, dass sie eine maximale Klickrate erzielen.<\/p><p><strong>Erarbeitung der Nachricht, Erstellung des Layouts, Integration und Verbreitung Ihres E-Mailings<\/strong> &#8211; unsere Experten f\u00fcr digitale Kommunikation erarbeiten Ihr Projekt vollst\u00e4ndig.<\/p>\t\t\t\t\t\t\t\t<\/div>\n\t\t\t\t<\/div>\n\t\t\t\t\t<\/div>\n\t\t<\/div>\n\t\t\t\t\t<\/div>\n\t\t<\/section>\n\t\t\t\t<section class=\"elementor-section elementor-top-section elementor-element elementor-element-65163d0f elementor-section-boxed elementor-section-height-default elementor-section-height-default\" data-id=\"65163d0f\" data-element_type=\"section\" data-settings=\"{&quot;background_background&quot;:&quot;classic&quot;}\">\n\t\t\t\t\t\t<div class=\"elementor-container elementor-column-gap-default\">\n\t\t\t\t\t<div class=\"elementor-column elementor-col-50 elementor-top-column elementor-element elementor-element-2c171f2b\" data-id=\"2c171f2b\" data-element_type=\"column\" data-settings=\"{&quot;background_background&quot;:&quot;classic&quot;}\">\n\t\t\t<div class=\"elementor-widget-wrap elementor-element-populated\">\n\t\t\t\t\t\t<div class=\"elementor-element elementor-element-1f781819 elementor-view-stacked elementor-shape-circle elementor-position-top elementor-mobile-position-top elementor-widget elementor-widget-icon-box\" data-id=\"1f781819\" data-element_type=\"widget\" data-widget_type=\"icon-box.default\">\n\t\t\t\t<div class=\"elementor-widget-container\">\n\t\t\t\t\t\t\t<div class=\"elementor-icon-box-wrapper\">\n\n\t\t\t\t\t\t<div class=\"elementor-icon-box-icon\">\n\t\t\t\t<span  class=\"elementor-icon\">\n\t\t\t\t<i aria-hidden=\"true\" class=\"icon icon-mail\"><\/i>\t\t\t\t<\/span>\n\t\t\t<\/div>\n\t\t\t\n\t\t\t\t\t\t<div class=\"elementor-icon-box-content\">\n\n\t\t\t\t\t\t\t\t\t<h3 class=\"elementor-icon-box-title\">\n\t\t\t\t\t\t<span  >\n\t\t\t\t\t\t\tRegelm\u00e4\u00dfige Newsletter\t\t\t\t\t\t<\/span>\n\t\t\t\t\t<\/h3>\n\t\t\t\t\n\t\t\t\t\t\t\t\t\t<p class=\"elementor-icon-box-description\">\n\t\t\t\t\t\tBleiben Sie in Kontakt mit Ihren Kunden, Mitarbeitern oder Partnern!\t\t\t\t\t<\/p>\n\t\t\t\t\n\t\t\t<\/div>\n\t\t\t\n\t\t<\/div>\n\t\t\t\t\t\t<\/div>\n\t\t\t\t<\/div>\n\t\t\t\t\t<\/div>\n\t\t<\/div>\n\t\t\t\t<div class=\"elementor-column elementor-col-50 elementor-top-column elementor-element elementor-element-70cc2dd0\" data-id=\"70cc2dd0\" data-element_type=\"column\">\n\t\t\t<div class=\"elementor-widget-wrap elementor-element-populated\">\n\t\t\t\t\t\t<div class=\"elementor-element elementor-element-212607fa elementor-widget elementor-widget-heading\" data-id=\"212607fa\" data-element_type=\"widget\" data-widget_type=\"heading.default\">\n\t\t\t\t<div class=\"elementor-widget-container\">\n\t\t\t\t\t<h3 class=\"elementor-heading-title elementor-size-default\">Ein st\u00e4ndiger und hochwertiger Newsletter.<\/h3>\t\t\t\t<\/div>\n\t\t\t\t<\/div>\n\t\t\t\t<div class=\"elementor-element elementor-element-505632ff justify elementor-widget elementor-widget-text-editor\" data-id=\"505632ff\" data-element_type=\"widget\" data-widget_type=\"text-editor.default\">\n\t\t\t\t<div class=\"elementor-widget-container\">\n\t\t\t\t\t\t\t\t\t<p>Unsere Experten f\u00fcr digitale Kommunikation legen gemeinsam mit Ihnen eine redaktionelle Linie f\u00fcr Ihre <strong>Newsletter<\/strong> fest. Sobald das\u00a0 <strong>Grafische\u00a0Layout festgelegt ist<\/strong>, <strong>erstellt<\/strong>, <strong>programmiert und verteilt<\/strong> das D\u00e9clic-Team Ihren Newsletter an Ihre Zielgruppe t\u00e4glich, w\u00f6chentlich oder monatlich&#8230; je nach der gew\u00e4hlten Periodizit\u00e4t.<\/p><p>Danach beginnt eine echte Zusammenarbeit, um einen st\u00e4tigen und hochwertigen Newsletter zu verbreiten.<\/p><p>Wir bieten Ihnen an, <strong>das Design, die Programmierung und den Versand Ihrer Newsletter an Ihre Kunden und Partner zu \u00fcbernehmen.<\/strong><\/p>\t\t\t\t\t\t\t\t<\/div>\n\t\t\t\t<\/div>\n\t\t\t\t\t<\/div>\n\t\t<\/div>\n\t\t\t\t\t<\/div>\n\t\t<\/section>\n\t\t\t\t<\/div>\n\t\t","protected":false},"excerpt":{"rendered":"<p>E-Mailing- und Newsletter-Kampagnen Ein sicherer Wert, um Ihre Interessenten, Kunden oder Mitarbeiter zu erreichen! Campagnes E-mailing et Newsletters Une valeur s\u00fbre pour toucher vos prospects, clients ou collaborateurs ! Ein optimiertes Design da\u00df Ihren Anspr\u00fcchen entspricht E-Mailing kann zur Neukundengewinnung eingesetzt werden, um Interessenten anzuziehen, oder zur Kundenbindung durch die Verwendung von Newslettern und E-Mailings [&hellip;]<\/p>\n","protected":false},"author":1,"featured_media":0,"parent":0,"menu_order":0,"comment_status":"closed","ping_status":"closed","template":"","meta":{"inline_featured_image":false,"footnotes":""},"class_list":["post-27395","page","type-page","status-publish","hentry"],"yoast_head":"<!-- This site is optimized with the Yoast SEO plugin v20.4 - https:\/\/yoast.com\/wordpress\/plugins\/seo\/ -->\n<title>E-Mailing- und Newsletter-Kampagnen - D\u00e9clic Communication<\/title>\n<meta name=\"robots\" content=\"index, follow, max-snippet:-1, max-image-preview:large, max-video-preview:-1\" \/>\n<link rel=\"canonical\" href=\"https:\/\/www.declic-communication.fr\/de\/ampagnes-emailings-et-newsletters\/\" \/>\n<meta property=\"og:locale\" content=\"de_DE\" \/>\n<meta property=\"og:type\" content=\"article\" \/>\n<meta property=\"og:title\" content=\"E-Mailing- und Newsletter-Kampagnen - D\u00e9clic Communication\" \/>\n<meta property=\"og:description\" content=\"E-Mailing- und Newsletter-Kampagnen Ein sicherer Wert, um Ihre Interessenten, Kunden oder Mitarbeiter zu erreichen! Campagnes E-mailing et Newsletters Une valeur s\u00fbre pour toucher vos prospects, clients ou collaborateurs ! Ein optimiertes Design da\u00df Ihren Anspr\u00fcchen entspricht E-Mailing kann zur Neukundengewinnung eingesetzt werden, um Interessenten anzuziehen, oder zur Kundenbindung durch die Verwendung von Newslettern und E-Mailings [&hellip;]\" \/>\n<meta property=\"og:url\" content=\"https:\/\/www.declic-communication.fr\/de\/ampagnes-emailings-et-newsletters\/\" \/>\n<meta property=\"og:site_name\" content=\"D\u00e9clic Communication\" \/>\n<meta property=\"article:modified_time\" content=\"2022-01-11T14:19:36+00:00\" \/>\n<meta property=\"og:image\" content=\"https:\/\/www.declic-communication.fr\/wp-content\/uploads\/2021\/12\/emailing-newsletter.jpg\" \/>\n<meta name=\"twitter:card\" content=\"summary_large_image\" \/>\n<meta name=\"twitter:label1\" content=\"Gesch\u00e4tzte Lesezeit\" \/>\n\t<meta name=\"twitter:data1\" content=\"2\u00a0Minuten\" \/>\n<script type=\"application\/ld+json\" class=\"yoast-schema-graph\">{\"@context\":\"https:\/\/schema.org\",\"@graph\":[{\"@type\":\"WebPage\",\"@id\":\"https:\/\/www.declic-communication.fr\/de\/ampagnes-emailings-et-newsletters\/\",\"url\":\"https:\/\/www.declic-communication.fr\/de\/ampagnes-emailings-et-newsletters\/\",\"name\":\"E-Mailing- und Newsletter-Kampagnen - D\u00e9clic Communication\",\"isPartOf\":{\"@id\":\"https:\/\/www.declic-communication.fr\/de\/#website\"},\"datePublished\":\"2021-09-28T12:58:32+00:00\",\"dateModified\":\"2022-01-11T14:19:36+00:00\",\"breadcrumb\":{\"@id\":\"https:\/\/www.declic-communication.fr\/de\/ampagnes-emailings-et-newsletters\/#breadcrumb\"},\"inLanguage\":\"de\",\"potentialAction\":[{\"@type\":\"ReadAction\",\"target\":[\"https:\/\/www.declic-communication.fr\/de\/ampagnes-emailings-et-newsletters\/\"]}]},{\"@type\":\"BreadcrumbList\",\"@id\":\"https:\/\/www.declic-communication.fr\/de\/ampagnes-emailings-et-newsletters\/#breadcrumb\",\"itemListElement\":[{\"@type\":\"ListItem\",\"position\":1,\"name\":\"Accueil\",\"item\":\"https:\/\/www.declic-communication.fr\/de\/?page_id=37042\"},{\"@type\":\"ListItem\",\"position\":2,\"name\":\"E-Mailing- und Newsletter-Kampagnen\"}]},{\"@type\":\"WebSite\",\"@id\":\"https:\/\/www.declic-communication.fr\/de\/#website\",\"url\":\"https:\/\/www.declic-communication.fr\/de\/\",\"name\":\"D\u00e9clic Communication\",\"description\":\"Agence conseil en communication et publicit\u00e9 \u00e0 Saint-Avold en Moselle\",\"publisher\":{\"@id\":\"https:\/\/www.declic-communication.fr\/de\/#organization\"},\"potentialAction\":[{\"@type\":\"SearchAction\",\"target\":{\"@type\":\"EntryPoint\",\"urlTemplate\":\"https:\/\/www.declic-communication.fr\/de\/?s={search_term_string}\"},\"query-input\":\"required name=search_term_string\"}],\"inLanguage\":\"de\"},{\"@type\":\"Organization\",\"@id\":\"https:\/\/www.declic-communication.fr\/de\/#organization\",\"name\":\"D\u00e9clic Communication\",\"url\":\"https:\/\/www.declic-communication.fr\/de\/\",\"logo\":{\"@type\":\"ImageObject\",\"inLanguage\":\"de\",\"@id\":\"https:\/\/www.declic-communication.fr\/de\/#\/schema\/logo\/image\/\",\"url\":\"https:\/\/www.declic-communication.fr\/wp-content\/uploads\/2023\/10\/logo-declic-communication.svg\",\"contentUrl\":\"https:\/\/www.declic-communication.fr\/wp-content\/uploads\/2023\/10\/logo-declic-communication.svg\",\"width\":600,\"height\":250,\"caption\":\"D\u00e9clic Communication\"},\"image\":{\"@id\":\"https:\/\/www.declic-communication.fr\/de\/#\/schema\/logo\/image\/\"}}]}<\/script>\n<!-- \/ Yoast SEO plugin. -->","yoast_head_json":{"title":"E-Mailing- und Newsletter-Kampagnen - D\u00e9clic Communication","robots":{"index":"index","follow":"follow","max-snippet":"max-snippet:-1","max-image-preview":"max-image-preview:large","max-video-preview":"max-video-preview:-1"},"canonical":"https:\/\/www.declic-communication.fr\/de\/ampagnes-emailings-et-newsletters\/","og_locale":"de_DE","og_type":"article","og_title":"E-Mailing- und Newsletter-Kampagnen - D\u00e9clic Communication","og_description":"E-Mailing- und Newsletter-Kampagnen Ein sicherer Wert, um Ihre Interessenten, Kunden oder Mitarbeiter zu erreichen! Campagnes E-mailing et Newsletters Une valeur s\u00fbre pour toucher vos prospects, clients ou collaborateurs ! Ein optimiertes Design da\u00df Ihren Anspr\u00fcchen entspricht E-Mailing kann zur Neukundengewinnung eingesetzt werden, um Interessenten anzuziehen, oder zur Kundenbindung durch die Verwendung von Newslettern und E-Mailings [&hellip;]","og_url":"https:\/\/www.declic-communication.fr\/de\/ampagnes-emailings-et-newsletters\/","og_site_name":"D\u00e9clic Communication","article_modified_time":"2022-01-11T14:19:36+00:00","og_image":[{"url":"https:\/\/www.declic-communication.fr\/wp-content\/uploads\/2021\/12\/emailing-newsletter.jpg"}],"twitter_card":"summary_large_image","twitter_misc":{"Gesch\u00e4tzte Lesezeit":"2\u00a0Minuten"},"schema":{"@context":"https:\/\/schema.org","@graph":[{"@type":"WebPage","@id":"https:\/\/www.declic-communication.fr\/de\/ampagnes-emailings-et-newsletters\/","url":"https:\/\/www.declic-communication.fr\/de\/ampagnes-emailings-et-newsletters\/","name":"E-Mailing- und Newsletter-Kampagnen - D\u00e9clic Communication","isPartOf":{"@id":"https:\/\/www.declic-communication.fr\/de\/#website"},"datePublished":"2021-09-28T12:58:32+00:00","dateModified":"2022-01-11T14:19:36+00:00","breadcrumb":{"@id":"https:\/\/www.declic-communication.fr\/de\/ampagnes-emailings-et-newsletters\/#breadcrumb"},"inLanguage":"de","potentialAction":[{"@type":"ReadAction","target":["https:\/\/www.declic-communication.fr\/de\/ampagnes-emailings-et-newsletters\/"]}]},{"@type":"BreadcrumbList","@id":"https:\/\/www.declic-communication.fr\/de\/ampagnes-emailings-et-newsletters\/#breadcrumb","itemListElement":[{"@type":"ListItem","position":1,"name":"Accueil","item":"https:\/\/www.declic-communication.fr\/de\/?page_id=37042"},{"@type":"ListItem","position":2,"name":"E-Mailing- und Newsletter-Kampagnen"}]},{"@type":"WebSite","@id":"https:\/\/www.declic-communication.fr\/de\/#website","url":"https:\/\/www.declic-communication.fr\/de\/","name":"D\u00e9clic Communication","description":"Agence conseil en communication et publicit\u00e9 \u00e0 Saint-Avold en Moselle","publisher":{"@id":"https:\/\/www.declic-communication.fr\/de\/#organization"},"potentialAction":[{"@type":"SearchAction","target":{"@type":"EntryPoint","urlTemplate":"https:\/\/www.declic-communication.fr\/de\/?s={search_term_string}"},"query-input":"required name=search_term_string"}],"inLanguage":"de"},{"@type":"Organization","@id":"https:\/\/www.declic-communication.fr\/de\/#organization","name":"D\u00e9clic Communication","url":"https:\/\/www.declic-communication.fr\/de\/","logo":{"@type":"ImageObject","inLanguage":"de","@id":"https:\/\/www.declic-communication.fr\/de\/#\/schema\/logo\/image\/","url":"https:\/\/www.declic-communication.fr\/wp-content\/uploads\/2023\/10\/logo-declic-communication.svg","contentUrl":"https:\/\/www.declic-communication.fr\/wp-content\/uploads\/2023\/10\/logo-declic-communication.svg","width":600,"height":250,"caption":"D\u00e9clic Communication"},"image":{"@id":"https:\/\/www.declic-communication.fr\/de\/#\/schema\/logo\/image\/"}}]}},"_links":{"self":[{"href":"https:\/\/www.declic-communication.fr\/de\/wp-json\/wp\/v2\/pages\/27395","targetHints":{"allow":["GET"]}}],"collection":[{"href":"https:\/\/www.declic-communication.fr\/de\/wp-json\/wp\/v2\/pages"}],"about":[{"href":"https:\/\/www.declic-communication.fr\/de\/wp-json\/wp\/v2\/types\/page"}],"author":[{"embeddable":true,"href":"https:\/\/www.declic-communication.fr\/de\/wp-json\/wp\/v2\/users\/1"}],"replies":[{"embeddable":true,"href":"https:\/\/www.declic-communication.fr\/de\/wp-json\/wp\/v2\/comments?post=27395"}],"version-history":[{"count":0,"href":"https:\/\/www.declic-communication.fr\/de\/wp-json\/wp\/v2\/pages\/27395\/revisions"}],"wp:attachment":[{"href":"https:\/\/www.declic-communication.fr\/de\/wp-json\/wp\/v2\/media?parent=27395"}],"curies":[{"name":"wp","href":"https:\/\/api.w.org\/{rel}","templated":true}]}}