{"id":27443,"date":"2021-09-24T16:24:04","date_gmt":"2021-09-24T14:24:04","guid":{"rendered":"https:\/\/www.declic-communication.fr\/recrutement-demande-de-stage\/"},"modified":"2022-01-07T10:06:23","modified_gmt":"2022-01-07T09:06:23","slug":"recrutement-demande-de-stage","status":"publish","type":"page","link":"https:\/\/www.declic-communication.fr\/de\/recrutement-demande-de-stage\/","title":{"rendered":"Recrutement \/ Demande de stage"},"content":{"rendered":"\t\t<div data-elementor-type=\"wp-page\" data-elementor-id=\"27443\" class=\"elementor elementor-27443\" data-elementor-post-type=\"page\">\n\t\t\t\t\t\t<section class=\"elementor-section elementor-top-section elementor-element elementor-element-9d42521 elementor-section-boxed elementor-section-height-default elementor-section-height-default\" data-id=\"9d42521\" data-element_type=\"section\">\n\t\t\t\t\t\t<div class=\"elementor-container elementor-column-gap-default\">\n\t\t\t\t\t<div class=\"elementor-column elementor-col-100 elementor-top-column elementor-element elementor-element-74e02d5\" data-id=\"74e02d5\" data-element_type=\"column\">\n\t\t\t<div class=\"elementor-widget-wrap elementor-element-populated\">\n\t\t\t\t\t\t<div class=\"elementor-element elementor-element-5f68641 elementor-widget elementor-widget-heading\" data-id=\"5f68641\" data-element_type=\"widget\" data-widget_type=\"heading.default\">\n\t\t\t\t<div class=\"elementor-widget-container\">\n\t\t\t\t\t<h2 class=\"elementor-heading-title elementor-size-default\">Sich D\u00e9clic anschlie\u00dfen heisst :<\/h2>\t\t\t\t<\/div>\n\t\t\t\t<\/div>\n\t\t\t\t<div class=\"elementor-element elementor-element-c4fd381 elementor-widget elementor-widget-spacer\" data-id=\"c4fd381\" data-element_type=\"widget\" data-widget_type=\"spacer.default\">\n\t\t\t\t<div class=\"elementor-widget-container\">\n\t\t\t\t\t\t\t<div class=\"elementor-spacer\">\n\t\t\t<div class=\"elementor-spacer-inner\"><\/div>\n\t\t<\/div>\n\t\t\t\t\t\t<\/div>\n\t\t\t\t<\/div>\n\t\t\t\t\t<\/div>\n\t\t<\/div>\n\t\t\t\t\t<\/div>\n\t\t<\/section>\n\t\t\t\t<section class=\"elementor-section elementor-top-section elementor-element elementor-element-4d47f1b elementor-section-boxed elementor-section-height-default elementor-section-height-default\" data-id=\"4d47f1b\" data-element_type=\"section\">\n\t\t\t\t\t\t<div class=\"elementor-container elementor-column-gap-default\">\n\t\t\t\t\t<div class=\"elementor-column elementor-col-100 elementor-top-column elementor-element elementor-element-cfcc222\" data-id=\"cfcc222\" data-element_type=\"column\">\n\t\t\t<div class=\"elementor-widget-wrap elementor-element-populated\">\n\t\t\t\t\t\t<div class=\"elementor-element elementor-element-ec7c5a7 elementor-widget elementor-widget-text-editor\" data-id=\"ec7c5a7\" data-element_type=\"widget\" data-widget_type=\"text-editor.default\">\n\t\t\t\t<div class=\"elementor-widget-container\">\n\t\t\t\t\t\t\t\t\t<ul><li>Sich einem anspruchsvollem Team anschliessen versammelt durch freundliche und strarke Werte<\/li><li>Ambitionen teilen durch anerkanntes Know-How und Leistungen<\/li><li>Vorteil an einer strukturierten und offenen Organisation haben.<\/li><\/ul>\t\t\t\t\t\t\t\t<\/div>\n\t\t\t\t<\/div>\n\t\t\t\t<div class=\"elementor-element elementor-element-b4589d2 elementor-widget elementor-widget-text-editor\" data-id=\"b4589d2\" data-element_type=\"widget\" data-widget_type=\"text-editor.default\">\n\t\t\t\t<div class=\"elementor-widget-container\">\n\t\t\t\t\t\t\t\t\t<p>Stets auf der Suche neuer Talente und externer Kompetenzen, erm\u00f6glichen wir Ihnen sich hier zu bewerben, f\u00fcr einen Job oder ein Praktikum indem Sie das untenstehende Formular ausf\u00fcllen.<\/p><p>Entweder Praktikant, Junior oder Erfahren, z\u00f6gern Sie nicht uns Ihre Spontanbewergung zu hinterlassen und f\u00fcllen Sie das untenstehende Formular so komplett wie m\u00f6glich aus.<\/p>\t\t\t\t\t\t\t\t<\/div>\n\t\t\t\t<\/div>\n\t\t\t\t\t<\/div>\n\t\t<\/div>\n\t\t\t\t\t<\/div>\n\t\t<\/section>\n\t\t\t\t<section class=\"elementor-section elementor-top-section elementor-element elementor-element-54371cf elementor-section-boxed elementor-section-height-default elementor-section-height-default\" data-id=\"54371cf\" data-element_type=\"section\" data-settings=\"{&quot;background_background&quot;:&quot;classic&quot;}\">\n\t\t\t\t\t\t<div class=\"elementor-container elementor-column-gap-default\">\n\t\t\t\t\t<div class=\"elementor-column elementor-col-33 elementor-top-column elementor-element elementor-element-8692616\" data-id=\"8692616\" data-element_type=\"column\">\n\t\t\t<div class=\"elementor-widget-wrap elementor-element-populated\">\n\t\t\t\t\t\t<div class=\"elementor-element elementor-element-1cb8c5b elementor-widget elementor-widget-heading\" data-id=\"1cb8c5b\" data-element_type=\"widget\" data-widget_type=\"heading.default\">\n\t\t\t\t<div class=\"elementor-widget-container\">\n\t\t\t\t\t<h3 class=\"elementor-heading-title elementor-size-default\">Anschrift :<\/h3>\t\t\t\t<\/div>\n\t\t\t\t<\/div>\n\t\t\t\t<div class=\"elementor-element elementor-element-8ee6187 elementor-widget-divider--view-line elementor-widget elementor-widget-divider\" data-id=\"8ee6187\" data-element_type=\"widget\" data-widget_type=\"divider.default\">\n\t\t\t\t<div class=\"elementor-widget-container\">\n\t\t\t\t\t\t\t<div class=\"elementor-divider\">\n\t\t\t<span class=\"elementor-divider-separator\">\n\t\t\t\t\t\t<\/span>\n\t\t<\/div>\n\t\t\t\t\t\t<\/div>\n\t\t\t\t<\/div>\n\t\t\t\t<div class=\"elementor-element elementor-element-8642ce4 elementor-widget elementor-widget-text-editor\" data-id=\"8642ce4\" data-element_type=\"widget\" data-widget_type=\"text-editor.default\">\n\t\t\t\t<div class=\"elementor-widget-container\">\n\t\t\t\t\t\t\t\t\t<p><strong>D\u00e9clic Communication<\/strong><br \/>2 avenue des Alli\u00e9s<br \/>BP 40312<br \/>57508 SAINT-AVOLD<\/p><p><strong>T\u00e9l. : <\/strong>+33 (0)3 87 92 81 00<br \/><strong>Fax : <\/strong>+33 (0)3 87 92 86 10<\/p>\t\t\t\t\t\t\t\t<\/div>\n\t\t\t\t<\/div>\n\t\t\t\t\t<\/div>\n\t\t<\/div>\n\t\t\t\t<div class=\"elementor-column elementor-col-66 elementor-top-column elementor-element elementor-element-b2130b4\" data-id=\"b2130b4\" data-element_type=\"column\">\n\t\t\t<div class=\"elementor-widget-wrap elementor-element-populated\">\n\t\t\t\t\t\t<div class=\"elementor-element elementor-element-d969c83 elementor-widget elementor-widget-heading\" data-id=\"d969c83\" data-element_type=\"widget\" data-widget_type=\"heading.default\">\n\t\t\t\t<div class=\"elementor-widget-container\">\n\t\t\t\t\t<h3 class=\"elementor-heading-title elementor-size-default\">Job oder Praktikumsanfrage :<\/h3>\t\t\t\t<\/div>\n\t\t\t\t<\/div>\n\t\t\t\t<div class=\"elementor-element elementor-element-52c63da elementor-widget-divider--view-line elementor-widget elementor-widget-divider\" data-id=\"52c63da\" data-element_type=\"widget\" data-widget_type=\"divider.default\">\n\t\t\t\t<div class=\"elementor-widget-container\">\n\t\t\t\t\t\t\t<div class=\"elementor-divider\">\n\t\t\t<span class=\"elementor-divider-separator\">\n\t\t\t\t\t\t<\/span>\n\t\t<\/div>\n\t\t\t\t\t\t<\/div>\n\t\t\t\t<\/div>\n\t\t\t\t<div class=\"elementor-element elementor-element-eda3c73 elementor-widget elementor-widget-elementskit-contact-form7\" data-id=\"eda3c73\" data-element_type=\"widget\" data-widget_type=\"elementskit-contact-form7.default\">\n\t\t\t\t<div class=\"elementor-widget-container\">\n\t\t\t\t\t<div class=\"ekit-wid-con\" ><div class=\"ekit-form\">\n<div class=\"wpcf7 no-js\" id=\"wpcf7-f18596-p27443-o1\" lang=\"fr-FR\" dir=\"ltr\">\n<div class=\"screen-reader-response\"><p role=\"status\" aria-live=\"polite\" aria-atomic=\"true\"><\/p> <ul><\/ul><\/div>\n<form action=\"\/de\/recrutement-demande-de-stage\/#wpcf7-f18596-p27443-o1\" method=\"post\" class=\"wpcf7-form init\" aria-label=\"Formulaire de contact\" enctype=\"multipart\/form-data\" novalidate=\"novalidate\" data-status=\"init\">\n<div style=\"display: none;\">\n<input type=\"hidden\" name=\"_wpcf7\" value=\"18596\" \/>\n<input type=\"hidden\" name=\"_wpcf7_version\" value=\"5.7.5.1\" \/>\n<input type=\"hidden\" name=\"_wpcf7_locale\" value=\"fr_FR\" \/>\n<input type=\"hidden\" name=\"_wpcf7_unit_tag\" value=\"wpcf7-f18596-p27443-o1\" \/>\n<input type=\"hidden\" name=\"_wpcf7_container_post\" value=\"27443\" \/>\n<input type=\"hidden\" name=\"_wpcf7_posted_data_hash\" value=\"\" \/>\n<input type=\"hidden\" name=\"_wpcf7cf_hidden_group_fields\" value=\"[]\" \/>\n<input type=\"hidden\" name=\"_wpcf7cf_hidden_groups\" value=\"[]\" \/>\n<input type=\"hidden\" name=\"_wpcf7cf_visible_groups\" value=\"[]\" \/>\n<input type=\"hidden\" name=\"_wpcf7cf_repeaters\" value=\"[]\" \/>\n<input type=\"hidden\" name=\"_wpcf7cf_steps\" value=\"{}\" \/>\n<input type=\"hidden\" name=\"_wpcf7cf_options\" value=\"{&quot;form_id&quot;:18596,&quot;conditions&quot;:[{&quot;then_field&quot;:&quot;group-stage&quot;,&quot;and_rules&quot;:[{&quot;if_field&quot;:&quot;ctype-demande&quot;,&quot;operator&quot;:&quot;equals&quot;,&quot;if_value&quot;:&quot;Praktikumsanfrage&quot;}]},{&quot;then_field&quot;:&quot;group-emploi&quot;,&quot;and_rules&quot;:[{&quot;if_field&quot;:&quot;ctype-demande&quot;,&quot;operator&quot;:&quot;equals&quot;,&quot;if_value&quot;:&quot;Job Anfrage&quot;}]}],&quot;settings&quot;:{&quot;animation&quot;:&quot;yes&quot;,&quot;animation_intime&quot;:200,&quot;animation_outtime&quot;:200,&quot;conditions_ui&quot;:&quot;normal&quot;,&quot;notice_dismissed&quot;:false,&quot;notice_dismissed_rollback-cf7-5.4.2&quot;:true,&quot;notice_dismissed_rollback-cf7-5.6.4&quot;:true,&quot;notice_dismissed_update-cf7-5.9.8&quot;:true}}\" \/>\n<input type=\"hidden\" name=\"_wpcf7_recaptcha_response\" value=\"\" \/>\n<\/div>\n<div id=\"responsive-form\" class=\"clearfix\">\n\t<div class=\"form-row\">\n\t\t<div class=\"column-full\">\n\t\t\t<p>Betreff der Anfrage* : <span class=\"wpcf7-form-control-wrap\" data-name=\"ctype-demande\"><span class=\"wpcf7-form-control wpcf7-checkbox wpcf7-validates-as-required wpcf7-exclusive-checkbox\"><span class=\"wpcf7-list-item first\"><label><input type=\"checkbox\" name=\"ctype-demande\" value=\"Praktikumsanfrage\" \/><span class=\"wpcf7-list-item-label\">Praktikumsanfrage<\/span><\/label><\/span><span class=\"wpcf7-list-item last\"><label><input type=\"checkbox\" name=\"ctype-demande\" value=\"Job Anfrage\" \/><span class=\"wpcf7-list-item-label\">Job Anfrage<\/span><\/label><\/span><\/span><\/span>\n\t\t\t<\/p>\n\t\t<\/div>\n\t<\/div>\n\t<div data-id=\"group-stage\" data-orig_data_id=\"group-stage\"  data-class=\"wpcf7cf_group\">\n\t\t<div class=\"form-row\">\n\t\t\t<div class=\"column-full\">\n\t\t\t\t<p>Thema des Praktikums <span class=\"wpcf7-form-control-wrap\" data-name=\"themestage\"><input size=\"40\" class=\"wpcf7-form-control wpcf7-text\" aria-invalid=\"false\" value=\"\" type=\"text\" name=\"themestage\" \/><\/span>\n\t\t\t\t<\/p>\n\t\t\t<\/div>\n\t\t<\/div>\n\t\t<div class=\"form-row\">\n\t\t\t<div class=\"column-half\">\n\t\t\t\t<p>Vom <span class=\"wpcf7-form-control-wrap\" data-name=\"periodedu\"><input size=\"40\" class=\"wpcf7-form-control wpcf7-text\" aria-invalid=\"false\" value=\"\" type=\"text\" name=\"periodedu\" \/><\/span>\n\t\t\t\t<\/p>\n\t\t\t<\/div>\n\t\t\t<div class=\"column-half\">\n\t\t\t\t<p>bis <span class=\"wpcf7-form-control-wrap\" data-name=\"periodeau\"><input size=\"40\" class=\"wpcf7-form-control wpcf7-text\" aria-invalid=\"false\" value=\"\" type=\"text\" name=\"periodeau\" \/><\/span>\n\t\t\t\t<\/p>\n\t\t\t<\/div>\n\t\t<\/div>\n\t<\/div>\n\t<div data-id=\"group-emploi\" data-orig_data_id=\"group-emploi\"  data-class=\"wpcf7cf_group\">\n\t\t<div class=\"form-row\">\n\t\t\t<div class=\"column-full\">\n\t\t\t\t<p>Funktion <span class=\"wpcf7-form-control-wrap\" data-name=\"la-fonction\"><select class=\"wpcf7-form-control wpcf7-select\" aria-invalid=\"false\" name=\"la-fonction\"><option value=\"\">&#8212;Veuillez choisir une option&#8212;<\/option><option value=\"Assistant chef de pub\">Assistant chef de pub<\/option><option value=\"Chef de pub confirm\u00e9\">Chef de pub confirm\u00e9<\/option><option value=\"Concepteur\/r\u00e9dacteur\">Concepteur\/r\u00e9dacteur<\/option><option value=\"D\u00e9veloppeur T.I.C.\">D\u00e9veloppeur T.I.C.<\/option><option value=\"Graphiste cr\u00e9atif\">Graphiste cr\u00e9atif<\/option><option value=\"Graphiste executant\">Graphiste executant<\/option><option value=\"Autre\">Autre<\/option><\/select><\/span>\n\t\t\t\t<\/p>\n\t\t\t<\/div>\n\t\t<\/div>\n\t<\/div>\n\t<div class=\"form-row\">\n\t\t<div class=\"column-half\">\n\t\t\t<p>Vorname * :<span class=\"wpcf7-form-control-wrap\" data-name=\"sonprenom\"><input size=\"40\" class=\"wpcf7-form-control wpcf7-text wpcf7-validates-as-required\" aria-required=\"true\" aria-invalid=\"false\" value=\"\" type=\"text\" name=\"sonprenom\" \/><\/span>\n\t\t\t<\/p>\n\t\t<\/div>\n\t\t<div class=\"column-half\">\n\t\t\t<p>Name * :<span class=\"wpcf7-form-control-wrap\" data-name=\"sonnom\"><input size=\"40\" class=\"wpcf7-form-control wpcf7-text wpcf7-validates-as-required\" aria-required=\"true\" aria-invalid=\"false\" value=\"\" type=\"text\" name=\"sonnom\" \/><\/span>\n\t\t\t<\/p>\n\t\t<\/div>\n\t<\/div>\n\t<div class=\"form-row\">\n\t\t<div class=\"column-full\">\n\t\t\t<p>Anschrift :<span class=\"wpcf7-form-control-wrap\" data-name=\"sonadresse\"><input size=\"40\" class=\"wpcf7-form-control wpcf7-text\" aria-invalid=\"false\" value=\"\" type=\"text\" name=\"sonadresse\" \/><\/span>\n\t\t\t<\/p>\n\t\t<\/div>\n\t<\/div>\n\t<div class=\"form-row\">\n\t\t<div class=\"column-half\">\n\t\t\t<p>PLZ * :<span class=\"wpcf7-form-control-wrap\" data-name=\"soncodepostal\"><input size=\"40\" class=\"wpcf7-form-control wpcf7-text wpcf7-validates-as-required\" aria-required=\"true\" aria-invalid=\"false\" value=\"\" type=\"text\" name=\"soncodepostal\" \/><\/span>\n\t\t\t<\/p>\n\t\t<\/div>\n\t\t<div class=\"column-half\">\n\t\t\t<p>Stadt * :<span class=\"wpcf7-form-control-wrap\" data-name=\"saville\"><input size=\"40\" class=\"wpcf7-form-control wpcf7-text wpcf7-validates-as-required\" aria-required=\"true\" aria-invalid=\"false\" value=\"\" type=\"text\" name=\"saville\" \/><\/span>\n\t\t\t<\/p>\n\t\t<\/div>\n\t<\/div>\n\t<div class=\"form-row\">\n\t\t<div class=\"column-half\">\n\t\t\t<p>Email * :<span class=\"wpcf7-form-control-wrap\" data-name=\"sonemail\"><input size=\"40\" class=\"wpcf7-form-control wpcf7-text wpcf7-email wpcf7-validates-as-required wpcf7-validates-as-email\" aria-required=\"true\" aria-invalid=\"false\" value=\"\" type=\"email\" name=\"sonemail\" \/><\/span>\n\t\t\t<\/p>\n\t\t<\/div>\n\t\t<div class=\"column-half\">\n\t\t\t<p>Telefon : <span class=\"wpcf7-form-control-wrap\" data-name=\"sonphone\"><input size=\"40\" class=\"wpcf7-form-control wpcf7-text\" aria-invalid=\"false\" value=\"\" type=\"text\" name=\"sonphone\" \/><\/span>\n\t\t\t<\/p>\n\t\t<\/div>\n\t<\/div>\n\t<div class=\"form-row\">\n\t\t<div class=\"column-third\">\n\t\t\t<p>Ihren Lebenslauf speichern :\n\t\t\t<\/p>\n\t\t<\/div>\n\t\t<div class=\"column-sixth\">\n\t\t\t<p><span class=\"wpcf7-form-control-wrap\" data-name=\"son-cv\"><input size=\"40\" class=\"wpcf7-form-control wpcf7-file\" accept=\".pdf,.jpg,.jpeg\" aria-invalid=\"false\" type=\"file\" name=\"son-cv\" \/><\/span><span style=\"font-size:0.8em;\"><i>(PDF oder JPEG Datei von 2 Mo maxi)<\/i><\/span>\n\t\t\t<\/p>\n\t\t<\/div>\n\t<\/div>\n\t<div class=\"form-row\">\n\t\t<div class=\"column-third\">\n\t\t\t<p>Speichern Sie Ihre Bewerbungsschreiben :\n\t\t\t<\/p>\n\t\t<\/div>\n\t\t<div class=\"column-sixth\">\n\t\t\t<p><span class=\"wpcf7-form-control-wrap\" data-name=\"sa-lettre\"><input size=\"40\" class=\"wpcf7-form-control wpcf7-file\" accept=\".pdf,.jpg,.jpeg\" aria-invalid=\"false\" type=\"file\" name=\"sa-lettre\" \/><\/span>\n\t\t\t<\/p>\n\t\t<\/div>\n\t<\/div>\n\t<div class=\"form-row\">\n\t\t<div class=\"column-full\">\n\t\t\t<p>Bemerkung <span class=\"wpcf7-form-control-wrap\" data-name=\"sonmessage\"><textarea cols=\"40\" rows=\"10\" class=\"wpcf7-form-control wpcf7-textarea\" aria-invalid=\"false\" name=\"sonmessage\"><\/textarea><\/span>\n\t\t\t<\/p>\n\t\t<\/div>\n\t<\/div>\n\t<div class=\"form-row\">\n\t\t<div class=\"column-half\">\n\t\t\n\t\t<\/div>\n\t\t<div class=\"column-half\">\n\t\t\t<p><input class=\"wpcf7-form-control has-spinner wpcf7-submit\" type=\"submit\" value=\"Anfrage absenden\" \/>\n\t\t\t<\/p>\n\t\t<\/div>\n\t<\/div>\n\n<!-- Captcha -->\n\t<div class = \"form-row\">\n\t\t<div class = \"column-full\">\n\t\t<hr \/>\n\t\t<\/div>\n\t<\/div>\n\t<div class = \"form-row\">\n\t\t<div class = \"column-full recaptcha-style\">\n\t\t\t<p><small> Diese Website ist durch die Richtlinien von reCAPTCHA und <a href=\"https:\/\/policies.google.com\/privacy\" target=\"_blank\"> Datenschutzbestimmungen <\/a> und <a href = \"von Google gesch\u00fctzt. https:\/\/policies.google.com\/terms \"target =\" _ blank \"> Nutzungsbedingungen <\/a> gelten <\/small>\n\t\t\t<\/p>\n\t\t<\/div>\n\t<\/div>\n<!-- Captcha beenden -->\n<\/div><!--end responsive-form--><div class=\"wpcf7-response-output\" aria-hidden=\"true\"><\/div>\n<\/form>\n<\/div>\n<\/div><\/div>\t\t\t\t<\/div>\n\t\t\t\t<\/div>\n\t\t\t\t\t<\/div>\n\t\t<\/div>\n\t\t\t\t\t<\/div>\n\t\t<\/section>\n\t\t\t\t<\/div>\n\t\t","protected":false},"excerpt":{"rendered":"<p>Sich D\u00e9clic anschlie\u00dfen heisst : Sich einem anspruchsvollem Team anschliessen versammelt durch freundliche und strarke Werte Ambitionen teilen durch anerkanntes Know-How und Leistungen Vorteil an einer strukturierten und offenen Organisation haben. Stets auf der Suche neuer Talente und externer Kompetenzen, erm\u00f6glichen wir Ihnen sich hier zu bewerben, f\u00fcr einen Job oder ein Praktikum indem Sie [&hellip;]<\/p>\n","protected":false},"author":1,"featured_media":0,"parent":0,"menu_order":0,"comment_status":"closed","ping_status":"closed","template":"","meta":{"inline_featured_image":false,"footnotes":""},"class_list":["post-27443","page","type-page","status-publish","hentry"],"yoast_head":"<!-- This site is optimized with the Yoast SEO plugin v20.4 - https:\/\/yoast.com\/wordpress\/plugins\/seo\/ -->\n<title>Recrutement \/ Demande de stage - D\u00e9clic Communication<\/title>\n<meta name=\"robots\" content=\"index, follow, max-snippet:-1, max-image-preview:large, max-video-preview:-1\" \/>\n<link rel=\"canonical\" href=\"https:\/\/www.declic-communication.fr\/de\/recrutement-demande-de-stage\/\" \/>\n<meta property=\"og:locale\" content=\"de_DE\" \/>\n<meta property=\"og:type\" content=\"article\" \/>\n<meta property=\"og:title\" content=\"Recrutement \/ Demande de stage - D\u00e9clic Communication\" \/>\n<meta property=\"og:description\" content=\"Sich D\u00e9clic anschlie\u00dfen heisst : Sich einem anspruchsvollem Team anschliessen versammelt durch freundliche und strarke Werte Ambitionen teilen durch anerkanntes Know-How und Leistungen Vorteil an einer strukturierten und offenen Organisation haben. Stets auf der Suche neuer Talente und externer Kompetenzen, erm\u00f6glichen wir Ihnen sich hier zu bewerben, f\u00fcr einen Job oder ein Praktikum indem Sie [&hellip;]\" \/>\n<meta property=\"og:url\" content=\"https:\/\/www.declic-communication.fr\/de\/recrutement-demande-de-stage\/\" \/>\n<meta property=\"og:site_name\" content=\"D\u00e9clic Communication\" \/>\n<meta property=\"article:modified_time\" content=\"2022-01-07T09:06:23+00:00\" \/>\n<meta name=\"twitter:card\" content=\"summary_large_image\" \/>\n<meta name=\"twitter:label1\" content=\"Gesch\u00e4tzte Lesezeit\" \/>\n\t<meta name=\"twitter:data1\" content=\"1\u00a0Minute\" \/>\n<script type=\"application\/ld+json\" class=\"yoast-schema-graph\">{\"@context\":\"https:\/\/schema.org\",\"@graph\":[{\"@type\":\"WebPage\",\"@id\":\"https:\/\/www.declic-communication.fr\/de\/recrutement-demande-de-stage\/\",\"url\":\"https:\/\/www.declic-communication.fr\/de\/recrutement-demande-de-stage\/\",\"name\":\"Recrutement \/ Demande de stage - D\u00e9clic Communication\",\"isPartOf\":{\"@id\":\"https:\/\/www.declic-communication.fr\/de\/#website\"},\"datePublished\":\"2021-09-24T14:24:04+00:00\",\"dateModified\":\"2022-01-07T09:06:23+00:00\",\"breadcrumb\":{\"@id\":\"https:\/\/www.declic-communication.fr\/de\/recrutement-demande-de-stage\/#breadcrumb\"},\"inLanguage\":\"de\",\"potentialAction\":[{\"@type\":\"ReadAction\",\"target\":[\"https:\/\/www.declic-communication.fr\/de\/recrutement-demande-de-stage\/\"]}]},{\"@type\":\"BreadcrumbList\",\"@id\":\"https:\/\/www.declic-communication.fr\/de\/recrutement-demande-de-stage\/#breadcrumb\",\"itemListElement\":[{\"@type\":\"ListItem\",\"position\":1,\"name\":\"Accueil\",\"item\":\"https:\/\/www.declic-communication.fr\/de\/?page_id=37042\"},{\"@type\":\"ListItem\",\"position\":2,\"name\":\"Recrutement \/ Demande de stage\"}]},{\"@type\":\"WebSite\",\"@id\":\"https:\/\/www.declic-communication.fr\/de\/#website\",\"url\":\"https:\/\/www.declic-communication.fr\/de\/\",\"name\":\"D\u00e9clic Communication\",\"description\":\"Agence conseil en communication et publicit\u00e9 \u00e0 Saint-Avold en Moselle\",\"publisher\":{\"@id\":\"https:\/\/www.declic-communication.fr\/de\/#organization\"},\"potentialAction\":[{\"@type\":\"SearchAction\",\"target\":{\"@type\":\"EntryPoint\",\"urlTemplate\":\"https:\/\/www.declic-communication.fr\/de\/?s={search_term_string}\"},\"query-input\":\"required name=search_term_string\"}],\"inLanguage\":\"de\"},{\"@type\":\"Organization\",\"@id\":\"https:\/\/www.declic-communication.fr\/de\/#organization\",\"name\":\"D\u00e9clic Communication\",\"url\":\"https:\/\/www.declic-communication.fr\/de\/\",\"logo\":{\"@type\":\"ImageObject\",\"inLanguage\":\"de\",\"@id\":\"https:\/\/www.declic-communication.fr\/de\/#\/schema\/logo\/image\/\",\"url\":\"https:\/\/www.declic-communication.fr\/wp-content\/uploads\/2023\/10\/logo-declic-communication.svg\",\"contentUrl\":\"https:\/\/www.declic-communication.fr\/wp-content\/uploads\/2023\/10\/logo-declic-communication.svg\",\"width\":600,\"height\":250,\"caption\":\"D\u00e9clic Communication\"},\"image\":{\"@id\":\"https:\/\/www.declic-communication.fr\/de\/#\/schema\/logo\/image\/\"}}]}<\/script>\n<!-- \/ Yoast SEO plugin. -->","yoast_head_json":{"title":"Recrutement \/ Demande de stage - D\u00e9clic Communication","robots":{"index":"index","follow":"follow","max-snippet":"max-snippet:-1","max-image-preview":"max-image-preview:large","max-video-preview":"max-video-preview:-1"},"canonical":"https:\/\/www.declic-communication.fr\/de\/recrutement-demande-de-stage\/","og_locale":"de_DE","og_type":"article","og_title":"Recrutement \/ Demande de stage - D\u00e9clic Communication","og_description":"Sich D\u00e9clic anschlie\u00dfen heisst : Sich einem anspruchsvollem Team anschliessen versammelt durch freundliche und strarke Werte Ambitionen teilen durch anerkanntes Know-How und Leistungen Vorteil an einer strukturierten und offenen Organisation haben. Stets auf der Suche neuer Talente und externer Kompetenzen, erm\u00f6glichen wir Ihnen sich hier zu bewerben, f\u00fcr einen Job oder ein Praktikum indem Sie [&hellip;]","og_url":"https:\/\/www.declic-communication.fr\/de\/recrutement-demande-de-stage\/","og_site_name":"D\u00e9clic Communication","article_modified_time":"2022-01-07T09:06:23+00:00","twitter_card":"summary_large_image","twitter_misc":{"Gesch\u00e4tzte Lesezeit":"1\u00a0Minute"},"schema":{"@context":"https:\/\/schema.org","@graph":[{"@type":"WebPage","@id":"https:\/\/www.declic-communication.fr\/de\/recrutement-demande-de-stage\/","url":"https:\/\/www.declic-communication.fr\/de\/recrutement-demande-de-stage\/","name":"Recrutement \/ Demande de stage - D\u00e9clic Communication","isPartOf":{"@id":"https:\/\/www.declic-communication.fr\/de\/#website"},"datePublished":"2021-09-24T14:24:04+00:00","dateModified":"2022-01-07T09:06:23+00:00","breadcrumb":{"@id":"https:\/\/www.declic-communication.fr\/de\/recrutement-demande-de-stage\/#breadcrumb"},"inLanguage":"de","potentialAction":[{"@type":"ReadAction","target":["https:\/\/www.declic-communication.fr\/de\/recrutement-demande-de-stage\/"]}]},{"@type":"BreadcrumbList","@id":"https:\/\/www.declic-communication.fr\/de\/recrutement-demande-de-stage\/#breadcrumb","itemListElement":[{"@type":"ListItem","position":1,"name":"Accueil","item":"https:\/\/www.declic-communication.fr\/de\/?page_id=37042"},{"@type":"ListItem","position":2,"name":"Recrutement \/ Demande de stage"}]},{"@type":"WebSite","@id":"https:\/\/www.declic-communication.fr\/de\/#website","url":"https:\/\/www.declic-communication.fr\/de\/","name":"D\u00e9clic Communication","description":"Agence conseil en communication et publicit\u00e9 \u00e0 Saint-Avold en Moselle","publisher":{"@id":"https:\/\/www.declic-communication.fr\/de\/#organization"},"potentialAction":[{"@type":"SearchAction","target":{"@type":"EntryPoint","urlTemplate":"https:\/\/www.declic-communication.fr\/de\/?s={search_term_string}"},"query-input":"required name=search_term_string"}],"inLanguage":"de"},{"@type":"Organization","@id":"https:\/\/www.declic-communication.fr\/de\/#organization","name":"D\u00e9clic Communication","url":"https:\/\/www.declic-communication.fr\/de\/","logo":{"@type":"ImageObject","inLanguage":"de","@id":"https:\/\/www.declic-communication.fr\/de\/#\/schema\/logo\/image\/","url":"https:\/\/www.declic-communication.fr\/wp-content\/uploads\/2023\/10\/logo-declic-communication.svg","contentUrl":"https:\/\/www.declic-communication.fr\/wp-content\/uploads\/2023\/10\/logo-declic-communication.svg","width":600,"height":250,"caption":"D\u00e9clic Communication"},"image":{"@id":"https:\/\/www.declic-communication.fr\/de\/#\/schema\/logo\/image\/"}}]}},"_links":{"self":[{"href":"https:\/\/www.declic-communication.fr\/de\/wp-json\/wp\/v2\/pages\/27443","targetHints":{"allow":["GET"]}}],"collection":[{"href":"https:\/\/www.declic-communication.fr\/de\/wp-json\/wp\/v2\/pages"}],"about":[{"href":"https:\/\/www.declic-communication.fr\/de\/wp-json\/wp\/v2\/types\/page"}],"author":[{"embeddable":true,"href":"https:\/\/www.declic-communication.fr\/de\/wp-json\/wp\/v2\/users\/1"}],"replies":[{"embeddable":true,"href":"https:\/\/www.declic-communication.fr\/de\/wp-json\/wp\/v2\/comments?post=27443"}],"version-history":[{"count":0,"href":"https:\/\/www.declic-communication.fr\/de\/wp-json\/wp\/v2\/pages\/27443\/revisions"}],"wp:attachment":[{"href":"https:\/\/www.declic-communication.fr\/de\/wp-json\/wp\/v2\/media?parent=27443"}],"curies":[{"name":"wp","href":"https:\/\/api.w.org\/{rel}","templated":true}]}}