{"id":27468,"date":"2021-09-28T15:06:01","date_gmt":"2021-09-28T13:06:01","guid":{"rendered":"https:\/\/www.declic-communication.fr\/protection-des-donnees-rgpd\/"},"modified":"2022-01-07T11:11:14","modified_gmt":"2022-01-07T10:11:14","slug":"protection-des-donnees-rgpd","status":"publish","type":"page","link":"https:\/\/www.declic-communication.fr\/de\/protection-des-donnees-rgpd\/","title":{"rendered":"Protection des Donn\u00e9es RGPD"},"content":{"rendered":"\t\t<div data-elementor-type=\"wp-page\" data-elementor-id=\"27468\" class=\"elementor elementor-27468\" data-elementor-post-type=\"page\">\n\t\t\t\t\t\t<section class=\"elementor-section elementor-top-section elementor-element elementor-element-dd37696 elementor-section-boxed elementor-section-height-default elementor-section-height-default\" data-id=\"dd37696\" data-element_type=\"section\">\n\t\t\t\t\t\t<div class=\"elementor-container elementor-column-gap-default\">\n\t\t\t\t\t<div class=\"elementor-column elementor-col-100 elementor-top-column elementor-element elementor-element-94af5c8\" data-id=\"94af5c8\" data-element_type=\"column\">\n\t\t\t<div class=\"elementor-widget-wrap elementor-element-populated\">\n\t\t\t\t\t\t<div class=\"elementor-element elementor-element-9291185 elementor-widget elementor-widget-image\" data-id=\"9291185\" data-element_type=\"widget\" data-widget_type=\"image.default\">\n\t\t\t\t<div class=\"elementor-widget-container\">\n\t\t\t\t\t\t\t\t\t\t\t\t\t\t\t<img fetchpriority=\"high\" decoding=\"async\" width=\"1200\" height=\"400\" src=\"https:\/\/www.declic-communication.fr\/wp-content\/uploads\/2022\/01\/connectes.jpg\" class=\"attachment-full size-full wp-image-26711\" alt=\"\" srcset=\"https:\/\/www.declic-communication.fr\/wp-content\/uploads\/2022\/01\/connectes.jpg 1200w, https:\/\/www.declic-communication.fr\/wp-content\/uploads\/2022\/01\/connectes-300x100.jpg 300w, https:\/\/www.declic-communication.fr\/wp-content\/uploads\/2022\/01\/connectes-768x256.jpg 768w\" sizes=\"(max-width: 1200px) 100vw, 1200px\" \/>\t\t\t\t\t\t\t\t\t\t\t\t\t\t\t<\/div>\n\t\t\t\t<\/div>\n\t\t\t\t\t<\/div>\n\t\t<\/div>\n\t\t\t\t\t<\/div>\n\t\t<\/section>\n\t\t\t\t<section class=\"elementor-section elementor-top-section elementor-element elementor-element-9e95ca7 elementor-section-boxed elementor-section-height-default elementor-section-height-default\" data-id=\"9e95ca7\" data-element_type=\"section\">\n\t\t\t\t\t\t<div class=\"elementor-container elementor-column-gap-default\">\n\t\t\t\t\t<div class=\"elementor-column elementor-col-33 elementor-top-column elementor-element elementor-element-2932bef\" data-id=\"2932bef\" data-element_type=\"column\">\n\t\t\t<div class=\"elementor-widget-wrap elementor-element-populated\">\n\t\t\t\t\t\t<div class=\"elementor-element elementor-element-197c2d0 elementor-widget elementor-widget-image\" data-id=\"197c2d0\" data-element_type=\"widget\" data-widget_type=\"image.default\">\n\t\t\t\t<div class=\"elementor-widget-container\">\n\t\t\t\t\t\t\t\t\t\t\t\t\t\t\t<img decoding=\"async\" width=\"400\" height=\"250\" src=\"https:\/\/www.declic-communication.fr\/wp-content\/uploads\/2022\/01\/perennite-methode.jpg\" class=\"attachment-large size-large wp-image-26717\" alt=\"\" srcset=\"https:\/\/www.declic-communication.fr\/wp-content\/uploads\/2022\/01\/perennite-methode.jpg 400w, https:\/\/www.declic-communication.fr\/wp-content\/uploads\/2022\/01\/perennite-methode-300x188.jpg 300w\" sizes=\"(max-width: 400px) 100vw, 400px\" \/>\t\t\t\t\t\t\t\t\t\t\t\t\t\t\t<\/div>\n\t\t\t\t<\/div>\n\t\t\t\t<div class=\"elementor-element elementor-element-295cd7e elementor-widget elementor-widget-image\" data-id=\"295cd7e\" data-element_type=\"widget\" data-widget_type=\"image.default\">\n\t\t\t\t<div class=\"elementor-widget-container\">\n\t\t\t\t\t\t\t\t\t\t\t\t\t\t\t<img decoding=\"async\" width=\"400\" height=\"250\" src=\"https:\/\/www.declic-communication.fr\/wp-content\/uploads\/2022\/01\/agilite-crea.jpg\" class=\"attachment-large size-large wp-image-26714\" alt=\"\" srcset=\"https:\/\/www.declic-communication.fr\/wp-content\/uploads\/2022\/01\/agilite-crea.jpg 400w, https:\/\/www.declic-communication.fr\/wp-content\/uploads\/2022\/01\/agilite-crea-300x188.jpg 300w\" sizes=\"(max-width: 400px) 100vw, 400px\" \/>\t\t\t\t\t\t\t\t\t\t\t\t\t\t\t<\/div>\n\t\t\t\t<\/div>\n\t\t\t\t\t<\/div>\n\t\t<\/div>\n\t\t\t\t<div class=\"elementor-column elementor-col-66 elementor-top-column elementor-element elementor-element-c4ab9b9\" data-id=\"c4ab9b9\" data-element_type=\"column\">\n\t\t\t<div class=\"elementor-widget-wrap elementor-element-populated\">\n\t\t\t\t\t\t<div class=\"elementor-element elementor-element-2d74f83 elementor-widget elementor-widget-text-editor\" data-id=\"2d74f83\" data-element_type=\"widget\" data-widget_type=\"text-editor.default\">\n\t\t\t\t<div class=\"elementor-widget-container\">\n\t\t\t\t\t\t\t\t\t<div class=\"wpb_column vc_column_container vc_col-sm-9\">\n<div class=\"vc_column-inner \">\n<div class=\"wpb_wrapper\">\n<div class=\"wpb_text_column wpb_content_element \">\n<div class=\"wpb_wrapper\">\n<h2><b>Vous avez choisi de rester en contact avec notre \u00e9quipe\u2026 MERCI !<\/b><\/h2>\nTout en respectant la nouvelle R\u00e8glementation G\u00e9n\u00e9rale sur la <a href=\"https:\/\/www.declic-communication.fr\/rgpd-la-reglementation-europeenne-en-matiere-de-protection-des-donnees-personnelles\/?lang=de\">Protection des Donn\u00e9es (RGPD)<\/a>,\nl\u2019\u00e9quipe D\u00e9clic Communication est ravie de toujours vous compter dans sa sph\u00e8re connect\u00e9e\net s\u2019engage \u00e0 prot\u00e9ger vos donn\u00e9es \u00e0 caract\u00e8re personnel.\n\nVous continuerez donc \u00e0 recevoir nos e-mails cr\u00e9atifs et des informations commerciales li\u00e9es \u00e0 notre soci\u00e9t\u00e9.\n\n<b>En attendant un prochain contact et le plaisir de partager ensemble\nde nouvelles aventures communicantes !<\/b>\n\nExcellente continuation.\n\nNous vous rappelons que vous \u00eates parfaitement libre de vous d\u00e9sinscrire \u00e0 tout moment,\n<a href=\"https:\/\/www.declic-communication.fr\/gestion-des-donnees\/?lang=de\">Contactez-nous.<\/a>\n\n<\/div>\n<\/div>\n<\/div>\n<\/div>\n<\/div>\t\t\t\t\t\t\t\t<\/div>\n\t\t\t\t<\/div>\n\t\t\t\t\t<\/div>\n\t\t<\/div>\n\t\t\t\t\t<\/div>\n\t\t<\/section>\n\t\t\t\t<\/div>\n\t\t","protected":false},"excerpt":{"rendered":"<p>Vous avez choisi de rester en contact avec notre \u00e9quipe\u2026 MERCI ! Tout en respectant la nouvelle R\u00e8glementation G\u00e9n\u00e9rale sur la Protection des Donn\u00e9es (RGPD), l\u2019\u00e9quipe D\u00e9clic Communication est ravie de toujours vous compter dans sa sph\u00e8re connect\u00e9e et s\u2019engage \u00e0 prot\u00e9ger vos donn\u00e9es \u00e0 caract\u00e8re personnel. Vous continuerez donc \u00e0 recevoir nos e-mails cr\u00e9atifs [&hellip;]<\/p>\n","protected":false},"author":1,"featured_media":0,"parent":0,"menu_order":0,"comment_status":"closed","ping_status":"closed","template":"","meta":{"inline_featured_image":false,"footnotes":""},"class_list":["post-27468","page","type-page","status-publish","hentry"],"yoast_head":"<!-- This site is optimized with the Yoast SEO plugin v20.4 - https:\/\/yoast.com\/wordpress\/plugins\/seo\/ -->\n<title>Protection des Donn\u00e9es RGPD - D\u00e9clic Communication<\/title>\n<meta name=\"robots\" content=\"index, follow, max-snippet:-1, max-image-preview:large, max-video-preview:-1\" \/>\n<link rel=\"canonical\" href=\"https:\/\/www.declic-communication.fr\/de\/protection-des-donnees-rgpd\/\" \/>\n<meta property=\"og:locale\" content=\"de_DE\" \/>\n<meta property=\"og:type\" content=\"article\" \/>\n<meta property=\"og:title\" content=\"Protection des Donn\u00e9es RGPD - D\u00e9clic Communication\" \/>\n<meta property=\"og:description\" content=\"Vous avez choisi de rester en contact avec notre \u00e9quipe\u2026 MERCI ! Tout en respectant la nouvelle R\u00e8glementation G\u00e9n\u00e9rale sur la Protection des Donn\u00e9es (RGPD), l\u2019\u00e9quipe D\u00e9clic Communication est ravie de toujours vous compter dans sa sph\u00e8re connect\u00e9e et s\u2019engage \u00e0 prot\u00e9ger vos donn\u00e9es \u00e0 caract\u00e8re personnel. Vous continuerez donc \u00e0 recevoir nos e-mails cr\u00e9atifs [&hellip;]\" \/>\n<meta property=\"og:url\" content=\"https:\/\/www.declic-communication.fr\/de\/protection-des-donnees-rgpd\/\" \/>\n<meta property=\"og:site_name\" content=\"D\u00e9clic Communication\" \/>\n<meta property=\"article:modified_time\" content=\"2022-01-07T10:11:14+00:00\" \/>\n<meta property=\"og:image\" content=\"https:\/\/www.declic-communication.fr\/wp-content\/uploads\/2022\/01\/connectes.jpg\" \/>\n<meta name=\"twitter:card\" content=\"summary_large_image\" \/>\n<meta name=\"twitter:label1\" content=\"Gesch\u00e4tzte Lesezeit\" \/>\n\t<meta name=\"twitter:data1\" content=\"2\u00a0Minuten\" \/>\n<script type=\"application\/ld+json\" class=\"yoast-schema-graph\">{\"@context\":\"https:\/\/schema.org\",\"@graph\":[{\"@type\":\"WebPage\",\"@id\":\"https:\/\/www.declic-communication.fr\/de\/protection-des-donnees-rgpd\/\",\"url\":\"https:\/\/www.declic-communication.fr\/de\/protection-des-donnees-rgpd\/\",\"name\":\"Protection des Donn\u00e9es RGPD - D\u00e9clic Communication\",\"isPartOf\":{\"@id\":\"https:\/\/www.declic-communication.fr\/de\/#website\"},\"datePublished\":\"2021-09-28T13:06:01+00:00\",\"dateModified\":\"2022-01-07T10:11:14+00:00\",\"breadcrumb\":{\"@id\":\"https:\/\/www.declic-communication.fr\/de\/protection-des-donnees-rgpd\/#breadcrumb\"},\"inLanguage\":\"de\",\"potentialAction\":[{\"@type\":\"ReadAction\",\"target\":[\"https:\/\/www.declic-communication.fr\/de\/protection-des-donnees-rgpd\/\"]}]},{\"@type\":\"BreadcrumbList\",\"@id\":\"https:\/\/www.declic-communication.fr\/de\/protection-des-donnees-rgpd\/#breadcrumb\",\"itemListElement\":[{\"@type\":\"ListItem\",\"position\":1,\"name\":\"Accueil\",\"item\":\"https:\/\/www.declic-communication.fr\/de\/?page_id=37042\"},{\"@type\":\"ListItem\",\"position\":2,\"name\":\"Protection des Donn\u00e9es RGPD\"}]},{\"@type\":\"WebSite\",\"@id\":\"https:\/\/www.declic-communication.fr\/de\/#website\",\"url\":\"https:\/\/www.declic-communication.fr\/de\/\",\"name\":\"D\u00e9clic Communication\",\"description\":\"Agence conseil en communication et publicit\u00e9 \u00e0 Saint-Avold en Moselle\",\"publisher\":{\"@id\":\"https:\/\/www.declic-communication.fr\/de\/#organization\"},\"potentialAction\":[{\"@type\":\"SearchAction\",\"target\":{\"@type\":\"EntryPoint\",\"urlTemplate\":\"https:\/\/www.declic-communication.fr\/de\/?s={search_term_string}\"},\"query-input\":\"required name=search_term_string\"}],\"inLanguage\":\"de\"},{\"@type\":\"Organization\",\"@id\":\"https:\/\/www.declic-communication.fr\/de\/#organization\",\"name\":\"D\u00e9clic Communication\",\"url\":\"https:\/\/www.declic-communication.fr\/de\/\",\"logo\":{\"@type\":\"ImageObject\",\"inLanguage\":\"de\",\"@id\":\"https:\/\/www.declic-communication.fr\/de\/#\/schema\/logo\/image\/\",\"url\":\"https:\/\/www.declic-communication.fr\/wp-content\/uploads\/2023\/10\/logo-declic-communication.svg\",\"contentUrl\":\"https:\/\/www.declic-communication.fr\/wp-content\/uploads\/2023\/10\/logo-declic-communication.svg\",\"width\":600,\"height\":250,\"caption\":\"D\u00e9clic Communication\"},\"image\":{\"@id\":\"https:\/\/www.declic-communication.fr\/de\/#\/schema\/logo\/image\/\"}}]}<\/script>\n<!-- \/ Yoast SEO plugin. -->","yoast_head_json":{"title":"Protection des Donn\u00e9es RGPD - D\u00e9clic Communication","robots":{"index":"index","follow":"follow","max-snippet":"max-snippet:-1","max-image-preview":"max-image-preview:large","max-video-preview":"max-video-preview:-1"},"canonical":"https:\/\/www.declic-communication.fr\/de\/protection-des-donnees-rgpd\/","og_locale":"de_DE","og_type":"article","og_title":"Protection des Donn\u00e9es RGPD - D\u00e9clic Communication","og_description":"Vous avez choisi de rester en contact avec notre \u00e9quipe\u2026 MERCI ! Tout en respectant la nouvelle R\u00e8glementation G\u00e9n\u00e9rale sur la Protection des Donn\u00e9es (RGPD), l\u2019\u00e9quipe D\u00e9clic Communication est ravie de toujours vous compter dans sa sph\u00e8re connect\u00e9e et s\u2019engage \u00e0 prot\u00e9ger vos donn\u00e9es \u00e0 caract\u00e8re personnel. Vous continuerez donc \u00e0 recevoir nos e-mails cr\u00e9atifs [&hellip;]","og_url":"https:\/\/www.declic-communication.fr\/de\/protection-des-donnees-rgpd\/","og_site_name":"D\u00e9clic Communication","article_modified_time":"2022-01-07T10:11:14+00:00","og_image":[{"url":"https:\/\/www.declic-communication.fr\/wp-content\/uploads\/2022\/01\/connectes.jpg"}],"twitter_card":"summary_large_image","twitter_misc":{"Gesch\u00e4tzte Lesezeit":"2\u00a0Minuten"},"schema":{"@context":"https:\/\/schema.org","@graph":[{"@type":"WebPage","@id":"https:\/\/www.declic-communication.fr\/de\/protection-des-donnees-rgpd\/","url":"https:\/\/www.declic-communication.fr\/de\/protection-des-donnees-rgpd\/","name":"Protection des Donn\u00e9es RGPD - D\u00e9clic Communication","isPartOf":{"@id":"https:\/\/www.declic-communication.fr\/de\/#website"},"datePublished":"2021-09-28T13:06:01+00:00","dateModified":"2022-01-07T10:11:14+00:00","breadcrumb":{"@id":"https:\/\/www.declic-communication.fr\/de\/protection-des-donnees-rgpd\/#breadcrumb"},"inLanguage":"de","potentialAction":[{"@type":"ReadAction","target":["https:\/\/www.declic-communication.fr\/de\/protection-des-donnees-rgpd\/"]}]},{"@type":"BreadcrumbList","@id":"https:\/\/www.declic-communication.fr\/de\/protection-des-donnees-rgpd\/#breadcrumb","itemListElement":[{"@type":"ListItem","position":1,"name":"Accueil","item":"https:\/\/www.declic-communication.fr\/de\/?page_id=37042"},{"@type":"ListItem","position":2,"name":"Protection des Donn\u00e9es RGPD"}]},{"@type":"WebSite","@id":"https:\/\/www.declic-communication.fr\/de\/#website","url":"https:\/\/www.declic-communication.fr\/de\/","name":"D\u00e9clic Communication","description":"Agence conseil en communication et publicit\u00e9 \u00e0 Saint-Avold en Moselle","publisher":{"@id":"https:\/\/www.declic-communication.fr\/de\/#organization"},"potentialAction":[{"@type":"SearchAction","target":{"@type":"EntryPoint","urlTemplate":"https:\/\/www.declic-communication.fr\/de\/?s={search_term_string}"},"query-input":"required name=search_term_string"}],"inLanguage":"de"},{"@type":"Organization","@id":"https:\/\/www.declic-communication.fr\/de\/#organization","name":"D\u00e9clic Communication","url":"https:\/\/www.declic-communication.fr\/de\/","logo":{"@type":"ImageObject","inLanguage":"de","@id":"https:\/\/www.declic-communication.fr\/de\/#\/schema\/logo\/image\/","url":"https:\/\/www.declic-communication.fr\/wp-content\/uploads\/2023\/10\/logo-declic-communication.svg","contentUrl":"https:\/\/www.declic-communication.fr\/wp-content\/uploads\/2023\/10\/logo-declic-communication.svg","width":600,"height":250,"caption":"D\u00e9clic Communication"},"image":{"@id":"https:\/\/www.declic-communication.fr\/de\/#\/schema\/logo\/image\/"}}]}},"_links":{"self":[{"href":"https:\/\/www.declic-communication.fr\/de\/wp-json\/wp\/v2\/pages\/27468","targetHints":{"allow":["GET"]}}],"collection":[{"href":"https:\/\/www.declic-communication.fr\/de\/wp-json\/wp\/v2\/pages"}],"about":[{"href":"https:\/\/www.declic-communication.fr\/de\/wp-json\/wp\/v2\/types\/page"}],"author":[{"embeddable":true,"href":"https:\/\/www.declic-communication.fr\/de\/wp-json\/wp\/v2\/users\/1"}],"replies":[{"embeddable":true,"href":"https:\/\/www.declic-communication.fr\/de\/wp-json\/wp\/v2\/comments?post=27468"}],"version-history":[{"count":0,"href":"https:\/\/www.declic-communication.fr\/de\/wp-json\/wp\/v2\/pages\/27468\/revisions"}],"wp:attachment":[{"href":"https:\/\/www.declic-communication.fr\/de\/wp-json\/wp\/v2\/media?parent=27468"}],"curies":[{"name":"wp","href":"https:\/\/api.w.org\/{rel}","templated":true}]}}