{"id":27511,"date":"2021-09-29T09:35:06","date_gmt":"2021-09-29T07:35:06","guid":{"rendered":"https:\/\/www.declic-communication.fr\/histoire\/"},"modified":"2022-03-23T08:59:29","modified_gmt":"2022-03-23T07:59:29","slug":"references-editions","status":"publish","type":"page","link":"https:\/\/www.declic-communication.fr\/de\/references-editions\/","title":{"rendered":"Referenzen von Ver\u00f6ffentlichungen"},"content":{"rendered":"\t\t<div data-elementor-type=\"wp-page\" data-elementor-id=\"27511\" class=\"elementor elementor-27511\" data-elementor-post-type=\"page\">\n\t\t\t\t\t\t<section class=\"elementor-section elementor-top-section elementor-element elementor-element-22c34c1 elementor-section-boxed elementor-section-height-default elementor-section-height-default\" data-id=\"22c34c1\" data-element_type=\"section\">\n\t\t\t\t\t\t<div class=\"elementor-container elementor-column-gap-default\">\n\t\t\t\t\t<div class=\"elementor-column elementor-col-100 elementor-top-column elementor-element elementor-element-e814ff2\" data-id=\"e814ff2\" data-element_type=\"column\">\n\t\t\t<div class=\"elementor-widget-wrap elementor-element-populated\">\n\t\t\t\t\t\t<div class=\"elementor-element elementor-element-bb432a1 elementor-widget elementor-widget-heading\" data-id=\"bb432a1\" data-element_type=\"widget\" data-widget_type=\"heading.default\">\n\t\t\t\t<div class=\"elementor-widget-container\">\n\t\t\t\t\t<h2 class=\"elementor-heading-title elementor-size-default\">Referenzen von Ver\u00f6ffentlichungen<\/h2>\t\t\t\t<\/div>\n\t\t\t\t<\/div>\n\t\t\t\t<div class=\"elementor-element elementor-element-63eadea elementor-widget elementor-widget-spacer\" data-id=\"63eadea\" data-element_type=\"widget\" data-widget_type=\"spacer.default\">\n\t\t\t\t<div class=\"elementor-widget-container\">\n\t\t\t\t\t\t\t<div class=\"elementor-spacer\">\n\t\t\t<div class=\"elementor-spacer-inner\"><\/div>\n\t\t<\/div>\n\t\t\t\t\t\t<\/div>\n\t\t\t\t<\/div>\n\t\t\t\t\t<\/div>\n\t\t<\/div>\n\t\t\t\t\t<\/div>\n\t\t<\/section>\n\t\t\t\t<section class=\"elementor-section elementor-top-section elementor-element elementor-element-e804b07 elementor-section-boxed elementor-section-height-default elementor-section-height-default\" data-id=\"e804b07\" data-element_type=\"section\">\n\t\t\t\t\t\t<div class=\"elementor-container elementor-column-gap-default\">\n\t\t\t\t\t<div class=\"elementor-column elementor-col-100 elementor-top-column elementor-element elementor-element-52afedd\" data-id=\"52afedd\" data-element_type=\"column\">\n\t\t\t<div class=\"elementor-widget-wrap elementor-element-populated\">\n\t\t\t\t\t\t<div class=\"elementor-element elementor-element-26492cb elementor-posts--thumbnail-top elementor-grid-3 elementor-grid-tablet-2 elementor-grid-mobile-1 elementor-widget elementor-widget-posts\" data-id=\"26492cb\" data-element_type=\"widget\" data-settings=\"{&quot;custom_columns&quot;:&quot;3&quot;,&quot;custom_columns_tablet&quot;:&quot;2&quot;,&quot;custom_columns_mobile&quot;:&quot;1&quot;,&quot;custom_row_gap&quot;:{&quot;unit&quot;:&quot;px&quot;,&quot;size&quot;:35,&quot;sizes&quot;:[]},&quot;custom_row_gap_tablet&quot;:{&quot;unit&quot;:&quot;px&quot;,&quot;size&quot;:&quot;&quot;,&quot;sizes&quot;:[]},&quot;custom_row_gap_mobile&quot;:{&quot;unit&quot;:&quot;px&quot;,&quot;size&quot;:&quot;&quot;,&quot;sizes&quot;:[]}}\" data-widget_type=\"posts.custom\">\n\t\t\t\t<div class=\"elementor-widget-container\">\n\t\t\t\t\t      <div class=\"ecs-posts elementor-posts-container elementor-posts   elementor-grid elementor-posts--skin-custom\" data-settings=\"{&quot;current_page&quot;:1,&quot;max_num_pages&quot;:0,&quot;load_method&quot;:&quot;numbers_and_prev_next&quot;,&quot;widget_id&quot;:&quot;26492cb&quot;,&quot;post_id&quot;:27511,&quot;theme_id&quot;:27511,&quot;change_url&quot;:false,&quot;reinit_js&quot;:false}\">\n      <div class=\"elementor-posts-nothing-found\"><\/div>\t\t<\/div>\n\t\t\t\t\t\t<\/div>\n\t\t\t\t<\/div>\n\t\t\t\t\t<\/div>\n\t\t<\/div>\n\t\t\t\t\t<\/div>\n\t\t<\/section>\n\t\t\t\t<\/div>\n\t\t","protected":false},"excerpt":{"rendered":"<p>Referenzen von Ver\u00f6ffentlichungen<\/p>\n","protected":false},"author":1,"featured_media":0,"parent":0,"menu_order":0,"comment_status":"closed","ping_status":"closed","template":"","meta":{"inline_featured_image":false,"footnotes":""},"class_list":["post-27511","page","type-page","status-publish","hentry"],"yoast_head":"<!-- This site is optimized with the Yoast SEO plugin v20.4 - https:\/\/yoast.com\/wordpress\/plugins\/seo\/ -->\n<title>Referenzen von Ver\u00f6ffentlichungen - D\u00e9clic Communication<\/title>\n<meta name=\"robots\" content=\"index, follow, max-snippet:-1, max-image-preview:large, max-video-preview:-1\" \/>\n<link rel=\"canonical\" href=\"https:\/\/www.declic-communication.fr\/de\/references-editions\/\" \/>\n<meta property=\"og:locale\" content=\"de_DE\" \/>\n<meta property=\"og:type\" content=\"article\" \/>\n<meta property=\"og:title\" content=\"Referenzen von Ver\u00f6ffentlichungen - D\u00e9clic Communication\" \/>\n<meta property=\"og:description\" content=\"Referenzen von Ver\u00f6ffentlichungen\" \/>\n<meta property=\"og:url\" content=\"https:\/\/www.declic-communication.fr\/de\/references-editions\/\" \/>\n<meta property=\"og:site_name\" content=\"D\u00e9clic Communication\" \/>\n<meta property=\"article:modified_time\" content=\"2022-03-23T07:59:29+00:00\" \/>\n<meta name=\"twitter:card\" content=\"summary_large_image\" \/>\n<meta name=\"twitter:label1\" content=\"Gesch\u00e4tzte Lesezeit\" \/>\n\t<meta name=\"twitter:data1\" content=\"5\u00a0Minuten\" \/>\n<script type=\"application\/ld+json\" class=\"yoast-schema-graph\">{\"@context\":\"https:\/\/schema.org\",\"@graph\":[{\"@type\":\"WebPage\",\"@id\":\"https:\/\/www.declic-communication.fr\/de\/references-editions\/\",\"url\":\"https:\/\/www.declic-communication.fr\/de\/references-editions\/\",\"name\":\"Referenzen von Ver\u00f6ffentlichungen - D\u00e9clic Communication\",\"isPartOf\":{\"@id\":\"https:\/\/www.declic-communication.fr\/de\/#website\"},\"datePublished\":\"2021-09-29T07:35:06+00:00\",\"dateModified\":\"2022-03-23T07:59:29+00:00\",\"breadcrumb\":{\"@id\":\"https:\/\/www.declic-communication.fr\/de\/references-editions\/#breadcrumb\"},\"inLanguage\":\"de\",\"potentialAction\":[{\"@type\":\"ReadAction\",\"target\":[\"https:\/\/www.declic-communication.fr\/de\/references-editions\/\"]}]},{\"@type\":\"BreadcrumbList\",\"@id\":\"https:\/\/www.declic-communication.fr\/de\/references-editions\/#breadcrumb\",\"itemListElement\":[{\"@type\":\"ListItem\",\"position\":1,\"name\":\"Accueil\",\"item\":\"https:\/\/www.declic-communication.fr\/de\/?page_id=37042\"},{\"@type\":\"ListItem\",\"position\":2,\"name\":\"Referenzen von Ver\u00f6ffentlichungen\"}]},{\"@type\":\"WebSite\",\"@id\":\"https:\/\/www.declic-communication.fr\/de\/#website\",\"url\":\"https:\/\/www.declic-communication.fr\/de\/\",\"name\":\"D\u00e9clic Communication\",\"description\":\"Agence conseil en communication et publicit\u00e9 \u00e0 Saint-Avold en Moselle\",\"publisher\":{\"@id\":\"https:\/\/www.declic-communication.fr\/de\/#organization\"},\"potentialAction\":[{\"@type\":\"SearchAction\",\"target\":{\"@type\":\"EntryPoint\",\"urlTemplate\":\"https:\/\/www.declic-communication.fr\/de\/?s={search_term_string}\"},\"query-input\":\"required name=search_term_string\"}],\"inLanguage\":\"de\"},{\"@type\":\"Organization\",\"@id\":\"https:\/\/www.declic-communication.fr\/de\/#organization\",\"name\":\"D\u00e9clic Communication\",\"url\":\"https:\/\/www.declic-communication.fr\/de\/\",\"logo\":{\"@type\":\"ImageObject\",\"inLanguage\":\"de\",\"@id\":\"https:\/\/www.declic-communication.fr\/de\/#\/schema\/logo\/image\/\",\"url\":\"https:\/\/www.declic-communication.fr\/wp-content\/uploads\/2023\/10\/logo-declic-communication.svg\",\"contentUrl\":\"https:\/\/www.declic-communication.fr\/wp-content\/uploads\/2023\/10\/logo-declic-communication.svg\",\"width\":600,\"height\":250,\"caption\":\"D\u00e9clic Communication\"},\"image\":{\"@id\":\"https:\/\/www.declic-communication.fr\/de\/#\/schema\/logo\/image\/\"}}]}<\/script>\n<!-- \/ Yoast SEO plugin. -->","yoast_head_json":{"title":"Referenzen von Ver\u00f6ffentlichungen - D\u00e9clic Communication","robots":{"index":"index","follow":"follow","max-snippet":"max-snippet:-1","max-image-preview":"max-image-preview:large","max-video-preview":"max-video-preview:-1"},"canonical":"https:\/\/www.declic-communication.fr\/de\/references-editions\/","og_locale":"de_DE","og_type":"article","og_title":"Referenzen von Ver\u00f6ffentlichungen - D\u00e9clic Communication","og_description":"Referenzen von Ver\u00f6ffentlichungen","og_url":"https:\/\/www.declic-communication.fr\/de\/references-editions\/","og_site_name":"D\u00e9clic Communication","article_modified_time":"2022-03-23T07:59:29+00:00","twitter_card":"summary_large_image","twitter_misc":{"Gesch\u00e4tzte Lesezeit":"5\u00a0Minuten"},"schema":{"@context":"https:\/\/schema.org","@graph":[{"@type":"WebPage","@id":"https:\/\/www.declic-communication.fr\/de\/references-editions\/","url":"https:\/\/www.declic-communication.fr\/de\/references-editions\/","name":"Referenzen von Ver\u00f6ffentlichungen - D\u00e9clic Communication","isPartOf":{"@id":"https:\/\/www.declic-communication.fr\/de\/#website"},"datePublished":"2021-09-29T07:35:06+00:00","dateModified":"2022-03-23T07:59:29+00:00","breadcrumb":{"@id":"https:\/\/www.declic-communication.fr\/de\/references-editions\/#breadcrumb"},"inLanguage":"de","potentialAction":[{"@type":"ReadAction","target":["https:\/\/www.declic-communication.fr\/de\/references-editions\/"]}]},{"@type":"BreadcrumbList","@id":"https:\/\/www.declic-communication.fr\/de\/references-editions\/#breadcrumb","itemListElement":[{"@type":"ListItem","position":1,"name":"Accueil","item":"https:\/\/www.declic-communication.fr\/de\/?page_id=37042"},{"@type":"ListItem","position":2,"name":"Referenzen von Ver\u00f6ffentlichungen"}]},{"@type":"WebSite","@id":"https:\/\/www.declic-communication.fr\/de\/#website","url":"https:\/\/www.declic-communication.fr\/de\/","name":"D\u00e9clic Communication","description":"Agence conseil en communication et publicit\u00e9 \u00e0 Saint-Avold en Moselle","publisher":{"@id":"https:\/\/www.declic-communication.fr\/de\/#organization"},"potentialAction":[{"@type":"SearchAction","target":{"@type":"EntryPoint","urlTemplate":"https:\/\/www.declic-communication.fr\/de\/?s={search_term_string}"},"query-input":"required name=search_term_string"}],"inLanguage":"de"},{"@type":"Organization","@id":"https:\/\/www.declic-communication.fr\/de\/#organization","name":"D\u00e9clic Communication","url":"https:\/\/www.declic-communication.fr\/de\/","logo":{"@type":"ImageObject","inLanguage":"de","@id":"https:\/\/www.declic-communication.fr\/de\/#\/schema\/logo\/image\/","url":"https:\/\/www.declic-communication.fr\/wp-content\/uploads\/2023\/10\/logo-declic-communication.svg","contentUrl":"https:\/\/www.declic-communication.fr\/wp-content\/uploads\/2023\/10\/logo-declic-communication.svg","width":600,"height":250,"caption":"D\u00e9clic Communication"},"image":{"@id":"https:\/\/www.declic-communication.fr\/de\/#\/schema\/logo\/image\/"}}]}},"_links":{"self":[{"href":"https:\/\/www.declic-communication.fr\/de\/wp-json\/wp\/v2\/pages\/27511","targetHints":{"allow":["GET"]}}],"collection":[{"href":"https:\/\/www.declic-communication.fr\/de\/wp-json\/wp\/v2\/pages"}],"about":[{"href":"https:\/\/www.declic-communication.fr\/de\/wp-json\/wp\/v2\/types\/page"}],"author":[{"embeddable":true,"href":"https:\/\/www.declic-communication.fr\/de\/wp-json\/wp\/v2\/users\/1"}],"replies":[{"embeddable":true,"href":"https:\/\/www.declic-communication.fr\/de\/wp-json\/wp\/v2\/comments?post=27511"}],"version-history":[{"count":0,"href":"https:\/\/www.declic-communication.fr\/de\/wp-json\/wp\/v2\/pages\/27511\/revisions"}],"wp:attachment":[{"href":"https:\/\/www.declic-communication.fr\/de\/wp-json\/wp\/v2\/media?parent=27511"}],"curies":[{"name":"wp","href":"https:\/\/api.w.org\/{rel}","templated":true}]}}