{"id":27535,"date":"2021-09-24T16:29:17","date_gmt":"2021-09-24T14:29:17","guid":{"rendered":"https:\/\/www.declic-communication.fr\/retrospective\/"},"modified":"2022-02-10T14:10:51","modified_gmt":"2022-02-10T13:10:51","slug":"retrospective","status":"publish","type":"page","link":"https:\/\/www.declic-communication.fr\/de\/retrospective\/","title":{"rendered":"R\u00fcckblick"},"content":{"rendered":"\t\t<div data-elementor-type=\"wp-page\" data-elementor-id=\"27535\" class=\"elementor elementor-27535\" data-elementor-post-type=\"page\">\n\t\t\t\t\t\t<section class=\"elementor-section elementor-top-section elementor-element elementor-element-c2f8c3c elementor-section-boxed elementor-section-height-default elementor-section-height-default\" data-id=\"c2f8c3c\" data-element_type=\"section\">\n\t\t\t\t\t\t<div class=\"elementor-container elementor-column-gap-default\">\n\t\t\t\t\t<div class=\"elementor-column elementor-col-50 elementor-top-column elementor-element elementor-element-eaf2625\" data-id=\"eaf2625\" data-element_type=\"column\">\n\t\t\t<div class=\"elementor-widget-wrap elementor-element-populated\">\n\t\t\t\t\t\t<div class=\"elementor-element elementor-element-b398c13 elementor-widget elementor-widget-heading\" data-id=\"b398c13\" data-element_type=\"widget\" data-widget_type=\"heading.default\">\n\t\t\t\t<div class=\"elementor-widget-container\">\n\t\t\t\t\t<h2 class=\"elementor-heading-title elementor-size-default\">R\u00e9trospective<\/h2>\t\t\t\t<\/div>\n\t\t\t\t<\/div>\n\t\t\t\t<div class=\"elementor-element elementor-element-9abdb38 elementor-widget elementor-widget-heading\" data-id=\"9abdb38\" data-element_type=\"widget\" data-widget_type=\"heading.default\">\n\t\t\t\t<div class=\"elementor-widget-container\">\n\t\t\t\t\t<h2 class=\"elementor-heading-title elementor-size-default\">Unsere Geschichte\n\n<\/h2>\t\t\t\t<\/div>\n\t\t\t\t<\/div>\n\t\t\t\t<div class=\"elementor-element elementor-element-f08b19b elementor-widget elementor-widget-spacer\" data-id=\"f08b19b\" data-element_type=\"widget\" data-widget_type=\"spacer.default\">\n\t\t\t\t<div class=\"elementor-widget-container\">\n\t\t\t\t\t\t\t<div class=\"elementor-spacer\">\n\t\t\t<div class=\"elementor-spacer-inner\"><\/div>\n\t\t<\/div>\n\t\t\t\t\t\t<\/div>\n\t\t\t\t<\/div>\n\t\t\t\t<div class=\"elementor-element elementor-element-ea00bb0 justify elementor-widget elementor-widget-text-editor\" data-id=\"ea00bb0\" data-element_type=\"widget\" data-widget_type=\"text-editor.default\">\n\t\t\t\t<div class=\"elementor-widget-container\">\n\t\t\t\t\t\t\t\t\t<div class=\"wpb_text_column wpb_content_element \"><div class=\"wpb_wrapper\"><p>Seit 1984 alliiert D\u00e9clic Communication die Kompetenzen und die Innovationen um\u00a0 Ihre Kommunikation zu erfrischen und zu erneuern.<\/p><\/div><\/div>\t\t\t\t\t\t\t\t<\/div>\n\t\t\t\t<\/div>\n\t\t\t\t\t<\/div>\n\t\t<\/div>\n\t\t\t\t<div class=\"elementor-column elementor-col-50 elementor-top-column elementor-element elementor-element-124dd01\" data-id=\"124dd01\" data-element_type=\"column\">\n\t\t\t<div class=\"elementor-widget-wrap elementor-element-populated\">\n\t\t\t\t\t\t<div class=\"elementor-element elementor-element-f8aeba0 elementor-widget elementor-widget-spacer\" data-id=\"f8aeba0\" data-element_type=\"widget\" data-widget_type=\"spacer.default\">\n\t\t\t\t<div class=\"elementor-widget-container\">\n\t\t\t\t\t\t\t<div class=\"elementor-spacer\">\n\t\t\t<div class=\"elementor-spacer-inner\"><\/div>\n\t\t<\/div>\n\t\t\t\t\t\t<\/div>\n\t\t\t\t<\/div>\n\t\t\t\t<div class=\"elementor-element elementor-element-6f164d0 elementor-align-right elementor-tablet-align-left elementor-widget elementor-widget-button\" data-id=\"6f164d0\" data-element_type=\"widget\" data-widget_type=\"button.default\">\n\t\t\t\t<div class=\"elementor-widget-container\">\n\t\t\t\t\t\t\t\t\t<div class=\"elementor-button-wrapper\">\n\t\t\t\t\t<a class=\"elementor-button elementor-button-link elementor-size-sm\" href=\"https:\/\/www.declic-communication.fr\/contact\/\">\n\t\t\t\t\t\t<span class=\"elementor-button-content-wrapper\">\n\t\t\t\t\t\t\t\t\t<span class=\"elementor-button-text\">Kontaktieren Sie uns<\/span>\n\t\t\t\t\t<\/span>\n\t\t\t\t\t<\/a>\n\t\t\t\t<\/div>\n\t\t\t\t\t\t\t\t<\/div>\n\t\t\t\t<\/div>\n\t\t\t\t\t<\/div>\n\t\t<\/div>\n\t\t\t\t\t<\/div>\n\t\t<\/section>\n\t\t\t\t<section class=\"elementor-section elementor-top-section elementor-element elementor-element-d62ef3e elementor-section-boxed elementor-section-height-default elementor-section-height-default\" data-id=\"d62ef3e\" data-element_type=\"section\">\n\t\t\t\t\t\t<div class=\"elementor-container elementor-column-gap-default\">\n\t\t\t\t\t<div class=\"elementor-column elementor-col-100 elementor-top-column elementor-element elementor-element-4013b94\" data-id=\"4013b94\" data-element_type=\"column\">\n\t\t\t<div class=\"elementor-widget-wrap\">\n\t\t\t\t\t\t\t<\/div>\n\t\t<\/div>\n\t\t\t\t\t<\/div>\n\t\t<\/section>\n\t\t\t\t<\/div>\n\t\t","protected":false},"excerpt":{"rendered":"<p>R\u00e9trospective Unsere Geschichte Seit 1984 alliiert D\u00e9clic Communication die Kompetenzen und die Innovationen um\u00a0 Ihre Kommunikation zu erfrischen und zu erneuern. Kontaktieren Sie uns 2021 Der digitale Boom! Die Gesundheitskrise hat die Fachleute gezwungen, ihre Kommunikation und Arbeitsmethoden neu zu \u00fcberdenken. Sie m\u00fcssen sich neu erfinden, um ihre Gesch\u00e4fte weiterf\u00fchren zu k\u00f6nnen. Die Digitalisierung wurde [&hellip;]<\/p>\n","protected":false},"author":1,"featured_media":0,"parent":0,"menu_order":0,"comment_status":"closed","ping_status":"closed","template":"","meta":{"inline_featured_image":false,"footnotes":""},"class_list":["post-27535","page","type-page","status-publish","hentry"],"yoast_head":"<!-- This site is optimized with the Yoast SEO plugin v20.4 - https:\/\/yoast.com\/wordpress\/plugins\/seo\/ -->\n<title>R\u00fcckblick - D\u00e9clic Communication<\/title>\n<meta name=\"robots\" content=\"index, follow, max-snippet:-1, max-image-preview:large, max-video-preview:-1\" \/>\n<link rel=\"canonical\" href=\"https:\/\/www.declic-communication.fr\/de\/retrospective\/\" \/>\n<meta property=\"og:locale\" content=\"de_DE\" \/>\n<meta property=\"og:type\" content=\"article\" \/>\n<meta property=\"og:title\" content=\"R\u00fcckblick - D\u00e9clic Communication\" \/>\n<meta property=\"og:description\" content=\"R\u00e9trospective Unsere Geschichte Seit 1984 alliiert D\u00e9clic Communication die Kompetenzen und die Innovationen um\u00a0 Ihre Kommunikation zu erfrischen und zu erneuern. Kontaktieren Sie uns 2021 Der digitale Boom! Die Gesundheitskrise hat die Fachleute gezwungen, ihre Kommunikation und Arbeitsmethoden neu zu \u00fcberdenken. Sie m\u00fcssen sich neu erfinden, um ihre Gesch\u00e4fte weiterf\u00fchren zu k\u00f6nnen. Die Digitalisierung wurde [&hellip;]\" \/>\n<meta property=\"og:url\" content=\"https:\/\/www.declic-communication.fr\/de\/retrospective\/\" \/>\n<meta property=\"og:site_name\" content=\"D\u00e9clic Communication\" \/>\n<meta property=\"article:modified_time\" content=\"2022-02-10T13:10:51+00:00\" \/>\n<meta property=\"og:image\" content=\"https:\/\/www.declic-communication.fr\/wp-content\/uploads\/2021\/12\/declic-liberez-le-potentiel-creatif-parachutes.jpeg\" \/>\n<meta name=\"twitter:card\" content=\"summary_large_image\" \/>\n<meta name=\"twitter:label1\" content=\"Gesch\u00e4tzte Lesezeit\" \/>\n\t<meta name=\"twitter:data1\" content=\"11\u00a0Minuten\" \/>\n<script type=\"application\/ld+json\" class=\"yoast-schema-graph\">{\"@context\":\"https:\/\/schema.org\",\"@graph\":[{\"@type\":\"WebPage\",\"@id\":\"https:\/\/www.declic-communication.fr\/de\/retrospective\/\",\"url\":\"https:\/\/www.declic-communication.fr\/de\/retrospective\/\",\"name\":\"R\u00fcckblick - D\u00e9clic Communication\",\"isPartOf\":{\"@id\":\"https:\/\/www.declic-communication.fr\/de\/#website\"},\"datePublished\":\"2021-09-24T14:29:17+00:00\",\"dateModified\":\"2022-02-10T13:10:51+00:00\",\"breadcrumb\":{\"@id\":\"https:\/\/www.declic-communication.fr\/de\/retrospective\/#breadcrumb\"},\"inLanguage\":\"de\",\"potentialAction\":[{\"@type\":\"ReadAction\",\"target\":[\"https:\/\/www.declic-communication.fr\/de\/retrospective\/\"]}]},{\"@type\":\"BreadcrumbList\",\"@id\":\"https:\/\/www.declic-communication.fr\/de\/retrospective\/#breadcrumb\",\"itemListElement\":[{\"@type\":\"ListItem\",\"position\":1,\"name\":\"Accueil\",\"item\":\"https:\/\/www.declic-communication.fr\/de\/?page_id=37042\"},{\"@type\":\"ListItem\",\"position\":2,\"name\":\"R\u00fcckblick\"}]},{\"@type\":\"WebSite\",\"@id\":\"https:\/\/www.declic-communication.fr\/de\/#website\",\"url\":\"https:\/\/www.declic-communication.fr\/de\/\",\"name\":\"D\u00e9clic Communication\",\"description\":\"Agence conseil en communication et publicit\u00e9 \u00e0 Saint-Avold en Moselle\",\"publisher\":{\"@id\":\"https:\/\/www.declic-communication.fr\/de\/#organization\"},\"potentialAction\":[{\"@type\":\"SearchAction\",\"target\":{\"@type\":\"EntryPoint\",\"urlTemplate\":\"https:\/\/www.declic-communication.fr\/de\/?s={search_term_string}\"},\"query-input\":\"required name=search_term_string\"}],\"inLanguage\":\"de\"},{\"@type\":\"Organization\",\"@id\":\"https:\/\/www.declic-communication.fr\/de\/#organization\",\"name\":\"D\u00e9clic Communication\",\"url\":\"https:\/\/www.declic-communication.fr\/de\/\",\"logo\":{\"@type\":\"ImageObject\",\"inLanguage\":\"de\",\"@id\":\"https:\/\/www.declic-communication.fr\/de\/#\/schema\/logo\/image\/\",\"url\":\"https:\/\/www.declic-communication.fr\/wp-content\/uploads\/2023\/10\/logo-declic-communication.svg\",\"contentUrl\":\"https:\/\/www.declic-communication.fr\/wp-content\/uploads\/2023\/10\/logo-declic-communication.svg\",\"width\":600,\"height\":250,\"caption\":\"D\u00e9clic Communication\"},\"image\":{\"@id\":\"https:\/\/www.declic-communication.fr\/de\/#\/schema\/logo\/image\/\"}}]}<\/script>\n<!-- \/ Yoast SEO plugin. -->","yoast_head_json":{"title":"R\u00fcckblick - D\u00e9clic Communication","robots":{"index":"index","follow":"follow","max-snippet":"max-snippet:-1","max-image-preview":"max-image-preview:large","max-video-preview":"max-video-preview:-1"},"canonical":"https:\/\/www.declic-communication.fr\/de\/retrospective\/","og_locale":"de_DE","og_type":"article","og_title":"R\u00fcckblick - D\u00e9clic Communication","og_description":"R\u00e9trospective Unsere Geschichte Seit 1984 alliiert D\u00e9clic Communication die Kompetenzen und die Innovationen um\u00a0 Ihre Kommunikation zu erfrischen und zu erneuern. Kontaktieren Sie uns 2021 Der digitale Boom! Die Gesundheitskrise hat die Fachleute gezwungen, ihre Kommunikation und Arbeitsmethoden neu zu \u00fcberdenken. Sie m\u00fcssen sich neu erfinden, um ihre Gesch\u00e4fte weiterf\u00fchren zu k\u00f6nnen. Die Digitalisierung wurde [&hellip;]","og_url":"https:\/\/www.declic-communication.fr\/de\/retrospective\/","og_site_name":"D\u00e9clic Communication","article_modified_time":"2022-02-10T13:10:51+00:00","og_image":[{"url":"https:\/\/www.declic-communication.fr\/wp-content\/uploads\/2021\/12\/declic-liberez-le-potentiel-creatif-parachutes.jpeg"}],"twitter_card":"summary_large_image","twitter_misc":{"Gesch\u00e4tzte Lesezeit":"11\u00a0Minuten"},"schema":{"@context":"https:\/\/schema.org","@graph":[{"@type":"WebPage","@id":"https:\/\/www.declic-communication.fr\/de\/retrospective\/","url":"https:\/\/www.declic-communication.fr\/de\/retrospective\/","name":"R\u00fcckblick - D\u00e9clic Communication","isPartOf":{"@id":"https:\/\/www.declic-communication.fr\/de\/#website"},"datePublished":"2021-09-24T14:29:17+00:00","dateModified":"2022-02-10T13:10:51+00:00","breadcrumb":{"@id":"https:\/\/www.declic-communication.fr\/de\/retrospective\/#breadcrumb"},"inLanguage":"de","potentialAction":[{"@type":"ReadAction","target":["https:\/\/www.declic-communication.fr\/de\/retrospective\/"]}]},{"@type":"BreadcrumbList","@id":"https:\/\/www.declic-communication.fr\/de\/retrospective\/#breadcrumb","itemListElement":[{"@type":"ListItem","position":1,"name":"Accueil","item":"https:\/\/www.declic-communication.fr\/de\/?page_id=37042"},{"@type":"ListItem","position":2,"name":"R\u00fcckblick"}]},{"@type":"WebSite","@id":"https:\/\/www.declic-communication.fr\/de\/#website","url":"https:\/\/www.declic-communication.fr\/de\/","name":"D\u00e9clic Communication","description":"Agence conseil en communication et publicit\u00e9 \u00e0 Saint-Avold en Moselle","publisher":{"@id":"https:\/\/www.declic-communication.fr\/de\/#organization"},"potentialAction":[{"@type":"SearchAction","target":{"@type":"EntryPoint","urlTemplate":"https:\/\/www.declic-communication.fr\/de\/?s={search_term_string}"},"query-input":"required name=search_term_string"}],"inLanguage":"de"},{"@type":"Organization","@id":"https:\/\/www.declic-communication.fr\/de\/#organization","name":"D\u00e9clic Communication","url":"https:\/\/www.declic-communication.fr\/de\/","logo":{"@type":"ImageObject","inLanguage":"de","@id":"https:\/\/www.declic-communication.fr\/de\/#\/schema\/logo\/image\/","url":"https:\/\/www.declic-communication.fr\/wp-content\/uploads\/2023\/10\/logo-declic-communication.svg","contentUrl":"https:\/\/www.declic-communication.fr\/wp-content\/uploads\/2023\/10\/logo-declic-communication.svg","width":600,"height":250,"caption":"D\u00e9clic Communication"},"image":{"@id":"https:\/\/www.declic-communication.fr\/de\/#\/schema\/logo\/image\/"}}]}},"_links":{"self":[{"href":"https:\/\/www.declic-communication.fr\/de\/wp-json\/wp\/v2\/pages\/27535","targetHints":{"allow":["GET"]}}],"collection":[{"href":"https:\/\/www.declic-communication.fr\/de\/wp-json\/wp\/v2\/pages"}],"about":[{"href":"https:\/\/www.declic-communication.fr\/de\/wp-json\/wp\/v2\/types\/page"}],"author":[{"embeddable":true,"href":"https:\/\/www.declic-communication.fr\/de\/wp-json\/wp\/v2\/users\/1"}],"replies":[{"embeddable":true,"href":"https:\/\/www.declic-communication.fr\/de\/wp-json\/wp\/v2\/comments?post=27535"}],"version-history":[{"count":0,"href":"https:\/\/www.declic-communication.fr\/de\/wp-json\/wp\/v2\/pages\/27535\/revisions"}],"wp:attachment":[{"href":"https:\/\/www.declic-communication.fr\/de\/wp-json\/wp\/v2\/media?parent=27535"}],"curies":[{"name":"wp","href":"https:\/\/api.w.org\/{rel}","templated":true}]}}