{"id":27392,"date":"2021-09-28T14:58:32","date_gmt":"2021-09-28T12:58:32","guid":{"rendered":"https:\/\/www.declic-communication.fr\/ampagnes-emailings-et-newsletters\/"},"modified":"2022-01-06T11:45:18","modified_gmt":"2022-01-06T10:45:18","slug":"ampagnes-emailings-et-newsletters","status":"publish","type":"page","link":"https:\/\/www.declic-communication.fr\/en\/ampagnes-emailings-et-newsletters\/","title":{"rendered":"Campagnes e-mailings et newsletters"},"content":{"rendered":"\t\t<div data-elementor-type=\"wp-page\" data-elementor-id=\"27392\" class=\"elementor elementor-27392\" data-elementor-post-type=\"page\">\n\t\t\t\t\t\t<section class=\"elementor-section elementor-top-section elementor-element elementor-element-ae5400d elementor-section-height-min-height elementor-hidden-mobile elementor-section-boxed elementor-section-height-default elementor-section-items-middle\" data-id=\"ae5400d\" data-element_type=\"section\" data-settings=\"{&quot;background_background&quot;:&quot;classic&quot;}\">\n\t\t\t\t\t\t<div class=\"elementor-container elementor-column-gap-default\">\n\t\t\t\t\t<div class=\"elementor-column elementor-col-50 elementor-top-column elementor-element elementor-element-76b96021\" data-id=\"76b96021\" data-element_type=\"column\">\n\t\t\t<div class=\"elementor-widget-wrap\">\n\t\t\t\t\t\t\t<\/div>\n\t\t<\/div>\n\t\t\t\t<div class=\"elementor-column elementor-col-50 elementor-top-column elementor-element elementor-element-15693ace\" data-id=\"15693ace\" data-element_type=\"column\">\n\t\t\t<div class=\"elementor-widget-wrap elementor-element-populated\">\n\t\t\t\t\t\t<div class=\"elementor-element elementor-element-28fa8d2d elementor-widget elementor-widget-heading\" data-id=\"28fa8d2d\" data-element_type=\"widget\" data-widget_type=\"heading.default\">\n\t\t\t\t<div class=\"elementor-widget-container\">\n\t\t\t\t\t<h1 class=\"elementor-heading-title elementor-size-default\">Campagnes E-mailing et Newsletters<\/h1>\t\t\t\t<\/div>\n\t\t\t\t<\/div>\n\t\t\t\t<div class=\"elementor-element elementor-element-51462292 elementor-widget elementor-widget-heading\" data-id=\"51462292\" data-element_type=\"widget\" data-widget_type=\"heading.default\">\n\t\t\t\t<div class=\"elementor-widget-container\">\n\t\t\t\t\t<h3 class=\"elementor-heading-title elementor-size-default\">Une valeur s\u00fbre pour toucher vos prospects, clients ou collaborateurs !<\/h3>\t\t\t\t<\/div>\n\t\t\t\t<\/div>\n\t\t\t\t\t<\/div>\n\t\t<\/div>\n\t\t\t\t\t<\/div>\n\t\t<\/section>\n\t\t\t\t<section class=\"elementor-section elementor-top-section elementor-element elementor-element-3b8c5b6 elementor-section-height-min-height elementor-hidden-desktop elementor-hidden-tablet elementor-section-boxed elementor-section-height-default elementor-section-items-middle\" data-id=\"3b8c5b6\" data-element_type=\"section\" data-settings=\"{&quot;background_background&quot;:&quot;classic&quot;}\">\n\t\t\t\t\t\t\t<div class=\"elementor-background-overlay\"><\/div>\n\t\t\t\t\t\t\t<div class=\"elementor-container elementor-column-gap-default\">\n\t\t\t\t\t<div class=\"elementor-column elementor-col-100 elementor-top-column elementor-element elementor-element-37c09e4\" data-id=\"37c09e4\" data-element_type=\"column\">\n\t\t\t<div class=\"elementor-widget-wrap elementor-element-populated\">\n\t\t\t\t\t\t<div class=\"elementor-element elementor-element-ca82c3f elementor-widget elementor-widget-heading\" data-id=\"ca82c3f\" data-element_type=\"widget\" data-widget_type=\"heading.default\">\n\t\t\t\t<div class=\"elementor-widget-container\">\n\t\t\t\t\t<h1 class=\"elementor-heading-title elementor-size-default\">Campagnes E-mailing et Newsletters<\/h1>\t\t\t\t<\/div>\n\t\t\t\t<\/div>\n\t\t\t\t<div class=\"elementor-element elementor-element-b524963 elementor-widget elementor-widget-heading\" data-id=\"b524963\" data-element_type=\"widget\" data-widget_type=\"heading.default\">\n\t\t\t\t<div class=\"elementor-widget-container\">\n\t\t\t\t\t<h3 class=\"elementor-heading-title elementor-size-default\">Une valeur s\u00fbre pour toucher vos prospects, clients ou collaborateurs !<\/h3>\t\t\t\t<\/div>\n\t\t\t\t<\/div>\n\t\t\t\t\t<\/div>\n\t\t<\/div>\n\t\t\t\t\t<\/div>\n\t\t<\/section>\n\t\t\t\t<section class=\"elementor-section elementor-top-section elementor-element elementor-element-3018ddb4 elementor-reverse-mobile elementor-section-boxed elementor-section-height-default elementor-section-height-default\" data-id=\"3018ddb4\" data-element_type=\"section\">\n\t\t\t\t\t\t<div class=\"elementor-container elementor-column-gap-default\">\n\t\t\t\t\t<div class=\"elementor-column elementor-col-50 elementor-top-column elementor-element elementor-element-5bba3e21\" data-id=\"5bba3e21\" data-element_type=\"column\">\n\t\t\t<div class=\"elementor-widget-wrap elementor-element-populated\">\n\t\t\t\t\t\t<div class=\"elementor-element elementor-element-147e4f9b elementor-widget elementor-widget-heading\" data-id=\"147e4f9b\" data-element_type=\"widget\" data-widget_type=\"heading.default\">\n\t\t\t\t<div class=\"elementor-widget-container\">\n\t\t\t\t\t<h2 class=\"elementor-heading-title elementor-size-default\">Une conception optimis\u00e9e<\/h2>\t\t\t\t<\/div>\n\t\t\t\t<\/div>\n\t\t\t\t<div class=\"elementor-element elementor-element-497571bb elementor-widget elementor-widget-heading\" data-id=\"497571bb\" data-element_type=\"widget\" data-widget_type=\"heading.default\">\n\t\t\t\t<div class=\"elementor-widget-container\">\n\t\t\t\t\t<h2 class=\"elementor-heading-title elementor-size-default\">\u00e0 la hauteur de vos ambitions<\/h2>\t\t\t\t<\/div>\n\t\t\t\t<\/div>\n\t\t\t\t<div class=\"elementor-element elementor-element-764cb4cf elementor-widget elementor-widget-spacer\" data-id=\"764cb4cf\" data-element_type=\"widget\" data-widget_type=\"spacer.default\">\n\t\t\t\t<div class=\"elementor-widget-container\">\n\t\t\t\t\t\t\t<div class=\"elementor-spacer\">\n\t\t\t<div class=\"elementor-spacer-inner\"><\/div>\n\t\t<\/div>\n\t\t\t\t\t\t<\/div>\n\t\t\t\t<\/div>\n\t\t\t\t<div class=\"elementor-element elementor-element-437d8ff6 justify elementor-widget elementor-widget-text-editor\" data-id=\"437d8ff6\" data-element_type=\"widget\" data-widget_type=\"text-editor.default\">\n\t\t\t\t<div class=\"elementor-widget-container\">\n\t\t\t\t\t\t\t\t\t<p>L\u2019e-mailing peut \u00eatre utilis\u00e9\u00a0<strong>en prospection<\/strong>, pour attirer des prospects ou dans un but de\u00a0<strong>fid\u00e9lisation<\/strong>, \u00e0 travers l\u2019usage de newsletters et d\u2019e-mailings sur votre base de clients.<\/p><p>Les campagnes d\u2019e-mailings restent des\u00a0<strong>valeurs s\u00fbres<\/strong>\u00a0aupr\u00e8s de vos clients. Malgr\u00e9 la l\u00e9gislation, un e-mail sollicit\u00e9 par vos clients ou prospects a toutes les chances de remplir sa mission.<\/p><p>Op\u00e9ration commerciale ou newsletter d\u2019information,\u00a0<strong>l\u2019e-mailing r\u00e9alis\u00e9 par des professionnels est efficace<\/strong>. En plus de l\u2019efficacit\u00e9, la mesure pr\u00e9cise des taux d\u2019ouverture permet de travailler finement ses campagnes.<\/p><p>En confiant la r\u00e9alisation de vos campagnes e-mailings \u00e0 D\u00e9clic Communication, vous aurez la garantie d\u2019une<strong>\u00a0conception optimis\u00e9e<\/strong>\u00a0permettant des\u00a0<strong>taux d\u2019ouverture et de transformation optimis\u00e9s.<\/strong><\/p>\t\t\t\t\t\t\t\t<\/div>\n\t\t\t\t<\/div>\n\t\t\t\t<div class=\"elementor-element elementor-element-1d6f14a4 elementor-widget elementor-widget-button\" data-id=\"1d6f14a4\" data-element_type=\"widget\" data-widget_type=\"button.default\">\n\t\t\t\t<div class=\"elementor-widget-container\">\n\t\t\t\t\t\t\t\t\t<div class=\"elementor-button-wrapper\">\n\t\t\t\t\t<a class=\"elementor-button elementor-button-link elementor-size-sm\" href=\"https:\/\/www.declic-communication.fr\/contact\/\">\n\t\t\t\t\t\t<span class=\"elementor-button-content-wrapper\">\n\t\t\t\t\t\t\t\t\t<span class=\"elementor-button-text\">Contactez-nous<\/span>\n\t\t\t\t\t<\/span>\n\t\t\t\t\t<\/a>\n\t\t\t\t<\/div>\n\t\t\t\t\t\t\t\t<\/div>\n\t\t\t\t<\/div>\n\t\t\t\t\t<\/div>\n\t\t<\/div>\n\t\t\t\t<div class=\"elementor-column elementor-col-50 elementor-top-column elementor-element elementor-element-91b9f46\" data-id=\"91b9f46\" data-element_type=\"column\">\n\t\t\t<div class=\"elementor-widget-wrap elementor-element-populated\">\n\t\t\t\t\t\t<div class=\"elementor-element elementor-element-43bad8e9 elementor-widget elementor-widget-image\" data-id=\"43bad8e9\" data-element_type=\"widget\" data-widget_type=\"image.default\">\n\t\t\t\t<div class=\"elementor-widget-container\">\n\t\t\t\t\t\t\t\t\t\t\t\t\t\t\t<img fetchpriority=\"high\" decoding=\"async\" width=\"800\" height=\"800\" src=\"https:\/\/www.declic-communication.fr\/wp-content\/uploads\/2021\/12\/emailing-newsletter.jpg\" class=\"attachment-large size-large wp-image-25773\" alt=\"cr\u00e9ation emailing et newsletter\" srcset=\"https:\/\/www.declic-communication.fr\/wp-content\/uploads\/2021\/12\/emailing-newsletter.jpg 800w, https:\/\/www.declic-communication.fr\/wp-content\/uploads\/2021\/12\/emailing-newsletter-300x300.jpg 300w, https:\/\/www.declic-communication.fr\/wp-content\/uploads\/2021\/12\/emailing-newsletter-150x150.jpg 150w, https:\/\/www.declic-communication.fr\/wp-content\/uploads\/2021\/12\/emailing-newsletter-768x768.jpg 768w\" sizes=\"(max-width: 800px) 100vw, 800px\" \/>\t\t\t\t\t\t\t\t\t\t\t\t\t\t\t<\/div>\n\t\t\t\t<\/div>\n\t\t\t\t\t<\/div>\n\t\t<\/div>\n\t\t\t\t\t<\/div>\n\t\t<\/section>\n\t\t\t\t<section class=\"elementor-section elementor-top-section elementor-element elementor-element-1de602c7 elementor-section-boxed elementor-section-height-default elementor-section-height-default\" data-id=\"1de602c7\" data-element_type=\"section\" data-settings=\"{&quot;background_background&quot;:&quot;classic&quot;}\">\n\t\t\t\t\t\t<div class=\"elementor-container elementor-column-gap-default\">\n\t\t\t\t\t<div class=\"elementor-column elementor-col-50 elementor-top-column elementor-element elementor-element-10211b3e\" data-id=\"10211b3e\" data-element_type=\"column\" data-settings=\"{&quot;background_background&quot;:&quot;classic&quot;}\">\n\t\t\t<div class=\"elementor-widget-wrap elementor-element-populated\">\n\t\t\t\t\t\t<div class=\"elementor-element elementor-element-354e2b89 elementor-view-stacked elementor-shape-circle elementor-position-top elementor-mobile-position-top elementor-widget elementor-widget-icon-box\" data-id=\"354e2b89\" data-element_type=\"widget\" data-widget_type=\"icon-box.default\">\n\t\t\t\t<div class=\"elementor-widget-container\">\n\t\t\t\t\t\t\t<div class=\"elementor-icon-box-wrapper\">\n\n\t\t\t\t\t\t<div class=\"elementor-icon-box-icon\">\n\t\t\t\t<span  class=\"elementor-icon\">\n\t\t\t\t<i aria-hidden=\"true\" class=\"icon icon-email\"><\/i>\t\t\t\t<\/span>\n\t\t\t<\/div>\n\t\t\t\n\t\t\t\t\t\t<div class=\"elementor-icon-box-content\">\n\n\t\t\t\t\t\t\t\t\t<h3 class=\"elementor-icon-box-title\">\n\t\t\t\t\t\t<span  >\n\t\t\t\t\t\t\tCampagnes emailing ponctuelles\t\t\t\t\t\t<\/span>\n\t\t\t\t\t<\/h3>\n\t\t\t\t\n\t\t\t\t\t\t\t\t\t<p class=\"elementor-icon-box-description\">\n\t\t\t\t\t\tVous souhaitez communiquer sur votre \u00e9v\u00e9nement, votre nouveau produit ou service, faire passer un message \u00e0 vos prospects, collaborateurs ou clients ? \u2026\t\t\t\t\t<\/p>\n\t\t\t\t\n\t\t\t<\/div>\n\t\t\t\n\t\t<\/div>\n\t\t\t\t\t\t<\/div>\n\t\t\t\t<\/div>\n\t\t\t\t\t<\/div>\n\t\t<\/div>\n\t\t\t\t<div class=\"elementor-column elementor-col-50 elementor-top-column elementor-element elementor-element-db9ae46\" data-id=\"db9ae46\" data-element_type=\"column\">\n\t\t\t<div class=\"elementor-widget-wrap elementor-element-populated\">\n\t\t\t\t\t\t<div class=\"elementor-element elementor-element-61709024 elementor-widget elementor-widget-heading\" data-id=\"61709024\" data-element_type=\"widget\" data-widget_type=\"heading.default\">\n\t\t\t\t<div class=\"elementor-widget-container\">\n\t\t\t\t\t<h3 class=\"elementor-heading-title elementor-size-default\">Des\u00a0emailings uniques et sur-mesure<\/h3>\t\t\t\t<\/div>\n\t\t\t\t<\/div>\n\t\t\t\t<div class=\"elementor-element elementor-element-35ac20ed justify elementor-widget elementor-widget-text-editor\" data-id=\"35ac20ed\" data-element_type=\"widget\" data-widget_type=\"text-editor.default\">\n\t\t\t\t<div class=\"elementor-widget-container\">\n\t\t\t\t\t\t\t\t\t<p>Les\u00a0<strong>campagnes e-mailings ponctuelles<\/strong>\u00a0permettent d\u2019envoyer un\u00a0<strong>message adapt\u00e9\u00a0<\/strong>de fa\u00e7on\u00a0<strong>cibl\u00e9e et personnalis\u00e9e.<\/strong><\/p><p><a href=\"https:\/\/www.declic-communication.com\/l_equipe\/\">L\u2019\u00e9quipe D\u00e9clic Communication<\/a>\u00a0allie ses comp\u00e9tences pour r\u00e9aliser un\u00a0<strong>emailing \u00e0 la hauteur de vos ambitions<\/strong>. Nos\u00a0designers exp\u00e9riment\u00e9s con\u00e7oivent, pour vous, des\u00a0<strong>emailings uniques et sur-mesure optimis\u00e9s<\/strong>\u00a0pour obtenir un taux de clics maximal.<\/p><p><strong>Elaboration du message, cr\u00e9ation de la maquette, int\u00e9gration et diffusion de votre emailing<\/strong>, nos experts en communication digitale \u00e9laborent enti\u00e8rement votre projet.<\/p>\t\t\t\t\t\t\t\t<\/div>\n\t\t\t\t<\/div>\n\t\t\t\t\t<\/div>\n\t\t<\/div>\n\t\t\t\t\t<\/div>\n\t\t<\/section>\n\t\t\t\t<section class=\"elementor-section elementor-top-section elementor-element elementor-element-65163d0f elementor-section-boxed elementor-section-height-default elementor-section-height-default\" data-id=\"65163d0f\" data-element_type=\"section\" data-settings=\"{&quot;background_background&quot;:&quot;classic&quot;}\">\n\t\t\t\t\t\t<div class=\"elementor-container elementor-column-gap-default\">\n\t\t\t\t\t<div class=\"elementor-column elementor-col-50 elementor-top-column elementor-element elementor-element-2c171f2b\" data-id=\"2c171f2b\" data-element_type=\"column\" data-settings=\"{&quot;background_background&quot;:&quot;classic&quot;}\">\n\t\t\t<div class=\"elementor-widget-wrap elementor-element-populated\">\n\t\t\t\t\t\t<div class=\"elementor-element elementor-element-1f781819 elementor-view-stacked elementor-shape-circle elementor-position-top elementor-mobile-position-top elementor-widget elementor-widget-icon-box\" data-id=\"1f781819\" data-element_type=\"widget\" data-widget_type=\"icon-box.default\">\n\t\t\t\t<div class=\"elementor-widget-container\">\n\t\t\t\t\t\t\t<div class=\"elementor-icon-box-wrapper\">\n\n\t\t\t\t\t\t<div class=\"elementor-icon-box-icon\">\n\t\t\t\t<span  class=\"elementor-icon\">\n\t\t\t\t<i aria-hidden=\"true\" class=\"icon icon-mail\"><\/i>\t\t\t\t<\/span>\n\t\t\t<\/div>\n\t\t\t\n\t\t\t\t\t\t<div class=\"elementor-icon-box-content\">\n\n\t\t\t\t\t\t\t\t\t<h3 class=\"elementor-icon-box-title\">\n\t\t\t\t\t\t<span  >\n\t\t\t\t\t\t\tNewsletters r\u00e9guli\u00e8res\t\t\t\t\t\t<\/span>\n\t\t\t\t\t<\/h3>\n\t\t\t\t\n\t\t\t\t\t\t\t\t\t<p class=\"elementor-icon-box-description\">\n\t\t\t\t\t\tGardez le contact avec vos clients, collaborateurs ou partenaires !\t\t\t\t\t<\/p>\n\t\t\t\t\n\t\t\t<\/div>\n\t\t\t\n\t\t<\/div>\n\t\t\t\t\t\t<\/div>\n\t\t\t\t<\/div>\n\t\t\t\t\t<\/div>\n\t\t<\/div>\n\t\t\t\t<div class=\"elementor-column elementor-col-50 elementor-top-column elementor-element elementor-element-70cc2dd0\" data-id=\"70cc2dd0\" data-element_type=\"column\">\n\t\t\t<div class=\"elementor-widget-wrap elementor-element-populated\">\n\t\t\t\t\t\t<div class=\"elementor-element elementor-element-212607fa elementor-widget elementor-widget-heading\" data-id=\"212607fa\" data-element_type=\"widget\" data-widget_type=\"heading.default\">\n\t\t\t\t<div class=\"elementor-widget-container\">\n\t\t\t\t\t<h3 class=\"elementor-heading-title elementor-size-default\">Une newsletter constante et de qualit\u00e9.<\/h3>\t\t\t\t<\/div>\n\t\t\t\t<\/div>\n\t\t\t\t<div class=\"elementor-element elementor-element-505632ff justify elementor-widget elementor-widget-text-editor\" data-id=\"505632ff\" data-element_type=\"widget\" data-widget_type=\"text-editor.default\">\n\t\t\t\t<div class=\"elementor-widget-container\">\n\t\t\t\t\t\t\t\t\t<p>Nos experts en communication digitale \u00e9tablissent avec vous une ligne \u00e9ditoriale pour vos<strong>\u00a0newsletters<\/strong>. Une fois la\u00a0<strong>charte graphique \u00e9tablie<\/strong>, l\u2019\u00e9quipe d\u00e9clic\u00a0<strong>cr\u00e9e, programme et diffuse votre newsletter<\/strong>\u00a0\u00e0 votre fichier cible chaque jour, chaque semaine ou chaque mois\u2026 en fonction de la p\u00e9riodicit\u00e9 choisie.<\/p><p>Un r\u00e9el travail de\u00a0<strong>collaboration<\/strong>\u00a0se met alors en place avec vous pour<strong>\u00a0diffuser une newsletter constante et de qualit\u00e9.<\/strong><\/p><p>Nous vous proposons de g\u00e9rer<strong> la conception, la programmation et l\u2019envoi de vos newsletters<\/strong> \u00e0 vos clients et partenaires<strong>.<\/strong><\/p>\t\t\t\t\t\t\t\t<\/div>\n\t\t\t\t<\/div>\n\t\t\t\t\t<\/div>\n\t\t<\/div>\n\t\t\t\t\t<\/div>\n\t\t<\/section>\n\t\t\t\t<\/div>\n\t\t","protected":false},"excerpt":{"rendered":"<p>Campagnes E-mailing et Newsletters Une valeur s\u00fbre pour toucher vos prospects, clients ou collaborateurs ! Campagnes E-mailing et Newsletters Une valeur s\u00fbre pour toucher vos prospects, clients ou collaborateurs ! Une conception optimis\u00e9e \u00e0 la hauteur de vos ambitions L\u2019e-mailing peut \u00eatre utilis\u00e9&nbsp;en prospection, pour attirer des prospects ou dans un but de&nbsp;fid\u00e9lisation, \u00e0 travers [&hellip;]<\/p>\n","protected":false},"author":1,"featured_media":0,"parent":0,"menu_order":0,"comment_status":"closed","ping_status":"closed","template":"","meta":{"inline_featured_image":false,"footnotes":""},"class_list":["post-27392","page","type-page","status-publish","hentry"],"yoast_head":"<!-- This site is optimized with the Yoast SEO plugin v20.4 - https:\/\/yoast.com\/wordpress\/plugins\/seo\/ -->\n<title>Campagnes e-mailings et newsletters - D\u00e9clic Communication<\/title>\n<meta name=\"robots\" content=\"index, follow, max-snippet:-1, max-image-preview:large, max-video-preview:-1\" \/>\n<link rel=\"canonical\" href=\"https:\/\/www.declic-communication.fr\/en\/ampagnes-emailings-et-newsletters\/\" \/>\n<meta property=\"og:locale\" content=\"en_US\" \/>\n<meta property=\"og:type\" content=\"article\" \/>\n<meta property=\"og:title\" content=\"Campagnes e-mailings et newsletters - D\u00e9clic Communication\" \/>\n<meta property=\"og:description\" content=\"Campagnes E-mailing et Newsletters Une valeur s\u00fbre pour toucher vos prospects, clients ou collaborateurs ! Campagnes E-mailing et Newsletters Une valeur s\u00fbre pour toucher vos prospects, clients ou collaborateurs ! Une conception optimis\u00e9e \u00e0 la hauteur de vos ambitions L\u2019e-mailing peut \u00eatre utilis\u00e9&nbsp;en prospection, pour attirer des prospects ou dans un but de&nbsp;fid\u00e9lisation, \u00e0 travers [&hellip;]\" \/>\n<meta property=\"og:url\" content=\"https:\/\/www.declic-communication.fr\/en\/ampagnes-emailings-et-newsletters\/\" \/>\n<meta property=\"og:site_name\" content=\"D\u00e9clic Communication\" \/>\n<meta property=\"article:modified_time\" content=\"2022-01-06T10:45:18+00:00\" \/>\n<meta property=\"og:image\" content=\"https:\/\/www.declic-communication.fr\/wp-content\/uploads\/2021\/12\/emailing-newsletter.jpg\" \/>\n<meta name=\"twitter:card\" content=\"summary_large_image\" \/>\n<meta name=\"twitter:label1\" content=\"Est. reading time\" \/>\n\t<meta name=\"twitter:data1\" content=\"2 minutes\" \/>\n<script type=\"application\/ld+json\" class=\"yoast-schema-graph\">{\"@context\":\"https:\/\/schema.org\",\"@graph\":[{\"@type\":\"WebPage\",\"@id\":\"https:\/\/www.declic-communication.fr\/en\/ampagnes-emailings-et-newsletters\/\",\"url\":\"https:\/\/www.declic-communication.fr\/en\/ampagnes-emailings-et-newsletters\/\",\"name\":\"Campagnes e-mailings et newsletters - D\u00e9clic Communication\",\"isPartOf\":{\"@id\":\"https:\/\/www.declic-communication.fr\/en\/#website\"},\"datePublished\":\"2021-09-28T12:58:32+00:00\",\"dateModified\":\"2022-01-06T10:45:18+00:00\",\"breadcrumb\":{\"@id\":\"https:\/\/www.declic-communication.fr\/en\/ampagnes-emailings-et-newsletters\/#breadcrumb\"},\"inLanguage\":\"en-US\",\"potentialAction\":[{\"@type\":\"ReadAction\",\"target\":[\"https:\/\/www.declic-communication.fr\/en\/ampagnes-emailings-et-newsletters\/\"]}]},{\"@type\":\"BreadcrumbList\",\"@id\":\"https:\/\/www.declic-communication.fr\/en\/ampagnes-emailings-et-newsletters\/#breadcrumb\",\"itemListElement\":[{\"@type\":\"ListItem\",\"position\":1,\"name\":\"Accueil\",\"item\":\"https:\/\/www.declic-communication.fr\/en\/?page_id=37043\"},{\"@type\":\"ListItem\",\"position\":2,\"name\":\"Campagnes e-mailings et newsletters\"}]},{\"@type\":\"WebSite\",\"@id\":\"https:\/\/www.declic-communication.fr\/en\/#website\",\"url\":\"https:\/\/www.declic-communication.fr\/en\/\",\"name\":\"D\u00e9clic Communication\",\"description\":\"Agence conseil en communication et publicit\u00e9 \u00e0 Saint-Avold en Moselle\",\"publisher\":{\"@id\":\"https:\/\/www.declic-communication.fr\/en\/#organization\"},\"potentialAction\":[{\"@type\":\"SearchAction\",\"target\":{\"@type\":\"EntryPoint\",\"urlTemplate\":\"https:\/\/www.declic-communication.fr\/en\/?s={search_term_string}\"},\"query-input\":\"required name=search_term_string\"}],\"inLanguage\":\"en-US\"},{\"@type\":\"Organization\",\"@id\":\"https:\/\/www.declic-communication.fr\/en\/#organization\",\"name\":\"D\u00e9clic Communication\",\"url\":\"https:\/\/www.declic-communication.fr\/en\/\",\"logo\":{\"@type\":\"ImageObject\",\"inLanguage\":\"en-US\",\"@id\":\"https:\/\/www.declic-communication.fr\/en\/#\/schema\/logo\/image\/\",\"url\":\"https:\/\/www.declic-communication.fr\/wp-content\/uploads\/2023\/10\/logo-declic-communication.svg\",\"contentUrl\":\"https:\/\/www.declic-communication.fr\/wp-content\/uploads\/2023\/10\/logo-declic-communication.svg\",\"width\":600,\"height\":250,\"caption\":\"D\u00e9clic Communication\"},\"image\":{\"@id\":\"https:\/\/www.declic-communication.fr\/en\/#\/schema\/logo\/image\/\"}}]}<\/script>\n<!-- \/ Yoast SEO plugin. -->","yoast_head_json":{"title":"Campagnes e-mailings et newsletters - D\u00e9clic Communication","robots":{"index":"index","follow":"follow","max-snippet":"max-snippet:-1","max-image-preview":"max-image-preview:large","max-video-preview":"max-video-preview:-1"},"canonical":"https:\/\/www.declic-communication.fr\/en\/ampagnes-emailings-et-newsletters\/","og_locale":"en_US","og_type":"article","og_title":"Campagnes e-mailings et newsletters - D\u00e9clic Communication","og_description":"Campagnes E-mailing et Newsletters Une valeur s\u00fbre pour toucher vos prospects, clients ou collaborateurs ! Campagnes E-mailing et Newsletters Une valeur s\u00fbre pour toucher vos prospects, clients ou collaborateurs ! Une conception optimis\u00e9e \u00e0 la hauteur de vos ambitions L\u2019e-mailing peut \u00eatre utilis\u00e9&nbsp;en prospection, pour attirer des prospects ou dans un but de&nbsp;fid\u00e9lisation, \u00e0 travers [&hellip;]","og_url":"https:\/\/www.declic-communication.fr\/en\/ampagnes-emailings-et-newsletters\/","og_site_name":"D\u00e9clic Communication","article_modified_time":"2022-01-06T10:45:18+00:00","og_image":[{"url":"https:\/\/www.declic-communication.fr\/wp-content\/uploads\/2021\/12\/emailing-newsletter.jpg"}],"twitter_card":"summary_large_image","twitter_misc":{"Est. reading time":"2 minutes"},"schema":{"@context":"https:\/\/schema.org","@graph":[{"@type":"WebPage","@id":"https:\/\/www.declic-communication.fr\/en\/ampagnes-emailings-et-newsletters\/","url":"https:\/\/www.declic-communication.fr\/en\/ampagnes-emailings-et-newsletters\/","name":"Campagnes e-mailings et newsletters - D\u00e9clic Communication","isPartOf":{"@id":"https:\/\/www.declic-communication.fr\/en\/#website"},"datePublished":"2021-09-28T12:58:32+00:00","dateModified":"2022-01-06T10:45:18+00:00","breadcrumb":{"@id":"https:\/\/www.declic-communication.fr\/en\/ampagnes-emailings-et-newsletters\/#breadcrumb"},"inLanguage":"en-US","potentialAction":[{"@type":"ReadAction","target":["https:\/\/www.declic-communication.fr\/en\/ampagnes-emailings-et-newsletters\/"]}]},{"@type":"BreadcrumbList","@id":"https:\/\/www.declic-communication.fr\/en\/ampagnes-emailings-et-newsletters\/#breadcrumb","itemListElement":[{"@type":"ListItem","position":1,"name":"Accueil","item":"https:\/\/www.declic-communication.fr\/en\/?page_id=37043"},{"@type":"ListItem","position":2,"name":"Campagnes e-mailings et newsletters"}]},{"@type":"WebSite","@id":"https:\/\/www.declic-communication.fr\/en\/#website","url":"https:\/\/www.declic-communication.fr\/en\/","name":"D\u00e9clic Communication","description":"Agence conseil en communication et publicit\u00e9 \u00e0 Saint-Avold en Moselle","publisher":{"@id":"https:\/\/www.declic-communication.fr\/en\/#organization"},"potentialAction":[{"@type":"SearchAction","target":{"@type":"EntryPoint","urlTemplate":"https:\/\/www.declic-communication.fr\/en\/?s={search_term_string}"},"query-input":"required name=search_term_string"}],"inLanguage":"en-US"},{"@type":"Organization","@id":"https:\/\/www.declic-communication.fr\/en\/#organization","name":"D\u00e9clic Communication","url":"https:\/\/www.declic-communication.fr\/en\/","logo":{"@type":"ImageObject","inLanguage":"en-US","@id":"https:\/\/www.declic-communication.fr\/en\/#\/schema\/logo\/image\/","url":"https:\/\/www.declic-communication.fr\/wp-content\/uploads\/2023\/10\/logo-declic-communication.svg","contentUrl":"https:\/\/www.declic-communication.fr\/wp-content\/uploads\/2023\/10\/logo-declic-communication.svg","width":600,"height":250,"caption":"D\u00e9clic Communication"},"image":{"@id":"https:\/\/www.declic-communication.fr\/en\/#\/schema\/logo\/image\/"}}]}},"_links":{"self":[{"href":"https:\/\/www.declic-communication.fr\/en\/wp-json\/wp\/v2\/pages\/27392","targetHints":{"allow":["GET"]}}],"collection":[{"href":"https:\/\/www.declic-communication.fr\/en\/wp-json\/wp\/v2\/pages"}],"about":[{"href":"https:\/\/www.declic-communication.fr\/en\/wp-json\/wp\/v2\/types\/page"}],"author":[{"embeddable":true,"href":"https:\/\/www.declic-communication.fr\/en\/wp-json\/wp\/v2\/users\/1"}],"replies":[{"embeddable":true,"href":"https:\/\/www.declic-communication.fr\/en\/wp-json\/wp\/v2\/comments?post=27392"}],"version-history":[{"count":0,"href":"https:\/\/www.declic-communication.fr\/en\/wp-json\/wp\/v2\/pages\/27392\/revisions"}],"wp:attachment":[{"href":"https:\/\/www.declic-communication.fr\/en\/wp-json\/wp\/v2\/media?parent=27392"}],"curies":[{"name":"wp","href":"https:\/\/api.w.org\/{rel}","templated":true}]}}