{"id":27410,"date":"2021-09-24T16:24:41","date_gmt":"2021-09-24T14:24:41","guid":{"rendered":"https:\/\/www.declic-communication.fr\/contact\/"},"modified":"2022-01-07T09:55:20","modified_gmt":"2022-01-07T08:55:20","slug":"contact","status":"publish","type":"page","link":"https:\/\/www.declic-communication.fr\/en\/contact\/","title":{"rendered":"Contact"},"content":{"rendered":"\t\t<div data-elementor-type=\"wp-page\" data-elementor-id=\"27410\" class=\"elementor elementor-27410\" data-elementor-post-type=\"page\">\n\t\t\t\t\t\t<section class=\"elementor-section elementor-top-section elementor-element elementor-element-f5c2498 elementor-section-boxed elementor-section-height-default elementor-section-height-default\" data-id=\"f5c2498\" data-element_type=\"section\">\n\t\t\t\t\t\t<div class=\"elementor-container elementor-column-gap-default\">\n\t\t\t\t\t<div class=\"elementor-column elementor-col-100 elementor-top-column elementor-element elementor-element-eecbaa0\" data-id=\"eecbaa0\" data-element_type=\"column\">\n\t\t\t<div class=\"elementor-widget-wrap elementor-element-populated\">\n\t\t\t\t\t\t<div class=\"elementor-element elementor-element-3acaed6 elementor-widget elementor-widget-heading\" data-id=\"3acaed6\" data-element_type=\"widget\" data-widget_type=\"heading.default\">\n\t\t\t\t<div class=\"elementor-widget-container\">\n\t\t\t\t\t<h2 class=\"elementor-heading-title elementor-size-default\">Contact<\/h2>\t\t\t\t<\/div>\n\t\t\t\t<\/div>\n\t\t\t\t<div class=\"elementor-element elementor-element-552c51f elementor-widget elementor-widget-heading\" data-id=\"552c51f\" data-element_type=\"widget\" data-widget_type=\"heading.default\">\n\t\t\t\t<div class=\"elementor-widget-container\">\n\t\t\t\t\t<h2 class=\"elementor-heading-title elementor-size-default\"> Vous Avez un projet ?<\/h2>\t\t\t\t<\/div>\n\t\t\t\t<\/div>\n\t\t\t\t<div class=\"elementor-element elementor-element-c888841 elementor-widget elementor-widget-spacer\" data-id=\"c888841\" data-element_type=\"widget\" data-widget_type=\"spacer.default\">\n\t\t\t\t<div class=\"elementor-widget-container\">\n\t\t\t\t\t\t\t<div class=\"elementor-spacer\">\n\t\t\t<div class=\"elementor-spacer-inner\"><\/div>\n\t\t<\/div>\n\t\t\t\t\t\t<\/div>\n\t\t\t\t<\/div>\n\t\t\t\t<div class=\"elementor-element elementor-element-6a84f65 justify elementor-widget elementor-widget-text-editor\" data-id=\"6a84f65\" data-element_type=\"widget\" data-widget_type=\"text-editor.default\">\n\t\t\t\t<div class=\"elementor-widget-container\">\n\t\t\t\t\t\t\t\t\t<p>Contactez-nous pour en discuter<br \/><br \/><\/p>\t\t\t\t\t\t\t\t<\/div>\n\t\t\t\t<\/div>\n\t\t\t\t\t<\/div>\n\t\t<\/div>\n\t\t\t\t\t<\/div>\n\t\t<\/section>\n\t\t\t\t<section class=\"elementor-section elementor-top-section elementor-element elementor-element-1899bd8 elementor-section-boxed elementor-section-height-default elementor-section-height-default\" data-id=\"1899bd8\" data-element_type=\"section\" data-settings=\"{&quot;background_background&quot;:&quot;classic&quot;}\">\n\t\t\t\t\t\t<div class=\"elementor-container elementor-column-gap-default\">\n\t\t\t\t\t<div class=\"elementor-column elementor-col-33 elementor-top-column elementor-element elementor-element-347cd09\" data-id=\"347cd09\" data-element_type=\"column\">\n\t\t\t<div class=\"elementor-widget-wrap elementor-element-populated\">\n\t\t\t\t\t\t<div class=\"elementor-element elementor-element-0863d58 elementor-widget elementor-widget-heading\" data-id=\"0863d58\" data-element_type=\"widget\" data-widget_type=\"heading.default\">\n\t\t\t\t<div class=\"elementor-widget-container\">\n\t\t\t\t\t<h3 class=\"elementor-heading-title elementor-size-default\">Contact details<\/h3>\t\t\t\t<\/div>\n\t\t\t\t<\/div>\n\t\t\t\t<div class=\"elementor-element elementor-element-705811e elementor-widget-divider--view-line elementor-widget elementor-widget-divider\" data-id=\"705811e\" data-element_type=\"widget\" data-widget_type=\"divider.default\">\n\t\t\t\t<div class=\"elementor-widget-container\">\n\t\t\t\t\t\t\t<div class=\"elementor-divider\">\n\t\t\t<span class=\"elementor-divider-separator\">\n\t\t\t\t\t\t<\/span>\n\t\t<\/div>\n\t\t\t\t\t\t<\/div>\n\t\t\t\t<\/div>\n\t\t\t\t<div class=\"elementor-element elementor-element-cd26f88 elementor-widget elementor-widget-text-editor\" data-id=\"cd26f88\" data-element_type=\"widget\" data-widget_type=\"text-editor.default\">\n\t\t\t\t<div class=\"elementor-widget-container\">\n\t\t\t\t\t\t\t\t\t<p><strong>D\u00e9clic Communication<\/strong><br \/>2 avenue des Alli\u00e9s<br \/>BP 40312<br \/>57508 SAINT-AVOLD<\/p><p><strong>T\u00e9l. : <\/strong>+33 (0)3 87 92 81 00<br \/><strong>Fax : <\/strong>+33 (0)3 87 92 86 10<\/p>\t\t\t\t\t\t\t\t<\/div>\n\t\t\t\t<\/div>\n\t\t\t\t\t<\/div>\n\t\t<\/div>\n\t\t\t\t<div class=\"elementor-column elementor-col-66 elementor-top-column elementor-element elementor-element-b10697c\" data-id=\"b10697c\" data-element_type=\"column\">\n\t\t\t<div class=\"elementor-widget-wrap elementor-element-populated\">\n\t\t\t\t\t\t<div class=\"elementor-element elementor-element-8b7d024 elementor-widget elementor-widget-heading\" data-id=\"8b7d024\" data-element_type=\"widget\" data-widget_type=\"heading.default\">\n\t\t\t\t<div class=\"elementor-widget-container\">\n\t\t\t\t\t<h3 class=\"elementor-heading-title elementor-size-default\">Contact us<\/h3>\t\t\t\t<\/div>\n\t\t\t\t<\/div>\n\t\t\t\t<div class=\"elementor-element elementor-element-e653857 elementor-widget-divider--view-line elementor-widget elementor-widget-divider\" data-id=\"e653857\" data-element_type=\"widget\" data-widget_type=\"divider.default\">\n\t\t\t\t<div class=\"elementor-widget-container\">\n\t\t\t\t\t\t\t<div class=\"elementor-divider\">\n\t\t\t<span class=\"elementor-divider-separator\">\n\t\t\t\t\t\t<\/span>\n\t\t<\/div>\n\t\t\t\t\t\t<\/div>\n\t\t\t\t<\/div>\n\t\t\t\t<div class=\"elementor-element elementor-element-8ea4a0f elementor-widget elementor-widget-elementskit-contact-form7\" data-id=\"8ea4a0f\" data-element_type=\"widget\" data-widget_type=\"elementskit-contact-form7.default\">\n\t\t\t\t<div class=\"elementor-widget-container\">\n\t\t\t\t\t<div class=\"ekit-wid-con\" ><div class=\"ekit-form\">\n<div class=\"wpcf7 no-js\" id=\"wpcf7-f18163-p27410-o1\" lang=\"fr-FR\" dir=\"ltr\">\n<div class=\"screen-reader-response\"><p role=\"status\" aria-live=\"polite\" aria-atomic=\"true\"><\/p> <ul><\/ul><\/div>\n<form action=\"\/en\/contact\/#wpcf7-f18163-p27410-o1\" method=\"post\" class=\"wpcf7-form init\" aria-label=\"Formulaire de contact\" novalidate=\"novalidate\" data-status=\"init\">\n<div style=\"display: none;\">\n<input type=\"hidden\" name=\"_wpcf7\" value=\"18163\" \/>\n<input type=\"hidden\" name=\"_wpcf7_version\" value=\"5.7.5.1\" \/>\n<input type=\"hidden\" name=\"_wpcf7_locale\" value=\"fr_FR\" \/>\n<input type=\"hidden\" name=\"_wpcf7_unit_tag\" value=\"wpcf7-f18163-p27410-o1\" \/>\n<input type=\"hidden\" name=\"_wpcf7_container_post\" value=\"27410\" \/>\n<input type=\"hidden\" name=\"_wpcf7_posted_data_hash\" value=\"\" \/>\n<input type=\"hidden\" name=\"_wpcf7cf_hidden_group_fields\" value=\"[]\" \/>\n<input type=\"hidden\" name=\"_wpcf7cf_hidden_groups\" value=\"[]\" \/>\n<input type=\"hidden\" name=\"_wpcf7cf_visible_groups\" value=\"[]\" \/>\n<input type=\"hidden\" name=\"_wpcf7cf_repeaters\" value=\"[]\" \/>\n<input type=\"hidden\" name=\"_wpcf7cf_steps\" value=\"{}\" \/>\n<input type=\"hidden\" name=\"_wpcf7cf_options\" value=\"{&quot;form_id&quot;:18163,&quot;conditions&quot;:[],&quot;settings&quot;:{&quot;animation&quot;:&quot;yes&quot;,&quot;animation_intime&quot;:200,&quot;animation_outtime&quot;:200,&quot;conditions_ui&quot;:&quot;normal&quot;,&quot;notice_dismissed&quot;:false,&quot;notice_dismissed_rollback-cf7-5.4.2&quot;:true,&quot;notice_dismissed_rollback-cf7-5.6.4&quot;:true,&quot;notice_dismissed_update-cf7-5.9.8&quot;:true}}\" \/>\n<input type=\"hidden\" name=\"_wpcf7_recaptcha_response\" value=\"\" \/>\n<\/div>\n<div id=\"responsive-form\" class=\"clearfix\">\n\t<div class=\"form-row\">\n\t\t<div class=\"column-half\">\n\t\t\t<p><span class=\"wpcf7-form-control-wrap\" data-name=\"sonprenom\"><input size=\"40\" class=\"wpcf7-form-control wpcf7-text wpcf7-validates-as-required\" aria-required=\"true\" aria-invalid=\"false\" placeholder=\"First name *\" value=\"\" type=\"text\" name=\"sonprenom\" \/><\/span>\n\t\t\t<\/p>\n\t\t<\/div>\n\t\t<div class=\"column-half\">\n\t\t\t<p><span class=\"wpcf7-form-control-wrap\" data-name=\"sonnom\"><input size=\"40\" class=\"wpcf7-form-control wpcf7-text wpcf7-validates-as-required\" aria-required=\"true\" aria-invalid=\"false\" placeholder=\"Name *\" value=\"\" type=\"text\" name=\"sonnom\" \/><\/span>\n\t\t\t<\/p>\n\t\t<\/div>\n\t<\/div>\n\t<div class=\"form-row\">\n\t\t<div class=\"column-full\">\n\t\t\t<p><span class=\"wpcf7-form-control-wrap\" data-name=\"sonentreprise\"><input size=\"40\" class=\"wpcf7-form-control wpcf7-text\" aria-invalid=\"false\" placeholder=\"Company or community\" value=\"\" type=\"text\" name=\"sonentreprise\" \/><\/span>\n\t\t\t<\/p>\n\t\t<\/div>\n\t<\/div>\n\t<div class=\"form-row\">\n\t\t<div class=\"column-full\">\n\t\t\t<p><span class=\"wpcf7-form-control-wrap\" data-name=\"sonadresse\"><input size=\"40\" class=\"wpcf7-form-control wpcf7-text\" aria-invalid=\"false\" placeholder=\"Adress\" value=\"\" type=\"text\" name=\"sonadresse\" \/><\/span>\n\t\t\t<\/p>\n\t\t<\/div>\n\t<\/div>\n\t<div class=\"form-row\">\n\t\t<div class=\"column-half\">\n\t\t\t<p><span class=\"wpcf7-form-control-wrap\" data-name=\"soncodepostal\"><input size=\"40\" class=\"wpcf7-form-control wpcf7-text\" aria-invalid=\"false\" placeholder=\"ZIP\" value=\"\" type=\"text\" name=\"soncodepostal\" \/><\/span>\n\t\t\t<\/p>\n\t\t<\/div>\n\t\t<div class=\"column-half\">\n\t\t\t<p><span class=\"wpcf7-form-control-wrap\" data-name=\"saville\"><input size=\"40\" class=\"wpcf7-form-control wpcf7-text\" aria-invalid=\"false\" placeholder=\"City\" value=\"\" type=\"text\" name=\"saville\" \/><\/span>\n\t\t\t<\/p>\n\t\t<\/div>\n\t<\/div>\n\t<div class=\"form-row\">\n\t\t<div class=\"column-half\">\n\t\t\t<p><span class=\"wpcf7-form-control-wrap\" data-name=\"sonemail\"><input size=\"40\" class=\"wpcf7-form-control wpcf7-text wpcf7-email wpcf7-validates-as-required wpcf7-validates-as-email\" aria-required=\"true\" aria-invalid=\"false\" placeholder=\"Email *\" value=\"\" type=\"email\" name=\"sonemail\" \/><\/span>\n\t\t\t<\/p>\n\t\t<\/div>\n\t\t<div class=\"column-half\">\n\t\t\t<p><span class=\"wpcf7-form-control-wrap\" data-name=\"sonphone\"><input size=\"40\" class=\"wpcf7-form-control wpcf7-text wpcf7-validates-as-required\" aria-required=\"true\" aria-invalid=\"false\" placeholder=\"Phone *\" value=\"\" type=\"text\" name=\"sonphone\" \/><\/span>\n\t\t\t<\/p>\n\t\t<\/div>\n\t<\/div>\n\t<div class=\"form-row\">\n\t\t<div class=\"column-full\">\n\t\t\t<p><span class=\"wpcf7-form-control-wrap\" data-name=\"sonmessage\"><textarea cols=\"40\" rows=\"10\" class=\"wpcf7-form-control wpcf7-textarea\" aria-invalid=\"false\" placeholder=\"Message\" name=\"sonmessage\"><\/textarea><\/span>\n\t\t\t<\/p>\n\t\t<\/div>\n\t<\/div>\n\t<div class=\"form-row\">\n\t\t<div class=\"column-full\">\n\t\t\t<p><span class=\"wpcf7-form-control-wrap\" data-name=\"acceptance-375\"><span class=\"wpcf7-form-control wpcf7-acceptance\"><span class=\"wpcf7-list-item\"><input type=\"checkbox\" name=\"acceptance-375\" value=\"1\" aria-invalid=\"false\" \/><\/span><\/span><\/span>I confirm that I have read the information relating to the collection and management of my data via this form.\n\t\t\t<\/p>\n\t\t\t<p>The information collected by D\u00e9clic Communication via this form is used to process your particular request and send you commercial information related to our company. To request the modification or deletion of your information, <a href=\"https:\/\/www.declic-communication.com\/en\/gestion-des-donnees\/\">click here<\/a>.\n\t\t\t<\/p>\n\t\t<\/div>\n\t<\/div>\n\t<div class=\"form-row\">\n\t\t<div class=\"column-full\">\n\t\t\t<center>\nFields marked with a * are mandatory.\n\t\t\t<\/center>\n\t\t<\/div>\n\t<\/div>\n\n<!-- Captcha -->\n\t<div class = \"form-row\">\n\t\t<div class = \"column-full\">\n\t\t<hr \/>\n\t\t<\/div>\n\t<\/div>\n\t<div class = \"form-row\">\n\t\t<div class = \"column-full recaptcha-style\">\n\t\t\t<p><small> This site is protected by reCAPTCHA and Google's <a href=\"https:\/\/policies.google.com\/privacy\" target=\"_blank\"> privacy policy <\/a> and <a href = \" https:\/\/policies.google.com\/terms \"target =\" _ blank \"> terms and conditions <\/a> apply. <\/small>\n\t\t\t<\/p>\n\t\t<\/div>\n\t<\/div>\n<!-- End Captcha -->\n<\/div><!--end responsive-form--><div class=\"wpcf7-response-output\" aria-hidden=\"true\"><\/div>\n<\/form>\n<\/div>\n<\/div><\/div>\t\t\t\t<\/div>\n\t\t\t\t<\/div>\n\t\t\t\t\t<\/div>\n\t\t<\/div>\n\t\t\t\t\t<\/div>\n\t\t<\/section>\n\t\t\t\t<\/div>\n\t\t","protected":false},"excerpt":{"rendered":"<p>Contact Vous Avez un projet ? Contactez-nous pour en discuter Contact details D\u00e9clic Communication2 avenue des Alli\u00e9sBP 4031257508 SAINT-AVOLD T\u00e9l. : +33 (0)3 87 92 81 00Fax : +33 (0)3 87 92 86 10 Contact us I confirm that I have read the information relating to the collection and management of my data via this [&hellip;]<\/p>\n","protected":false},"author":1,"featured_media":0,"parent":0,"menu_order":0,"comment_status":"closed","ping_status":"closed","template":"","meta":{"inline_featured_image":false,"footnotes":""},"class_list":["post-27410","page","type-page","status-publish","hentry"],"yoast_head":"<!-- This site is optimized with the Yoast SEO plugin v20.4 - https:\/\/yoast.com\/wordpress\/plugins\/seo\/ -->\n<title>Contact - D\u00e9clic Communication<\/title>\n<meta name=\"robots\" content=\"index, follow, max-snippet:-1, max-image-preview:large, max-video-preview:-1\" \/>\n<link rel=\"canonical\" href=\"https:\/\/www.declic-communication.fr\/en\/contact\/\" \/>\n<meta property=\"og:locale\" content=\"en_US\" \/>\n<meta property=\"og:type\" content=\"article\" \/>\n<meta property=\"og:title\" content=\"Contact - D\u00e9clic Communication\" \/>\n<meta property=\"og:description\" content=\"Contact Vous Avez un projet ? Contactez-nous pour en discuter Contact details D\u00e9clic Communication2 avenue des Alli\u00e9sBP 4031257508 SAINT-AVOLD T\u00e9l. : +33 (0)3 87 92 81 00Fax : +33 (0)3 87 92 86 10 Contact us I confirm that I have read the information relating to the collection and management of my data via this [&hellip;]\" \/>\n<meta property=\"og:url\" content=\"https:\/\/www.declic-communication.fr\/en\/contact\/\" \/>\n<meta property=\"og:site_name\" content=\"D\u00e9clic Communication\" \/>\n<meta property=\"article:modified_time\" content=\"2022-01-07T08:55:20+00:00\" \/>\n<meta name=\"twitter:card\" content=\"summary_large_image\" \/>\n<meta name=\"twitter:label1\" content=\"Est. reading time\" \/>\n\t<meta name=\"twitter:data1\" content=\"1 minute\" \/>\n<script type=\"application\/ld+json\" class=\"yoast-schema-graph\">{\"@context\":\"https:\/\/schema.org\",\"@graph\":[{\"@type\":\"WebPage\",\"@id\":\"https:\/\/www.declic-communication.fr\/en\/contact\/\",\"url\":\"https:\/\/www.declic-communication.fr\/en\/contact\/\",\"name\":\"Contact - D\u00e9clic Communication\",\"isPartOf\":{\"@id\":\"https:\/\/www.declic-communication.fr\/en\/#website\"},\"datePublished\":\"2021-09-24T14:24:41+00:00\",\"dateModified\":\"2022-01-07T08:55:20+00:00\",\"breadcrumb\":{\"@id\":\"https:\/\/www.declic-communication.fr\/en\/contact\/#breadcrumb\"},\"inLanguage\":\"en-US\",\"potentialAction\":[{\"@type\":\"ReadAction\",\"target\":[\"https:\/\/www.declic-communication.fr\/en\/contact\/\"]}]},{\"@type\":\"BreadcrumbList\",\"@id\":\"https:\/\/www.declic-communication.fr\/en\/contact\/#breadcrumb\",\"itemListElement\":[{\"@type\":\"ListItem\",\"position\":1,\"name\":\"Accueil\",\"item\":\"https:\/\/www.declic-communication.fr\/en\/?page_id=37043\"},{\"@type\":\"ListItem\",\"position\":2,\"name\":\"Contact\"}]},{\"@type\":\"WebSite\",\"@id\":\"https:\/\/www.declic-communication.fr\/en\/#website\",\"url\":\"https:\/\/www.declic-communication.fr\/en\/\",\"name\":\"D\u00e9clic Communication\",\"description\":\"Agence conseil en communication et publicit\u00e9 \u00e0 Saint-Avold en Moselle\",\"publisher\":{\"@id\":\"https:\/\/www.declic-communication.fr\/en\/#organization\"},\"potentialAction\":[{\"@type\":\"SearchAction\",\"target\":{\"@type\":\"EntryPoint\",\"urlTemplate\":\"https:\/\/www.declic-communication.fr\/en\/?s={search_term_string}\"},\"query-input\":\"required name=search_term_string\"}],\"inLanguage\":\"en-US\"},{\"@type\":\"Organization\",\"@id\":\"https:\/\/www.declic-communication.fr\/en\/#organization\",\"name\":\"D\u00e9clic Communication\",\"url\":\"https:\/\/www.declic-communication.fr\/en\/\",\"logo\":{\"@type\":\"ImageObject\",\"inLanguage\":\"en-US\",\"@id\":\"https:\/\/www.declic-communication.fr\/en\/#\/schema\/logo\/image\/\",\"url\":\"https:\/\/www.declic-communication.fr\/wp-content\/uploads\/2023\/10\/logo-declic-communication.svg\",\"contentUrl\":\"https:\/\/www.declic-communication.fr\/wp-content\/uploads\/2023\/10\/logo-declic-communication.svg\",\"width\":600,\"height\":250,\"caption\":\"D\u00e9clic Communication\"},\"image\":{\"@id\":\"https:\/\/www.declic-communication.fr\/en\/#\/schema\/logo\/image\/\"}}]}<\/script>\n<!-- \/ Yoast SEO plugin. -->","yoast_head_json":{"title":"Contact - D\u00e9clic Communication","robots":{"index":"index","follow":"follow","max-snippet":"max-snippet:-1","max-image-preview":"max-image-preview:large","max-video-preview":"max-video-preview:-1"},"canonical":"https:\/\/www.declic-communication.fr\/en\/contact\/","og_locale":"en_US","og_type":"article","og_title":"Contact - D\u00e9clic Communication","og_description":"Contact Vous Avez un projet ? Contactez-nous pour en discuter Contact details D\u00e9clic Communication2 avenue des Alli\u00e9sBP 4031257508 SAINT-AVOLD T\u00e9l. : +33 (0)3 87 92 81 00Fax : +33 (0)3 87 92 86 10 Contact us I confirm that I have read the information relating to the collection and management of my data via this [&hellip;]","og_url":"https:\/\/www.declic-communication.fr\/en\/contact\/","og_site_name":"D\u00e9clic Communication","article_modified_time":"2022-01-07T08:55:20+00:00","twitter_card":"summary_large_image","twitter_misc":{"Est. reading time":"1 minute"},"schema":{"@context":"https:\/\/schema.org","@graph":[{"@type":"WebPage","@id":"https:\/\/www.declic-communication.fr\/en\/contact\/","url":"https:\/\/www.declic-communication.fr\/en\/contact\/","name":"Contact - D\u00e9clic Communication","isPartOf":{"@id":"https:\/\/www.declic-communication.fr\/en\/#website"},"datePublished":"2021-09-24T14:24:41+00:00","dateModified":"2022-01-07T08:55:20+00:00","breadcrumb":{"@id":"https:\/\/www.declic-communication.fr\/en\/contact\/#breadcrumb"},"inLanguage":"en-US","potentialAction":[{"@type":"ReadAction","target":["https:\/\/www.declic-communication.fr\/en\/contact\/"]}]},{"@type":"BreadcrumbList","@id":"https:\/\/www.declic-communication.fr\/en\/contact\/#breadcrumb","itemListElement":[{"@type":"ListItem","position":1,"name":"Accueil","item":"https:\/\/www.declic-communication.fr\/en\/?page_id=37043"},{"@type":"ListItem","position":2,"name":"Contact"}]},{"@type":"WebSite","@id":"https:\/\/www.declic-communication.fr\/en\/#website","url":"https:\/\/www.declic-communication.fr\/en\/","name":"D\u00e9clic Communication","description":"Agence conseil en communication et publicit\u00e9 \u00e0 Saint-Avold en Moselle","publisher":{"@id":"https:\/\/www.declic-communication.fr\/en\/#organization"},"potentialAction":[{"@type":"SearchAction","target":{"@type":"EntryPoint","urlTemplate":"https:\/\/www.declic-communication.fr\/en\/?s={search_term_string}"},"query-input":"required name=search_term_string"}],"inLanguage":"en-US"},{"@type":"Organization","@id":"https:\/\/www.declic-communication.fr\/en\/#organization","name":"D\u00e9clic Communication","url":"https:\/\/www.declic-communication.fr\/en\/","logo":{"@type":"ImageObject","inLanguage":"en-US","@id":"https:\/\/www.declic-communication.fr\/en\/#\/schema\/logo\/image\/","url":"https:\/\/www.declic-communication.fr\/wp-content\/uploads\/2023\/10\/logo-declic-communication.svg","contentUrl":"https:\/\/www.declic-communication.fr\/wp-content\/uploads\/2023\/10\/logo-declic-communication.svg","width":600,"height":250,"caption":"D\u00e9clic Communication"},"image":{"@id":"https:\/\/www.declic-communication.fr\/en\/#\/schema\/logo\/image\/"}}]}},"_links":{"self":[{"href":"https:\/\/www.declic-communication.fr\/en\/wp-json\/wp\/v2\/pages\/27410","targetHints":{"allow":["GET"]}}],"collection":[{"href":"https:\/\/www.declic-communication.fr\/en\/wp-json\/wp\/v2\/pages"}],"about":[{"href":"https:\/\/www.declic-communication.fr\/en\/wp-json\/wp\/v2\/types\/page"}],"author":[{"embeddable":true,"href":"https:\/\/www.declic-communication.fr\/en\/wp-json\/wp\/v2\/users\/1"}],"replies":[{"embeddable":true,"href":"https:\/\/www.declic-communication.fr\/en\/wp-json\/wp\/v2\/comments?post=27410"}],"version-history":[{"count":0,"href":"https:\/\/www.declic-communication.fr\/en\/wp-json\/wp\/v2\/pages\/27410\/revisions"}],"wp:attachment":[{"href":"https:\/\/www.declic-communication.fr\/en\/wp-json\/wp\/v2\/media?parent=27410"}],"curies":[{"name":"wp","href":"https:\/\/api.w.org\/{rel}","templated":true}]}}