{"id":27492,"date":"2021-09-24T16:21:40","date_gmt":"2021-09-24T14:21:40","guid":{"rendered":"https:\/\/www.declic-communication.fr\/demande-de-rendez-vous\/"},"modified":"2022-01-06T12:25:27","modified_gmt":"2022-01-06T11:25:27","slug":"demande-de-rendez-vous","status":"publish","type":"page","link":"https:\/\/www.declic-communication.fr\/en\/demande-de-rendez-vous\/","title":{"rendered":"Demande de rendez-vous"},"content":{"rendered":"\t\t<div data-elementor-type=\"wp-page\" data-elementor-id=\"27492\" class=\"elementor elementor-27492\" data-elementor-post-type=\"page\">\n\t\t\t\t\t\t<section class=\"elementor-section elementor-top-section elementor-element elementor-element-2e566c1 elementor-section-boxed elementor-section-height-default elementor-section-height-default\" data-id=\"2e566c1\" data-element_type=\"section\">\n\t\t\t\t\t\t<div class=\"elementor-container elementor-column-gap-default\">\n\t\t\t\t\t<div class=\"elementor-column elementor-col-100 elementor-top-column elementor-element elementor-element-f8811ad\" data-id=\"f8811ad\" data-element_type=\"column\">\n\t\t\t<div class=\"elementor-widget-wrap elementor-element-populated\">\n\t\t\t\t\t\t<div class=\"elementor-element elementor-element-f2f04f0 elementor-widget elementor-widget-heading\" data-id=\"f2f04f0\" data-element_type=\"widget\" data-widget_type=\"heading.default\">\n\t\t\t\t<div class=\"elementor-widget-container\">\n\t\t\t\t\t<h2 class=\"elementor-heading-title elementor-size-default\">1h de conseils<\/h2>\t\t\t\t<\/div>\n\t\t\t\t<\/div>\n\t\t\t\t<div class=\"elementor-element elementor-element-3b2c5f0 elementor-widget elementor-widget-heading\" data-id=\"3b2c5f0\" data-element_type=\"widget\" data-widget_type=\"heading.default\">\n\t\t\t\t<div class=\"elementor-widget-container\">\n\t\t\t\t\t<h2 class=\"elementor-heading-title elementor-size-default\">R\u00e9servez en ligne votre rendez-vous conseils en communication gratuit avec l'un de nos experts !<\/h2>\t\t\t\t<\/div>\n\t\t\t\t<\/div>\n\t\t\t\t<div class=\"elementor-element elementor-element-bc75afb elementor-widget elementor-widget-image\" data-id=\"bc75afb\" data-element_type=\"widget\" data-widget_type=\"image.default\">\n\t\t\t\t<div class=\"elementor-widget-container\">\n\t\t\t\t\t\t\t\t\t\t\t\t\t\t\t<img fetchpriority=\"high\" decoding=\"async\" width=\"2560\" height=\"560\" src=\"https:\/\/www.declic-communication.fr\/wp-content\/uploads\/2021\/10\/1h-de-conseils-en-communication-gratuit.jpg\" class=\"attachment-full size-full wp-image-24760\" alt=\"\" srcset=\"https:\/\/www.declic-communication.fr\/wp-content\/uploads\/2021\/10\/1h-de-conseils-en-communication-gratuit.jpg 2560w, https:\/\/www.declic-communication.fr\/wp-content\/uploads\/2021\/10\/1h-de-conseils-en-communication-gratuit-300x66.jpg 300w, https:\/\/www.declic-communication.fr\/wp-content\/uploads\/2021\/10\/1h-de-conseils-en-communication-gratuit-1200x263.jpg 1200w, https:\/\/www.declic-communication.fr\/wp-content\/uploads\/2021\/10\/1h-de-conseils-en-communication-gratuit-768x168.jpg 768w, https:\/\/www.declic-communication.fr\/wp-content\/uploads\/2021\/10\/1h-de-conseils-en-communication-gratuit-1536x336.jpg 1536w, https:\/\/www.declic-communication.fr\/wp-content\/uploads\/2021\/10\/1h-de-conseils-en-communication-gratuit-2048x448.jpg 2048w\" sizes=\"(max-width: 2560px) 100vw, 2560px\" \/>\t\t\t\t\t\t\t\t\t\t\t\t\t\t\t<\/div>\n\t\t\t\t<\/div>\n\t\t\t\t<div class=\"elementor-element elementor-element-49d4b12 elementor-widget elementor-widget-text-editor\" data-id=\"49d4b12\" data-element_type=\"widget\" data-widget_type=\"text-editor.default\">\n\t\t\t\t<div class=\"elementor-widget-container\">\n\t\t\t\t\t\t\t\t\t<p>Nos experts en communication vous proposent <strong>1h de conseils en communication gratuitement !<\/strong> Un rendez-vous t\u00e9l\u00e9phonique qui vous permettra d&#8217;y <strong>voir plus clair sur votre strat\u00e9gie de communication<\/strong>. Nos experts vous <strong>donneront des solutions performantes pour booster votre visibilit\u00e9<\/strong> en fonction de vos besoins.<\/p><p>Vous pouvez faire votre <strong>demande de rendez-vous directement en ligne<\/strong> via le formulaire ci-dessous. Vous recevrez une <strong>confirmation par mail<\/strong> de votre rendez-vous avec l&#8217;un de <strong>nos conseillers.<\/strong><\/p>\t\t\t\t\t\t\t\t<\/div>\n\t\t\t\t<\/div>\n\t\t\t\t\t<\/div>\n\t\t<\/div>\n\t\t\t\t\t<\/div>\n\t\t<\/section>\n\t\t\t\t<section class=\"elementor-section elementor-top-section elementor-element elementor-element-ccc0b4b elementor-section-boxed elementor-section-height-default elementor-section-height-default\" data-id=\"ccc0b4b\" data-element_type=\"section\" data-settings=\"{&quot;background_background&quot;:&quot;classic&quot;}\">\n\t\t\t\t\t\t<div class=\"elementor-container elementor-column-gap-default\">\n\t\t\t\t\t<div class=\"elementor-column elementor-col-100 elementor-top-column elementor-element elementor-element-18193f5\" data-id=\"18193f5\" data-element_type=\"column\">\n\t\t\t<div class=\"elementor-widget-wrap elementor-element-populated\">\n\t\t\t\t\t\t<div class=\"elementor-element elementor-element-acf6245 elementor-widget elementor-widget-html\" data-id=\"acf6245\" data-element_type=\"widget\" data-widget_type=\"html.default\">\n\t\t\t\t<div class=\"elementor-widget-container\">\n\t\t\t\t\t<!--\nPlugin Name: Bookly \u2013 Responsive WordPress Appointment Booking and Scheduling Plugin\nPlugin URI: https:\/\/www.booking-wp-plugin.com\/?utm_source=bookly_admin&utm_medium=plugins_page&utm_campaign=plugins_page\nVersion: 24.1-->\n    <style type=\"text\/css\">\n        :root {\n            --bookly-main-color: #f4662f !important;\n        }\n\n        .bookly-form .fill-bookly {\n            fill: #f4662f;\n        }\n\n        \/* Color *\/\n        .bookly-form .bookly-form-group > label,\n        .bookly-form .bookly-label-error,\n        .bookly-form .bookly-progress-tracker > .active,\n        .bookly-form .bookly-columnizer .bookly-hour span.bookly-waiting-list,\n        .bookly-form .hover\\:text-bookly:hover,\n        .bookly-form .text-bookly:not(:hover),\n        .bookly-form .hover\\:text-bookly:hover {\n            color: #f4662f !important;\n        }\n\n        \/* Background *\/\n        .bookly-form .bookly-progress-tracker > .active .step,\n        .bookly-form .bookly-columnizer .bookly-hour:active .bookly-hour-icon span,\n        .bookly-form .bookly-btn,\n        .bookly-form .bookly-btn:active,\n        .bookly-form .bookly-btn:focus,\n        .bookly-form .bookly-btn:hover,\n        .bookly-form .bookly-btn-submit,\n        .bookly-form .bookly-round,\n        .bookly-form .bookly-square,\n        .bookly-form .bookly-pagination > li.active,\n        .bookly-form .bg-bookly,\n        .bookly-form .hover\\:bg-bookly:hover,\n        .bookly-form .bg-bookly-not-hover:not(:hover) {\n            background-color: #f4662f !important;\n        }\n\n        .bookly-form .bookly-triangle {\n            border-bottom-color: #f4662f !important;\n        }\n\n        \/* Border *\/\n        .bookly-form input[type=\"text\"].bookly-error,\n        .bookly-form input[type=\"password\"].bookly-error,\n        .bookly-form select.bookly-error,\n        .bookly-form textarea.bookly-error,\n        .bookly-form .bookly-week-days.bookly-error,\n        .bookly-extra-step div.bookly-extras-thumb.bookly-extras-selected {\n            border: 2px solid #f4662f !important;\n        }\n\n        \/* Other *\/\n        .bookly-form .bookly-columnizer .bookly-day, .bookly-form .bookly-schedule-date {\n            background: #f4662f !important;\n            border: 1px solid #f4662f !important;\n        }\n\n        .bookly-form .bookly-pagination > li.active a {\n            border: 1px solid #f4662f !important;\n        }\n\n        .bookly-form .bookly-columnizer .bookly-hour:active {\n            border: 2px solid #f4662f !important;\n            color: #f4662f !important;\n        }\n\n        .bookly-form .bookly-columnizer .bookly-hour:active .bookly-hour-icon {\n            background: none;\n            border: 2px solid #f4662f !important;\n            color: #f4662f !important;\n            width: auto;\n            height: auto;\n            padding: 3px;\n            border-radius: 25px;\n            margin-right: 3px;\n        }\n\n        .bookly-form .bookly-columnizer .bookly-hour:active .bookly-hour-icon span {\n            background-color: #f4662f !important;\n            width: 8px;\n            height: 8px;\n            border-radius: 10px;\n            display: block;\n        }\n\n        @media (hover) {\n            .bookly-form .bookly-columnizer .bookly-hour:hover {\n                border: 2px solid #f4662f !important;\n                color: #f4662f !important;\n            }\n\n            .bookly-form .bookly-columnizer .bookly-hour:hover .bookly-hour-icon {\n                background: none;\n                border: 2px solid #f4662f !important;\n                color: #f4662f !important;\n            }\n\n            .bookly-form .bookly-columnizer .bookly-hour:hover .bookly-hour-icon span {\n                background-color: #f4662f !important;\n            }\n        }\n    <\/style>\n\n<div id=\"bookly-form-69d01046c10bc\" class=\"bookly-form bookly-tailwind-container\" data-form_id=\"69d01046c10bc\" aria-live=\"polite\">\n    <div style=\"text-align: center\"><img decoding=\"async\" src=\"https:\/\/www.declic-communication.fr\/wp-includes\/js\/tinymce\/skins\/lightgray\/img\/loader.gif\" alt=\"Loading...\"\/><\/div>\n<\/div>\n<script type=\"text\/javascript\">\n    (function (win, fn) {\n        var done = false, top = true,\n            doc = win.document,\n            root = doc.documentElement,\n            modern = doc.addEventListener,\n            add = modern ? 'addEventListener' : 'attachEvent',\n            rem = modern ? 'removeEventListener' : 'detachEvent',\n            pre = modern ? '' : 'on',\n            init = function (e) {\n                if (e.type == 'readystatechange') if (doc.readyState != 'complete') return;\n                (e.type == 'load' ? win : doc)[rem](pre + e.type, init, false);\n                if (!done) {\n                    done = true;\n                    fn.call(win, e.type || e);\n                }\n            },\n            poll = function () {\n                try {\n                    root.doScroll('left');\n                } catch (e) {\n                    setTimeout(poll, 50);\n                    return;\n                }\n                init('poll');\n            };\n        if (doc.readyState == 'complete') fn.call(win, 'lazy');\n        else {\n            if (!modern) if (root.doScroll) {\n                try {\n                    top = !win.frameElement;\n                } catch (e) {\n                }\n                if (top) poll();\n            }\n            doc[add](pre + 'DOMContentLoaded', init, false);\n            doc[add](pre + 'readystatechange', init, false);\n            win[add](pre + 'load', init, false);\n        }\n    })(window, function () {\n        window.bookly( {\"form_id\":\"69d01046c10bc\",\"status\":{\"booking\":\"new\"},\"skip_steps\":{\"service_part1\":0,\"service_part2\":0,\"extras\":1,\"time\":0,\"repeat\":1,\"cart\":1},\"errors\":{\"session_error\":\"Session error.\",\"form_id_error\":\"Form ID error.\",\"cart_item_not_available\":\"Le cr\\u00e9neau horaire s\\u00e9lectionn\\u00e9 n'est plus disponible. Merci d'en choisir un autre.\",\"pay_locally_not_available\":\"Pay locally is not available.\",\"invalid_gateway\":\"Invalid gateway.\",\"payment_error\":\"Error.\",\"incorrect_username_password\":\"Incorrect username or password.\"},\"form_attributes\":{\"hide_categories\":true,\"hide_services\":true,\"hide_staff_members\":false,\"show_number_of_persons\":false,\"hide_service_duration\":true,\"hide_locations\":true,\"hide_quantity\":true,\"hide_date\":false,\"hide_week_days\":false,\"hide_time_range\":false},\"use_client_time_zone\":0,\"defaults\":{\"service_id\":1,\"staff_id\":0,\"location_id\":0,\"category_id\":0},\"datepicker_mode\":\"text-accent\",\"facebook\":{\"enabled\":0,\"appId\":\"\"}} );\n    });\n<\/script>\t\t\t\t<\/div>\n\t\t\t\t<\/div>\n\t\t\t\t\t<\/div>\n\t\t<\/div>\n\t\t\t\t\t<\/div>\n\t\t<\/section>\n\t\t\t\t<\/div>\n\t\t","protected":false},"excerpt":{"rendered":"<p>1h de conseils R\u00e9servez en ligne votre rendez-vous conseils en communication gratuit avec l&#8217;un de nos experts ! Nos experts en communication vous proposent 1h de conseils en communication gratuitement ! Un rendez-vous t\u00e9l\u00e9phonique qui vous permettra d&#8217;y voir plus clair sur votre strat\u00e9gie de communication. Nos experts vous donneront des solutions performantes pour booster [&hellip;]<\/p>\n","protected":false},"author":1,"featured_media":0,"parent":0,"menu_order":0,"comment_status":"closed","ping_status":"closed","template":"","meta":{"inline_featured_image":false,"footnotes":""},"class_list":["post-27492","page","type-page","status-publish","hentry"],"yoast_head":"<!-- This site is optimized with the Yoast SEO plugin v20.4 - https:\/\/yoast.com\/wordpress\/plugins\/seo\/ -->\n<title>Demande de rendez-vous - D\u00e9clic Communication<\/title>\n<meta name=\"robots\" content=\"index, follow, max-snippet:-1, max-image-preview:large, max-video-preview:-1\" \/>\n<link rel=\"canonical\" href=\"https:\/\/www.declic-communication.fr\/en\/demande-de-rendez-vous\/\" \/>\n<meta property=\"og:locale\" content=\"en_US\" \/>\n<meta property=\"og:type\" content=\"article\" \/>\n<meta property=\"og:title\" content=\"Demande de rendez-vous - D\u00e9clic Communication\" \/>\n<meta property=\"og:description\" content=\"1h de conseils R\u00e9servez en ligne votre rendez-vous conseils en communication gratuit avec l&#8217;un de nos experts ! Nos experts en communication vous proposent 1h de conseils en communication gratuitement ! Un rendez-vous t\u00e9l\u00e9phonique qui vous permettra d&#8217;y voir plus clair sur votre strat\u00e9gie de communication. Nos experts vous donneront des solutions performantes pour booster [&hellip;]\" \/>\n<meta property=\"og:url\" content=\"https:\/\/www.declic-communication.fr\/en\/demande-de-rendez-vous\/\" \/>\n<meta property=\"og:site_name\" content=\"D\u00e9clic Communication\" \/>\n<meta property=\"article:modified_time\" content=\"2022-01-06T11:25:27+00:00\" \/>\n<meta property=\"og:image\" content=\"https:\/\/www.declic-communication.fr\/wp-content\/uploads\/2021\/10\/1h-de-conseils-en-communication-gratuit.jpg\" \/>\n<meta name=\"twitter:card\" content=\"summary_large_image\" \/>\n<meta name=\"twitter:label1\" content=\"Est. reading time\" \/>\n\t<meta name=\"twitter:data1\" content=\"1 minute\" \/>\n<script type=\"application\/ld+json\" class=\"yoast-schema-graph\">{\"@context\":\"https:\/\/schema.org\",\"@graph\":[{\"@type\":\"WebPage\",\"@id\":\"https:\/\/www.declic-communication.fr\/en\/demande-de-rendez-vous\/\",\"url\":\"https:\/\/www.declic-communication.fr\/en\/demande-de-rendez-vous\/\",\"name\":\"Demande de rendez-vous - D\u00e9clic Communication\",\"isPartOf\":{\"@id\":\"https:\/\/www.declic-communication.fr\/en\/#website\"},\"datePublished\":\"2021-09-24T14:21:40+00:00\",\"dateModified\":\"2022-01-06T11:25:27+00:00\",\"breadcrumb\":{\"@id\":\"https:\/\/www.declic-communication.fr\/en\/demande-de-rendez-vous\/#breadcrumb\"},\"inLanguage\":\"en-US\",\"potentialAction\":[{\"@type\":\"ReadAction\",\"target\":[\"https:\/\/www.declic-communication.fr\/en\/demande-de-rendez-vous\/\"]}]},{\"@type\":\"BreadcrumbList\",\"@id\":\"https:\/\/www.declic-communication.fr\/en\/demande-de-rendez-vous\/#breadcrumb\",\"itemListElement\":[{\"@type\":\"ListItem\",\"position\":1,\"name\":\"Accueil\",\"item\":\"https:\/\/www.declic-communication.fr\/en\/?page_id=37043\"},{\"@type\":\"ListItem\",\"position\":2,\"name\":\"Demande de rendez-vous\"}]},{\"@type\":\"WebSite\",\"@id\":\"https:\/\/www.declic-communication.fr\/en\/#website\",\"url\":\"https:\/\/www.declic-communication.fr\/en\/\",\"name\":\"D\u00e9clic Communication\",\"description\":\"Agence conseil en communication et publicit\u00e9 \u00e0 Saint-Avold en Moselle\",\"publisher\":{\"@id\":\"https:\/\/www.declic-communication.fr\/en\/#organization\"},\"potentialAction\":[{\"@type\":\"SearchAction\",\"target\":{\"@type\":\"EntryPoint\",\"urlTemplate\":\"https:\/\/www.declic-communication.fr\/en\/?s={search_term_string}\"},\"query-input\":\"required name=search_term_string\"}],\"inLanguage\":\"en-US\"},{\"@type\":\"Organization\",\"@id\":\"https:\/\/www.declic-communication.fr\/en\/#organization\",\"name\":\"D\u00e9clic Communication\",\"url\":\"https:\/\/www.declic-communication.fr\/en\/\",\"logo\":{\"@type\":\"ImageObject\",\"inLanguage\":\"en-US\",\"@id\":\"https:\/\/www.declic-communication.fr\/en\/#\/schema\/logo\/image\/\",\"url\":\"https:\/\/www.declic-communication.fr\/wp-content\/uploads\/2023\/10\/logo-declic-communication.svg\",\"contentUrl\":\"https:\/\/www.declic-communication.fr\/wp-content\/uploads\/2023\/10\/logo-declic-communication.svg\",\"width\":600,\"height\":250,\"caption\":\"D\u00e9clic Communication\"},\"image\":{\"@id\":\"https:\/\/www.declic-communication.fr\/en\/#\/schema\/logo\/image\/\"}}]}<\/script>\n<!-- \/ Yoast SEO plugin. -->","yoast_head_json":{"title":"Demande de rendez-vous - D\u00e9clic Communication","robots":{"index":"index","follow":"follow","max-snippet":"max-snippet:-1","max-image-preview":"max-image-preview:large","max-video-preview":"max-video-preview:-1"},"canonical":"https:\/\/www.declic-communication.fr\/en\/demande-de-rendez-vous\/","og_locale":"en_US","og_type":"article","og_title":"Demande de rendez-vous - D\u00e9clic Communication","og_description":"1h de conseils R\u00e9servez en ligne votre rendez-vous conseils en communication gratuit avec l&#8217;un de nos experts ! Nos experts en communication vous proposent 1h de conseils en communication gratuitement ! Un rendez-vous t\u00e9l\u00e9phonique qui vous permettra d&#8217;y voir plus clair sur votre strat\u00e9gie de communication. Nos experts vous donneront des solutions performantes pour booster [&hellip;]","og_url":"https:\/\/www.declic-communication.fr\/en\/demande-de-rendez-vous\/","og_site_name":"D\u00e9clic Communication","article_modified_time":"2022-01-06T11:25:27+00:00","og_image":[{"url":"https:\/\/www.declic-communication.fr\/wp-content\/uploads\/2021\/10\/1h-de-conseils-en-communication-gratuit.jpg"}],"twitter_card":"summary_large_image","twitter_misc":{"Est. reading time":"1 minute"},"schema":{"@context":"https:\/\/schema.org","@graph":[{"@type":"WebPage","@id":"https:\/\/www.declic-communication.fr\/en\/demande-de-rendez-vous\/","url":"https:\/\/www.declic-communication.fr\/en\/demande-de-rendez-vous\/","name":"Demande de rendez-vous - D\u00e9clic Communication","isPartOf":{"@id":"https:\/\/www.declic-communication.fr\/en\/#website"},"datePublished":"2021-09-24T14:21:40+00:00","dateModified":"2022-01-06T11:25:27+00:00","breadcrumb":{"@id":"https:\/\/www.declic-communication.fr\/en\/demande-de-rendez-vous\/#breadcrumb"},"inLanguage":"en-US","potentialAction":[{"@type":"ReadAction","target":["https:\/\/www.declic-communication.fr\/en\/demande-de-rendez-vous\/"]}]},{"@type":"BreadcrumbList","@id":"https:\/\/www.declic-communication.fr\/en\/demande-de-rendez-vous\/#breadcrumb","itemListElement":[{"@type":"ListItem","position":1,"name":"Accueil","item":"https:\/\/www.declic-communication.fr\/en\/?page_id=37043"},{"@type":"ListItem","position":2,"name":"Demande de rendez-vous"}]},{"@type":"WebSite","@id":"https:\/\/www.declic-communication.fr\/en\/#website","url":"https:\/\/www.declic-communication.fr\/en\/","name":"D\u00e9clic Communication","description":"Agence conseil en communication et publicit\u00e9 \u00e0 Saint-Avold en Moselle","publisher":{"@id":"https:\/\/www.declic-communication.fr\/en\/#organization"},"potentialAction":[{"@type":"SearchAction","target":{"@type":"EntryPoint","urlTemplate":"https:\/\/www.declic-communication.fr\/en\/?s={search_term_string}"},"query-input":"required name=search_term_string"}],"inLanguage":"en-US"},{"@type":"Organization","@id":"https:\/\/www.declic-communication.fr\/en\/#organization","name":"D\u00e9clic Communication","url":"https:\/\/www.declic-communication.fr\/en\/","logo":{"@type":"ImageObject","inLanguage":"en-US","@id":"https:\/\/www.declic-communication.fr\/en\/#\/schema\/logo\/image\/","url":"https:\/\/www.declic-communication.fr\/wp-content\/uploads\/2023\/10\/logo-declic-communication.svg","contentUrl":"https:\/\/www.declic-communication.fr\/wp-content\/uploads\/2023\/10\/logo-declic-communication.svg","width":600,"height":250,"caption":"D\u00e9clic Communication"},"image":{"@id":"https:\/\/www.declic-communication.fr\/en\/#\/schema\/logo\/image\/"}}]}},"_links":{"self":[{"href":"https:\/\/www.declic-communication.fr\/en\/wp-json\/wp\/v2\/pages\/27492","targetHints":{"allow":["GET"]}}],"collection":[{"href":"https:\/\/www.declic-communication.fr\/en\/wp-json\/wp\/v2\/pages"}],"about":[{"href":"https:\/\/www.declic-communication.fr\/en\/wp-json\/wp\/v2\/types\/page"}],"author":[{"embeddable":true,"href":"https:\/\/www.declic-communication.fr\/en\/wp-json\/wp\/v2\/users\/1"}],"replies":[{"embeddable":true,"href":"https:\/\/www.declic-communication.fr\/en\/wp-json\/wp\/v2\/comments?post=27492"}],"version-history":[{"count":0,"href":"https:\/\/www.declic-communication.fr\/en\/wp-json\/wp\/v2\/pages\/27492\/revisions"}],"wp:attachment":[{"href":"https:\/\/www.declic-communication.fr\/en\/wp-json\/wp\/v2\/media?parent=27492"}],"curies":[{"name":"wp","href":"https:\/\/api.w.org\/{rel}","templated":true}]}}